	
	
	
	
{"id":17046,"date":"2025-05-11T07:38:05","date_gmt":"2025-05-11T05:38:05","guid":{"rendered":"https:\/\/www.grintoura.fr\/product\/office-de-tourisme-de-dijon\/"},"modified":"2025-05-11T07:38:05","modified_gmt":"2025-05-11T05:38:05","slug":"office-de-tourisme-de-dijon","status":"publish","type":"product","link":"https:\/\/www.grintoura.fr\/en\/product\/office-de-tourisme-de-dijon\/","title":{"rendered":"Office de Tourisme de Dijon"},"content":{"rendered":"<p>Destination culturelle par excellence, Dijon est la capitale de la grande r\u00e9gion Bourgogne\u2013Franche-Comt\u00e9, situ\u00e9e au centre-est de la France. Couronn\u00e9e du label \u00ab\u2009Ville d\u2019art et d\u2019histoire\u2009\u00bb, elle pr\u00e9sente un vaste secteur sauvegard\u00e9 de 97 hectares.<br \/>\nCe dernier est d\u00e9sormais inscrit au patrimoine mondial de l\u2019UNESCO dans le cadre des Climats du vignoble de Bourgogne.<\/p>\n<p>&nbsp;<\/p>\n<p><strong>Fl\u00e2ner dans le centre historique de Dijon<\/strong><\/p>\n<p>Dijon r\u00e9serve au visiteur un centre-ville enti\u00e8rement pi\u00e9ton. Maisons \u00e0 colombages, \u00e9glises romanes et gothiques, h\u00f4tels particuliers des 17e et 18e si\u00e8cles, soulignent majestueusement les rues m\u00e9di\u00e9vales de l\u2019ancienne capitale des ducs de Bourgogne.<\/p>\n<p>Pour ne rien manquer du patrimoine architectural de la ville, optez pour la visite \u00ab Dijon D\u00e9couverte \u00bbconduite par un guide de l\u2019office de tourisme. Sinon, <a href=\"https:\/\/www.destinationdijon.com\/activites-loisirs\/parcours-de-la-chouette\/\" target=\"_blank\" rel=\"noopener\"><em>suivez la chouette<\/em><\/a> qui ponctue les ruelles pav\u00e9es du secteur sauvegard\u00e9. Depuis la place Darcy, elle vous conduira jusqu\u2019\u00e0 l\u2019originale perch\u00e9e sur un contrefort de l\u2019\u00e9glise Notre-Dame. Caressez-la de la main gauche\u00a0: la l\u00e9gende dit qu\u2019elle exaucera vos v\u0153ux\u00a0!<\/p>\n<p>&nbsp;<\/p>\n<p><strong>Le palais des ducs de Bourgogne<\/strong><\/p>\n<p>Situ\u00e9 en plein c\u0153ur de la cit\u00e9, le palais des ducs et des \u00c9tats de Bourgogne demeure le monument le plus embl\u00e9matique de Dijon. Au centre, il abrite l\u2019h\u00f4tel de ville surmont\u00e9 par <a href=\"https:\/\/www.destinationdijon.com\/patrimoine-culturel\/tour-philippe-le-bon\/\" target=\"_blank\" rel=\"noopener\"><em>la tour Philippe le Bon<\/em><\/a>. La vigie du 15e si\u00e8cle r\u00e9serve <a href=\"https:\/\/www.destinationdijon.com\/moments-a-vivre\/ma-vue-panoramique-a-46-metres-de-haut\/\" target=\"_blank\" rel=\"noopener\"><em>une vue panoramique \u00e0 46 m\u00e8tres de haut sur la ville aux cent clochers.<\/em><\/a><\/p>\n<p>Le mus\u00e9e des Beaux-Arts occupe l\u2019aile orientale du palais depuis 1799. Enti\u00e8rement r\u00e9nov\u00e9, il pr\u00e9sente une collection de 1500 \u0153uvres d\u2019art r\u00e9parties dans 50 salles. Il s\u2019inscrit parmi les plus riches des mus\u00e9es fran\u00e7ais.<\/p>\n<p>&nbsp;<\/p>\n<p><a href=\"https:\/\/www.destinationdijon.com\/activites-loisirs\/parcours-de-la-chouette\/\" target=\"_blank\" rel=\"noopener\"><em><strong>Parcours de la Chouette<\/strong><\/em><\/a><\/p>\n<p>Dans sa version traditionnelle, ce parcours dans le centre historique en 22 \u00e9tapes vous invite non seulement \u00e0 savourer le charme de Dijon, mais aussi \u00e0 remonter dans le temps et dans l&rsquo;histoire de notre ville. Depuis 2011, agr\u00e9ment\u00e9 de 3 boucles, soit 15 \u00e9tapes suppl\u00e9mentaires, il permet d\u00e9sormais de d\u00e9couvrir d&rsquo;autres facettes de Dijon : le quartier Jean-Jacques Rousseau, le quartier Zola et l&rsquo;acc\u00e8s au Puits de Mo\u00efse et \u00e0 la Chartreuse de Champmol. Livret en vente aux points d&rsquo;accueil de l&rsquo;office de tourisme de Dijon.<\/p>\n<p>Suivez aussi la chouette sur votre smartphone ! Muni de votre smartphone Android, suivez les fl\u00e8ches et remontez le temps ! Partez \u00e0 la d\u00e9couverte de l&rsquo;histoire de Dijon et savourez le charme de l&rsquo;ancienne capitale des ducs de Bourgogne ! L&rsquo;application vous propose le point de d\u00e9part le plus proche et vous avertira \u00e0 l&rsquo;approche d&rsquo;un point d&rsquo;int\u00e9r\u00eat !<\/p>\n<p>O\u00f9 se procurer l&rsquo;application?<br \/>\nL&rsquo;application est disponible pour Android :<br \/>\n&#8211; Application du Parcours de le Chouette sur Google Play: http:\/\/bit.ly\/2IxOtEy<\/p>\n<p>&nbsp;<\/p>\n<p><a href=\"https:\/\/www.destinationdijon.com\/destination\/la-cite-internationale-de-la-gastronomie-et-du-vin\/\" target=\"_blank\" rel=\"noopener\"><strong>La cit\u00e9 internationale de la gastronomie et du vin<\/strong><\/a><\/p>\n<p>Capitale gastronomique et ville viticole, Dijon est r\u00e9put\u00e9e pour ses sp\u00e9cialit\u00e9s culinaires : la moutarde, les escargots, la cr\u00e8me de cassis, le chocolat et le pain d\u2019\u00e9pices\u2026 Install\u00e9e au c\u0153ur de la ville, la Cit\u00e9 internationale de la gastronomie et du vin vous r\u00e9serve des centaines d\u2019exp\u00e9riences \u00e0 vivre et \u00e0 d\u00e9guster : expositions, village gastronomique, d\u00e9gustations de vins, ateliers, restaurants, cin\u00e9ma\u2026<\/p>\n<p>&nbsp;<\/p>","protected":false},"excerpt":{"rendered":"<p>Destination culturelle par excellence, Dijon est la capitale de la grande r\u00e9gion Bourgogne\u2013Franche-Comt\u00e9, situ\u00e9e au centre-est de la France. Couronn\u00e9e du label \u00ab\u2009Ville d\u2019art et d\u2019histoire\u2009\u00bb, elle pr\u00e9sente un vaste secteur sauvegard\u00e9 de 97 hectares. Ce dernier est d\u00e9sormais inscrit au patrimoine mondial de l\u2019UNESCO dans le cadre des Climats du vignoble de Bourgogne. &nbsp; [&hellip;]<\/p>","protected":false},"featured_media":0,"template":"","meta":[],"product_cat":[21],"product_tag":[],"_links":{"self":[{"href":"https:\/\/www.grintoura.fr\/en\/wp-json\/wp\/v2\/product\/17046"}],"collection":[{"href":"https:\/\/www.grintoura.fr\/en\/wp-json\/wp\/v2\/product"}],"about":[{"href":"https:\/\/www.grintoura.fr\/en\/wp-json\/wp\/v2\/types\/product"}],"wp:attachment":[{"href":"https:\/\/www.grintoura.fr\/en\/wp-json\/wp\/v2\/media?parent=17046"}],"wp:term":[{"taxonomy":"product_cat","embeddable":true,"href":"https:\/\/www.grintoura.fr\/en\/wp-json\/wp\/v2\/product_cat?post=17046"},{"taxonomy":"product_tag","embeddable":true,"href":"https:\/\/www.grintoura.fr\/en\/wp-json\/wp\/v2\/product_tag?post=17046"}],"curies":[{"name":"wp","href":"https:\/\/api.w.org\/{rel}","templated":true}]}}