	
	
	
	
{"id":16858,"date":"2025-05-02T22:51:39","date_gmt":"2025-05-02T20:51:39","guid":{"rendered":"https:\/\/www.grintoura.fr\/product\/chez-mamie-vignoble-klur\/"},"modified":"2025-05-03T14:04:59","modified_gmt":"2025-05-03T12:04:59","slug":"chez-mamie-vignoble-klur","status":"publish","type":"product","link":"https:\/\/www.grintoura.fr\/en\/product\/chez-mamie-vignoble-klur\/","title":{"rendered":"Chez Mamie \u2013 Vignoble Klur"},"content":{"rendered":"<p>Notre ecolieu, le Vignoble KLUR se trouve \u00e0 Katzenthal, le petit village en bout de route dans le Parc Naturel des Ballons des Vosges, \u00e0 proximit\u00e9 imm\u00e9diate de la route des vins d&rsquo;Alsace. Un havre de calme, respectueux de votre bien \u00eatre et tout proche de tout ce que vous aurez envie d&rsquo;entreprendre.<\/p>\n<p>Vous disposez ici de lieux de s\u00e9jour avec jardin et entr\u00e9e priv\u00e9e pour des vacances en famille, \u00e0 1, 4 ou 8 en toute s\u00e9curit\u00e9. Boulangerie est restaurants dans le village. Sentiers de randonn\u00e9e sous toutes les formes devant la porte, ateliers de d\u00e9couverte des vins nature r\u00e9serv\u00e9 \u00e0 nos h\u00f4tes. La r\u00e9sidence dispose d&rsquo;un garage \u00e0 v\u00e9los s\u00e9curis\u00e9 avec quelques outils d&rsquo;entretien.<\/p>\n<ul>\n<li><strong>Chez Mamie:<\/strong><\/li>\n<\/ul>\n<p>Appartement fleuri pour 2 personnes de plain pied\u00a0 avec la terrasse. Les animaux de compagnie sont les bienvenus. Tr\u00e8s lumineux il ouvre un peu plus loin\u00a0 sur le jardin collectif et dispose d&rsquo;une terrasse attenante. Il convient aux parents voyageant avec leur b\u00e9b\u00e9. Lit de voyage et chaise haute peuvent \u00eatre mis \u00e0 disposition sur demande. Entr\u00e9e ind\u00e9pendante, acc\u00e8s par un escalier ext\u00e9rieur. Vous pouvez r\u00e9server l&rsquo;espace sauna de la r\u00e9sidence de mani\u00e8re privatis\u00e9e pour 2h. Un espace-laverie est disponible \u00e9galement moyennant une petite contribution<\/p>","protected":false},"excerpt":{"rendered":"<p>Notre ecolieu, le Vignoble KLUR se trouve \u00e0 Katzenthal, le petit village en bout de route dans le Parc Naturel des Ballons des Vosges, \u00e0 proximit\u00e9 imm\u00e9diate de la route des vins d&rsquo;Alsace. Un havre de calme, respectueux de votre bien \u00eatre et tout proche de tout ce que vous aurez envie d&rsquo;entreprendre. Vous disposez [&hellip;]<\/p>","protected":false},"featured_media":0,"template":"","meta":[],"product_cat":[21],"product_tag":[],"_links":{"self":[{"href":"https:\/\/www.grintoura.fr\/en\/wp-json\/wp\/v2\/product\/16858"}],"collection":[{"href":"https:\/\/www.grintoura.fr\/en\/wp-json\/wp\/v2\/product"}],"about":[{"href":"https:\/\/www.grintoura.fr\/en\/wp-json\/wp\/v2\/types\/product"}],"wp:attachment":[{"href":"https:\/\/www.grintoura.fr\/en\/wp-json\/wp\/v2\/media?parent=16858"}],"wp:term":[{"taxonomy":"product_cat","embeddable":true,"href":"https:\/\/www.grintoura.fr\/en\/wp-json\/wp\/v2\/product_cat?post=16858"},{"taxonomy":"product_tag","embeddable":true,"href":"https:\/\/www.grintoura.fr\/en\/wp-json\/wp\/v2\/product_tag?post=16858"}],"curies":[{"name":"wp","href":"https:\/\/api.w.org\/{rel}","templated":true}]}}