	
	
	
	
{"id":16526,"date":"2025-04-07T11:48:31","date_gmt":"2025-04-07T09:48:31","guid":{"rendered":"https:\/\/www.grintoura.fr\/product\/visite-dun-sous-marin-et-dun-aquarium-en-normandie\/"},"modified":"2025-04-07T11:48:31","modified_gmt":"2025-04-07T09:48:31","slug":"visite-dun-sous-marin-et-dun-aquarium-en-normandie","status":"publish","type":"product","link":"https:\/\/www.grintoura.fr\/en\/product\/visite-dun-sous-marin-et-dun-aquarium-en-normandie\/","title":{"rendered":"Visite d\u2019un sous-marin et d\u2019un aquarium en Normandie"},"content":{"rendered":"<p><strong>La Cit\u00e9 de la Mer :<\/strong> un parc de loisirs unique en Normandie \u00e0 d\u00e9couvrir en famille<br \/>\nSitu\u00e9e \u00e0 Cherbourg, en Normandie, La Cit\u00e9 de la Mer est un lieu unique qui vous invite \u00e0 plonger au c\u0153ur des oc\u00e9ans. V\u00e9ritable parc de loisirs touristique et culturel, notre site abrite plusieurs parcours d\u2019expositions, dont \u201cL\u2019Oc\u00e9an du Futur\u201d avec son impressionnant Aquarium Abyssal, l\u2019un des plus profonds d\u2019Europe. Avec ses 17 bassins, l\u2019aquarium propose une immersion fascinante dans la biodiversit\u00e9 marine.<\/p>\n<p>D\u00e9couvrez \u00e9galement Le Redoutable, le premier sous-marin nucl\u00e9aire lanceur d\u2019engins fran\u00e7ais, et le plus grand sous-marin visitable au monde. Long de 128 m\u00e8tres, il vous offre une exploration exceptionnelle des espaces de vie des sous-mariniers, tels que la salle des machines, le poste de commandement et les cabines d\u2019\u00e9quipage, gr\u00e2ce \u00e0 une visite audioguid\u00e9e \u00e0 bord. Ce g\u00e9ant des mers de 8000 tonnes incarne l\u2019histoire strat\u00e9gique de la Marine Nationale.<\/p>\n<p>Une aventure captivante pour petits et grands, entre fonds marins et exploration technologique !<\/p>\n<p>&nbsp;<\/p>\n<p><strong>Le parc th\u00e9matique La Cit\u00e9 de la Mer en quelques mots<\/strong><br \/>\nLa Cit\u00e9 de la Mer \u00e0 Cherbourg est un parc \u00e0 th\u00e8me incontournable, m\u00ealant parc de loisirs et mus\u00e9e oc\u00e9anographique pour une immersion au c\u0153ur des oc\u00e9ans. Son exp\u00e9rience phare, Le Redoutable, est le premier sous-marin nucl\u00e9aire lanceur d\u2019engins fran\u00e7ais et le plus grand au monde ouvert \u00e0 la visite. Ce g\u00e9ant de 128 m\u00e8tres propose une exploration unique des espaces de vie des sous-mariniers gr\u00e2ce \u00e0 une visite audioguid\u00e9e captivante. La Cit\u00e9 de la Mer propose une exp\u00e9rience immersive autour du monde marin, avec des expositions pour tous les \u00e2ges :<\/p>\n<p><em><strong>Le Redoutable\u00a0:<\/strong> <\/em>ce sous-marin nucl\u00e9aire embl\u00e9matique permet aux visiteurs d\u2019explorer l\u2019int\u00e9rieur d\u2019un submersible historique. L\u2019exp\u00e9rience est unique au monde et immersive (accessible \u00e0 partir de 5 ans), offrant un aper\u00e7u de la vie des 135 hommes d\u2019\u00e9quipage qui y travaillaient pendant 70 jours en mer.<\/p>\n<p><em><strong>L\u2019Oc\u00e9an du Futur\u00a0:<\/strong> <\/em>ce parcours pr\u00e9sente 17 aquariums et des dispositifs interactifs, d\u00e9voilant les richesses du dernier territoire sauvage de la plan\u00e8te. C\u2019est une exposition \u00e0 la fois \u00e9ducative et interactive, qui attire les enfants et les adultes par sa diversit\u00e9 et son approche moderne.<br \/>\nTitanic, retour \u00e0 Cherbourg : ce parcours permanent unique en Europe permet de revivre l\u2019histoire du c\u00e9l\u00e8bre paquebot, de son escale \u00e0 son naufrage. Lors de votre d\u00e9couverte vous aurez la chance d\u2019observer des objets remont\u00e9s de l\u2019\u00e9pave du Titanic, enrichissant l\u2019exp\u00e9rience historique et \u00e9motionnelle des visiteurs.<\/p>\n<p><em><strong>Oc\u00e9an sur \u00e9coute\u00a0:<\/strong> <\/em>cette exposition est d\u00e9di\u00e9e aux sons sous-marins, offrant une dimension sensorielle unique qui compl\u00e8te la visite du sous-marin. Elle met en avant l\u2019importance des sons dans l\u2019\u00e9cosyst\u00e8me marin. L\u2019Oc\u00e9an, un monde de silence ? Tout au contraire !<\/p>\n<p><strong><em>Grande Galerie des Engins et des Hommes\u00a0:<\/em> <\/strong>cette exposition met en valeur l\u2019exploration sous-marine \u00e0 travers des submersibles embl\u00e9matiques et les exploits des pionniers des profondeurs, offrant une immersion captivante entre histoire, technologie et aventure.<\/p>","protected":false},"excerpt":{"rendered":"<p>La Cit\u00e9 de la Mer : un parc de loisirs unique en Normandie \u00e0 d\u00e9couvrir en famille Situ\u00e9e \u00e0 Cherbourg, en Normandie, La Cit\u00e9 de la Mer est un lieu unique qui vous invite \u00e0 plonger au c\u0153ur des oc\u00e9ans. V\u00e9ritable parc de loisirs touristique et culturel, notre site abrite plusieurs parcours d\u2019expositions, dont \u201cL\u2019Oc\u00e9an [&hellip;]<\/p>","protected":false},"featured_media":0,"template":"","meta":[],"product_cat":[21],"product_tag":[],"_links":{"self":[{"href":"https:\/\/www.grintoura.fr\/en\/wp-json\/wp\/v2\/product\/16526"}],"collection":[{"href":"https:\/\/www.grintoura.fr\/en\/wp-json\/wp\/v2\/product"}],"about":[{"href":"https:\/\/www.grintoura.fr\/en\/wp-json\/wp\/v2\/types\/product"}],"wp:attachment":[{"href":"https:\/\/www.grintoura.fr\/en\/wp-json\/wp\/v2\/media?parent=16526"}],"wp:term":[{"taxonomy":"product_cat","embeddable":true,"href":"https:\/\/www.grintoura.fr\/en\/wp-json\/wp\/v2\/product_cat?post=16526"},{"taxonomy":"product_tag","embeddable":true,"href":"https:\/\/www.grintoura.fr\/en\/wp-json\/wp\/v2\/product_tag?post=16526"}],"curies":[{"name":"wp","href":"https:\/\/api.w.org\/{rel}","templated":true}]}}