	
	
	
	
{"id":16224,"date":"2025-03-28T11:16:30","date_gmt":"2025-03-28T10:16:30","guid":{"rendered":"https:\/\/www.grintoura.fr\/product\/magasin-bio-marcelfils-cavalaire-sur-mer-copie-9\/"},"modified":"2025-10-14T07:08:52","modified_gmt":"2025-10-14T05:08:52","slug":"magasin-bio-marcelfils-cavalaire-sur-mer-copie-9","status":"publish","type":"product","link":"https:\/\/www.grintoura.fr\/en\/product\/magasin-bio-marcelfils-cavalaire-sur-mer-copie-9\/","title":{"rendered":"Magasin bio marcel&fils Saint-Rapha\u00ebl"},"content":{"rendered":"<p><strong>Notre magasin bio \u00e0 Saint-Rapha\u00ebl<\/strong><br \/>\nD\u00e9couvrez notre grand\u00a0magasin bio Marcel &amp;\u00a0Fils \u00e0 Saint-Rapha\u00ebl situ\u00e9\u00a0au 1254 Boulevard Jean Moulin, 83700 Saint-Rapha\u00ebl. Notre magasin bio et notre \u00e9quipe vous accueille avec grand plaisir du lundi au samedi de 9h \u00e0 19h30. Vous trouverez dans notre boutique, tout ce qu\u2019il vous faut pour un quotidien plus bio et sain\u00a0: fruits et l\u00e9gumes bio, un grand rayon d\u2019\u00e9picerie sal\u00e9 et sucr\u00e9, un rayon vrac en libre-service, ainsi qu\u2019un rayon sant\u00e9 beaut\u00e9. Venez nous rendre visite\u00a0!<\/p>\n<p>&nbsp;<\/p>\n<p><strong>On se pr\u00e9sente ?<\/strong><br \/>\nAvec les bruits des vagues et les douces temp\u00e9ratures, Pas de doute, vous \u00eates bien \u00e0 Saint-Rapha\u00ebl\u00a0! Et \u00e7a tombe bien, nous avons un magasin bio Marcel &amp; Fils situ\u00e9 dans le centre-ville de Saint-Rapha\u00ebl. Notre \u00e9quipe est ravie de vous accueillir au sein de son magasin bio.<\/p>\n<p>Dans notre magasin bio, vous d\u00e9couvrirez des fruits et l\u00e9gumes bio soigneusement s\u00e9lectionn\u00e9s par nos \u00e9quipes. Dans nos choix de fruits et l\u00e9gumes nous privil\u00e9gions\u00a0: Le go\u00fbt, la provenance et un prix abordable. Nos \u00e9quipes fruits et l\u00e9gumes parcourent les petits producteurs pour vous assurer une bonne tra\u00e7abilit\u00e9 ainsi qu\u2019un produit gustativement au rendez-vous\u00a0! Dans le but de vous faire d\u00e9couvrir nos p\u00e9pites et de nouvelles saveurs bio, chaque semaine, d\u00e9couvrez des fruits et l\u00e9gumes en promotion s\u00e9lectionn\u00e9s par nos \u00e9quipes.<\/p>\n<p>Dans nos rayons bio, vous trouverez \u00e9galement un rayon \u00e9picerie sucr\u00e9 et sal\u00e9. Un large choix vous permettant de faire de bonnes recettes maison \u00e9quilibr\u00e9es et gourmandes. Vous trouverez certainement votre bonheur parmi nos diff\u00e9rents rayons\u00a0: p\u00e2tes, riz, sauces, aide \u00e0 la p\u00e2tisserie, ap\u00e9ritif, et boisson\u2026 N\u2019h\u00e9sitez pas \u00e0 demander \u00e0 nos \u00e9quipes des renseignements dans nos rayons bio pour quelconque conseils. Vous trouverez \u00e9galement un rayon vrac \u00e0 disposition en libre-service\u00a0: de nombreuses graines, l\u00e9gumineuses, et fruits secs sont \u00e0 d\u00e9couvrir. Et pour les petits creux, nous avons une offre d\u2019amandes et noisettes enrob\u00e9es de chocolat ou encore une s\u00e9lection de d\u00e9licieux biscuits en vrac. Vous avez d\u00e9j\u00e0 test\u00e9\u00a0? Chez Marcel &amp; Fils Saint-Rapha\u00ebl, vous pouvez ramener vos propres bocaux de vrac\u00a0: n&rsquo;h\u00e9sitez pas \u00e0 demander conseil \u00e0 nos \u00e9quipes en magasin qui se feront une joie de vous rendre service.<\/p>\n<p>Notre magasin bio n\u2019est pas seulement un magasin alimentaire. Vous trouverez \u00e9galement un rayon sant\u00e9 et beaut\u00e9. Des naturopathes sont pr\u00e9sents sur place pour vous renseignement et trouver un produit naturel adapt\u00e9 \u00e0 vos besoins. Compl\u00e9ments alimentaires, aromath\u00e9rapie, soin pour le corps et pour la peau. Vous trouverez tout ce dont vous avez besoin pour prendre soin de votre sant\u00e9 et garder la forme. Vous trouverez \u00e9galement des produits pour l\u2019hygi\u00e8ne\u00a0: gels douche, shampooing, culottes menstruelles et autres protections hygi\u00e9nique.<\/p>\n<p>Nous disposons \u00e9galement d\u2019un rayon pour prendre soin de votre maison\u00a0:\u00a0\u00ab\u00a0Un esprit sain dans une maison saine\u00a0\u00bb\u00a0: vous trouverez de quoi nettoyer votre chez vous tout en prenant soin de l\u2019environnement\u00a0: bicarbonate de soude, savon noir, savon de Marseille, \u00e9ponges jetables et liquide vaisselle d\u2019origine naturel. Pour nos jeunes parents, vous d\u00e9couvrirez tout ce qu\u2019il faut pour les besoins de b\u00e9b\u00e9s\u00a0: nourriture, soin quotidien.<\/p>\n<p>N&rsquo;h\u00e9sitez pas \u00e0 donner votre avis sur notre magasin directement sur Google. \u00c0 tr\u00e8s vite\u00a0!<\/p>","protected":false},"excerpt":{"rendered":"<p>Notre magasin bio \u00e0 Saint-Rapha\u00ebl D\u00e9couvrez notre grand\u00a0magasin bio Marcel &amp;\u00a0Fils \u00e0 Saint-Rapha\u00ebl situ\u00e9\u00a0au 1254 Boulevard Jean Moulin, 83700 Saint-Rapha\u00ebl. Notre magasin bio et notre \u00e9quipe vous accueille avec grand plaisir du lundi au samedi de 9h \u00e0 19h30. Vous trouverez dans notre boutique, tout ce qu\u2019il vous faut pour un quotidien plus bio et [&hellip;]<\/p>","protected":false},"featured_media":0,"template":"","meta":[],"product_cat":[21],"product_tag":[],"_links":{"self":[{"href":"https:\/\/www.grintoura.fr\/en\/wp-json\/wp\/v2\/product\/16224"}],"collection":[{"href":"https:\/\/www.grintoura.fr\/en\/wp-json\/wp\/v2\/product"}],"about":[{"href":"https:\/\/www.grintoura.fr\/en\/wp-json\/wp\/v2\/types\/product"}],"wp:attachment":[{"href":"https:\/\/www.grintoura.fr\/en\/wp-json\/wp\/v2\/media?parent=16224"}],"wp:term":[{"taxonomy":"product_cat","embeddable":true,"href":"https:\/\/www.grintoura.fr\/en\/wp-json\/wp\/v2\/product_cat?post=16224"},{"taxonomy":"product_tag","embeddable":true,"href":"https:\/\/www.grintoura.fr\/en\/wp-json\/wp\/v2\/product_tag?post=16224"}],"curies":[{"name":"wp","href":"https:\/\/api.w.org\/{rel}","templated":true}]}}