	
	
	
	
{"id":16218,"date":"2025-03-28T11:16:21","date_gmt":"2025-03-28T10:16:21","guid":{"rendered":"https:\/\/www.grintoura.fr\/product\/magasin-bio-marcelfils-cavalaire-sur-mer-copie-6\/"},"modified":"2025-10-14T07:08:52","modified_gmt":"2025-10-14T05:08:52","slug":"magasin-bio-marcelfils-cavalaire-sur-mer-copie-6","status":"publish","type":"product","link":"https:\/\/www.grintoura.fr\/en\/product\/magasin-bio-marcelfils-cavalaire-sur-mer-copie-6\/","title":{"rendered":"Magasin Bio marcel&fils Montauroux"},"content":{"rendered":"<p><strong>Notre magasin bio \u00e0 Montauroux<\/strong><br \/>\nD\u00e9couvrez notre\u00a0magasin bio a\u0300 Montauroux\u00a0situe\u0301 au chemin de l\u2019aven Le plan Occidental, RD 652, 83440 Montauroux.\u00a0Notre magasin et toute son \u00e9quipe bio sont ravis de vous accueillir du lundi\u00a0au samedi de 9h \u00e0 19h30. Dans notre magasin vous trouverez de quoi faire de belles courses bio\u00a0: fruits et l\u00e9gumes Fran\u00e7ais, un grand rayon vrac, \u00e9picerie sucr\u00e9e et sal\u00e9e, ainsi qu\u2019un rayon sant\u00e9 beaut\u00e9. Venez nous rendre visite dans notre magasin Marcel &amp; Fils Montauroux\u00a0!<\/p>\n<p>&nbsp;<\/p>\n<p><strong>On se pr\u00e9sente ?<\/strong><br \/>\nMarcel &amp; fils Montauroux, c\u2019est de la bonne humeur, le partage d\u2019un bon plat cuisin\u00e9 en famille, et l\u2019ambition de vous aider \u00e0 mieux manger tous les jours. Situ\u00e9 \u00e0 5 minutes en v\u00e9hicule du centre de Montauroux en suivant la D37, route de Draguigant, vous trouverez notre magasin facile d\u2019acc\u00e8s, avec beaucoup de places disponibles pour stationner ainsi que des places r\u00e9serv\u00e9es aux personnes \u00e0 mobilit\u00e9s r\u00e9duite.<\/p>\n<p>Dans les rayons de Marcel &amp; Fils, nous restons \u00e0 votre disposition tout au long de votre visite, n\u2019h\u00e9sitez pas \u00e0 nous solliciter pour quelconques demandes\u00a0: renseignements, conseils sur nos produits bio, recettes\u2026 Dans notre rayon sant\u00e9 beaut\u00e9, des naturopathes sont \u00e9galement disponibles pour r\u00e9pondre \u00e0 des questions sur l\u2019ordre de la sant\u00e9 et \u00e0 vous apporter conseils.<\/p>\n<p>Vous trouverez \u00e9galement dans nostre magasin des fruits et l\u00e9gumes, bio, bien entendu, et d\u00e8s que possible Fran\u00e7ais\u00a0! Notre s\u00e9lection de fruits et l\u00e9gumes vous promet des produits de qualit\u00e9s et gustativement au rendez-vous\u00a0! Avec \u00e7a, impossible de louper une seule de vos recettes\u00a0! Notre \u00e9quipe de fruits et l\u00e9gumes vont \u00e0 la rencontre de nos producteurs pour s\u2019assurer que tous les produits bio respectent les normes bio.<\/p>\n<p>Chez Marcel &amp; Fils Montauroux, vous avec \u00e9galement \u00e0 disposition de grands rayons \u00e9piceries sucr\u00e9es et sal\u00e9es. Petit d\u00e9jeuner, D\u00e9jeuner, Ap\u00e9ro, Go\u00fbter\u2026 Vous trouverez certainement de quoi remplir vos placards de produits bio. \u00c9galement, un peu plus loin dans le magasin, vous avez \u00e0 disposition un large choix de produits frais\u00a0: yaourt, yaourts v\u00e9g\u00e9taux, boissons fra\u00eeche, type kombucha ou soda bio, viande AOP ou v\u00e9g\u00e9tale, plats traiteur pour d\u00e9jeuner sur le pouce ou pour faire rapidement \u00e0 d\u00eener le soir.<\/p>\n<p>On le disait plus haut, dans notre magasin bio, vous trouverez un rayon sant\u00e9 beaut\u00e9, anim\u00e9 par nos naturopathes dipl\u00f4m\u00e9.es et \u00e0 votre service durant votre visite. Probl\u00e8mes digestifs, Remise en forme, prot\u00e9ines v\u00e9g\u00e9tales, soin pour la peau\u2026 N\u2019h\u00e9sitez pas \u00e0 nous demander conseils, nous sommes l\u00e0 pour vous recommander des produits naturels et sains pour votre corps\u00a0: compl\u00e9ments alimentaires, aromath\u00e9rapie, gels douche, shampoings, mais \u00e9galement des produits z\u00e9ro d\u00e9chet, pour un mode de vie plus sain, ainsi que des produits pour la maison. Vous d\u00e9couvrirez tout ce qu\u2019il vous faut pour nettoyer votre linges, vaisselles, , mais \u00e9galement des produits sains pour l\u2019environnement\u00a0: savon noir, \u00e9ponges r\u00e9utilisables, liquide vaisselle solide\u2026\u2026 Du vrai choix pour tous les modes de vie ! Notre \u00e9quipe bio de Montauroux se tient \u00e0 votre disposition lors de votre visite ! N\u2019h\u00e9sitez pas \u00e0 nous joindre au 0 4 94 85 85 00. Ainsi qu\u2019\u00e0 nous laisser un avis sur notre magasin sur Google<\/p>","protected":false},"excerpt":{"rendered":"<p>Notre magasin bio \u00e0 Montauroux D\u00e9couvrez notre\u00a0magasin bio a\u0300 Montauroux\u00a0situe\u0301 au chemin de l\u2019aven Le plan Occidental, RD 652, 83440 Montauroux.\u00a0Notre magasin et toute son \u00e9quipe bio sont ravis de vous accueillir du lundi\u00a0au samedi de 9h \u00e0 19h30. Dans notre magasin vous trouverez de quoi faire de belles courses bio\u00a0: fruits et l\u00e9gumes Fran\u00e7ais, [&hellip;]<\/p>","protected":false},"featured_media":0,"template":"","meta":[],"product_cat":[21],"product_tag":[],"_links":{"self":[{"href":"https:\/\/www.grintoura.fr\/en\/wp-json\/wp\/v2\/product\/16218"}],"collection":[{"href":"https:\/\/www.grintoura.fr\/en\/wp-json\/wp\/v2\/product"}],"about":[{"href":"https:\/\/www.grintoura.fr\/en\/wp-json\/wp\/v2\/types\/product"}],"wp:attachment":[{"href":"https:\/\/www.grintoura.fr\/en\/wp-json\/wp\/v2\/media?parent=16218"}],"wp:term":[{"taxonomy":"product_cat","embeddable":true,"href":"https:\/\/www.grintoura.fr\/en\/wp-json\/wp\/v2\/product_cat?post=16218"},{"taxonomy":"product_tag","embeddable":true,"href":"https:\/\/www.grintoura.fr\/en\/wp-json\/wp\/v2\/product_tag?post=16218"}],"curies":[{"name":"wp","href":"https:\/\/api.w.org\/{rel}","templated":true}]}}