	
	
	
	
{"id":16202,"date":"2025-03-28T11:10:37","date_gmt":"2025-03-28T10:10:37","guid":{"rendered":"https:\/\/www.grintoura.fr\/product\/magasin-bio-marcelfils-allauch-copie-11\/"},"modified":"2025-10-14T07:08:53","modified_gmt":"2025-10-14T05:08:53","slug":"magasin-bio-marcelfils-allauch-copie-11","status":"publish","type":"product","link":"https:\/\/www.grintoura.fr\/en\/product\/magasin-bio-marcelfils-allauch-copie-11\/","title":{"rendered":"Magasin Bio marcel&fils Venelles"},"content":{"rendered":"<p><strong>Notre magasin bio Venelles<\/strong><br \/>\nD\u00e9couvrez notre\u00a0magasin bio Marcel &amp; Fils \u00e0 Venelles\u00a0situe\u0301 \u00e0 l\u2019adresse du 102 Avenue des Logissons 13770 &#8211; Venelles. Dans notre magasin bio Marcel &amp; Fils de Venelles, vous d\u00e9couvrirez un magasin bio avec beaucoup de choix\u00a0: des fruits et l\u00e9gumes bio, un grand rayon vrac, une boucherie et une fromagerie \u00e0 la coupe bio, ainsi qu\u2019un rayon sant\u00e9 et beaut\u00e9 avec nos naturopathes disponibles pour vous renseigner. Nous sommes ouverts du lundi au dimanche de 9h \u00e0 19h30 et le dimanche de 9h \u00e0 12h30. Enfin, dans notre magasin, le conseil et le service sont ma\u00eetre mot\u00a0! N\u2019h\u00e9sitez pas \u00e0 nos solliciter dans nos rayons.<\/p>\n<p>&nbsp;<\/p>\n<p><strong>On se pr\u00e9sente ?<\/strong><br \/>\nHabitant de Venelles ou ses alentours\u00a0? D\u00e9couvrez notre magasin bio id\u00e9alement situ\u00e9 entre le centre-ville de Venelles et l\u2019acc\u00e8s direct aux routes menant sur Aix-en-Provence. Si vous cherchez des bons produits s\u00e9lectionn\u00e9s avec soin, un magasin \u00e0 taille humaine, et faire vos courses dans une ambiance chaleureuse et conviviale, notre magasin bio \u00e0 Venelles est fait pour vous\u00a0! \u00a0Pour stationner, vous avez \u00e0 votre disposition un grand parking, ainsi que des places et acc\u00e8s facile pour les personnes \u00e0 mobilit\u00e9 r\u00e9duite. En entrant dans notre magasin bio, vous d\u00e9couvrirez notre rayon l\u00e9gumes bio, un large choix est \u00e0 votre disposition vous permettant de pr\u00e9parer de belles recettes bio\u00a0! Nos \u00e9quipes sont l\u00e0 pour vous conseiller sur quelques recettes et recommandations produits dans votre magasin, n\u2019h\u00e9sitez pas\u00a0!\u00a0 Nos produits sont soigneusement s\u00e9lectionn\u00e9s par notre \u00e9quipe fruits et l\u00e9gumes\u00a0: nous allons \u00e0 la rencontre des producteurs de nos r\u00e9gions pour vous d\u00e9nicher LA p\u00e9pite et vous permettre de d\u00e9guster des bons fruits et l\u00e9gumes bio toute l\u2019ann\u00e9e \u00e0 des prix abordables. Chaque semaine, nous s\u00e9lectionnons parmi nos fruits et l\u00e9gumes de saison des produits en promotion. L\u2019objectif est de vous faire d\u00e9couvrir ou red\u00e9couvrir des fruits et l\u00e9gumes qualitatifs \u00e0 petits prix.<\/p>\n<p>Vous d\u00e9couvrirez \u00e9galement un grand espace \u00e9picerie\u00a0: lait v\u00e9g\u00e9taux, ap\u00e9ritif, biscuit, caf\u00e9 &amp; th\u00e9, jus frais et 100% fruits, et m\u00eame une gamme de produits sans gluten et des produits vegan. Et pour votre plus grand bonheur et meilleurs petits d\u00e9jeuner, ne loupez pas notre offre de pain frais et bio\u00a0: des miches de pains de 1kg ou moins sont \u00e0 retrouver dans votre rayon boulangerie\u00a0: pain aux graines, pain de campagne, pain \u00e0 la farine d\u2019\u00e9peautre et des pains sans gluten.<\/p>\n<p>Juste \u00e0 c\u00f4t\u00e9, d\u00e9couvrez notre rayon fromagerie et boucherie. Nos bouchers et fromagers se feront un plaisir de vous servir du fromage et\/ou de la viande \u00e0 la coupe ainsi que vous conseiller sur la cuisson de votre viande ou accompagnements. Vous ne savez pas quoi faire pour votre d\u00e9jeuner\u00a0? N\u2019h\u00e9sitez pas \u00e0 nous demander de vous pr\u00e9parer un poulet r\u00f4ti bio\u00a0!<\/p>\n<p>Chez Marcel &amp; Fils \u00e0 Venelles, vous avez \u00e0 disposition un large rayon de produits frais, situ\u00e9 juste en face de votre rayon fruits et l\u00e9gumes, d\u00e9couvrez de quoi facilement vous restaurer le midi lors de votre pause d\u00e9jeuner. D\u00e9couvrez nos recettes de plats traiteur r\u00e9alis\u00e9s \u00e0 Grans (13) par nos chefs cuisiniers\u00a0: des salades fra\u00eeches, des plats chauds\u2026 nos recettes sont vari\u00e9es, et changent toutes les saisons pour vous garantir des produits frais toute l\u2019ann\u00e9e\u00a0! Et avec \u00e7a, vous avez dans nos rayons frais des boissons fra\u00eeches, yaourts et yaourts v\u00e9g\u00e9taux.<\/p>\n<p>Notre magasin Marcel &amp; Fils de Venelles dispose \u00e9galement d\u2019un grand rayon sant\u00e9 et beaut\u00e9. Profitez de la pr\u00e9sence de nos naturopathes en rayon pour vous conseiller et trouver le meilleur produit naturel pour vous\u00a0: aromath\u00e9rapie bio, compl\u00e9ments alimentaires bio, et autres produits d\u2019hygi\u00e8nes, comme des shampoings et gels douche\u2026 Nous disposons \u00e9galement d\u2019une large gamme de produits z\u00e9ro d\u00e9chet\u00a0: une offre de produits et vrac et de produits solides soigneusement s\u00e9lectionn\u00e9s et test\u00e9s par nos \u00e9quipes pour vous garantir des produits efficaces et de qualit\u00e9. Vous trouverez \u00e9galement un rayon cosm\u00e9tique avec du maquillage \u00e9coresponsable et bio.<\/p>\n<p>Enfin, nous vous rappelons que notre \u00e9quipe en magasin est \u00e0 votre enti\u00e8re disposition pendant vos courses dans notre magasin bio Marcel &amp; Fils de Venelles. N\u2019h\u00e9sitez pas \u00e0 nous contacter via ce num\u00e9ro\u00a0: 04 42 27 21 38 et \u00e0 nous laisser un avis sur notre page Google lors de votre visite. A tr\u00e8s vite\u00a0!<\/p>","protected":false},"excerpt":{"rendered":"<p>Notre magasin bio Venelles D\u00e9couvrez notre\u00a0magasin bio Marcel &amp; Fils \u00e0 Venelles\u00a0situe\u0301 \u00e0 l\u2019adresse du 102 Avenue des Logissons 13770 &#8211; Venelles. Dans notre magasin bio Marcel &amp; Fils de Venelles, vous d\u00e9couvrirez un magasin bio avec beaucoup de choix\u00a0: des fruits et l\u00e9gumes bio, un grand rayon vrac, une boucherie et une fromagerie \u00e0 [&hellip;]<\/p>","protected":false},"featured_media":0,"template":"","meta":[],"product_cat":[21],"product_tag":[],"_links":{"self":[{"href":"https:\/\/www.grintoura.fr\/en\/wp-json\/wp\/v2\/product\/16202"}],"collection":[{"href":"https:\/\/www.grintoura.fr\/en\/wp-json\/wp\/v2\/product"}],"about":[{"href":"https:\/\/www.grintoura.fr\/en\/wp-json\/wp\/v2\/types\/product"}],"wp:attachment":[{"href":"https:\/\/www.grintoura.fr\/en\/wp-json\/wp\/v2\/media?parent=16202"}],"wp:term":[{"taxonomy":"product_cat","embeddable":true,"href":"https:\/\/www.grintoura.fr\/en\/wp-json\/wp\/v2\/product_cat?post=16202"},{"taxonomy":"product_tag","embeddable":true,"href":"https:\/\/www.grintoura.fr\/en\/wp-json\/wp\/v2\/product_tag?post=16202"}],"curies":[{"name":"wp","href":"https:\/\/api.w.org\/{rel}","templated":true}]}}