	
	
	
	
{"id":16186,"date":"2025-03-28T10:58:09","date_gmt":"2025-03-28T09:58:09","guid":{"rendered":"https:\/\/www.grintoura.fr\/product\/magasin-bio-marcelfils-allauch-copie-6\/"},"modified":"2025-10-14T07:08:53","modified_gmt":"2025-10-14T05:08:53","slug":"magasin-bio-marcelfils-allauch-copie-6","status":"publish","type":"product","link":"https:\/\/www.grintoura.fr\/en\/product\/magasin-bio-marcelfils-allauch-copie-6\/","title":{"rendered":"Magasin Bio marcel&fils La Ciotat"},"content":{"rendered":"<p><strong>Notre magasin bio \u00e0 La Ciotat<\/strong><br \/>\nD\u00e9couvrez notre\u00a0magasin bio Marcel &amp; Fils \u00e0 La Ciotat\u00a0situe\u0301\u00a0au centre commercial (CC) c\u00f4t\u00e9 Vigne, 87 Chemin de la P\u00e9pini\u00e8re, 13600 La Ciotat.<\/p>\n<p>Tout pour votre quotidien, notre magasin Marcel&amp;fils \u00e0 la Ciotat est ouvert tous les jours de 9h \u00e0 19h30, et le dimanche de 9h \u00e0 12h30. Vous trouverez dans notre magasin bio les meilleurs produits bio et frais\u00a0: fruits et l\u00e9gumes, \u00e9picerie sal\u00e9e, sucr\u00e9e et un rayon vrac en libre-service, un large choix de produits vegan et sans gluten. Notre magasin bio abrite \u00e9galement, un grand choix de produits sant\u00e9 et beaut\u00e9 bio. Vous trouverez des naturopathes disponibles et dipl\u00f4m\u00e9s pour vous conseiller\u00a0!<\/p>\n<p>&nbsp;<\/p>\n<p><strong>On se pr\u00e9sente ?<\/strong><br \/>\nVous habitez pr\u00e8s de La Ciotat\u00a0? \u00a0Alors votre magasin bio Marcel&amp;fils le plus proche se situe sur la commune des Bouches-du-Rh\u00f4ne. Accessible depuis la A52, notre magasin est situ\u00e9 \u00e0 environ 5 minutes du centre et desservi par la D4OB. Nous sommes install\u00e9s dans un centre commercial \u00e0 ciel ouvert, avec un grand parking pour vous y garer, places et un acc\u00e8s facile pour les personnes \u00e0 mobilit\u00e9 r\u00e9duite. Votre magasin Marcel&amp;fils bio de La Ciotat se fera un plaisir de vous accueillir pour vous permettre de faire vos courses hebdomadaire, quotidienne, et m\u00eame d\u2019appoint avec du go\u00fbt et du choix\u00a0! On vous en dit plus juste en dessous\u00a0!<\/p>\n<p>Dans notre boutique bio Marcel&amp;fils, vous y trouverez le meilleur du bio\u00a0pour une meilleure alimentation et sant\u00e9 au quotidien\u00a0!<\/p>\n<p>Dans notre boutique bio, vous y trouverez tout d\u2019abord une \u00e9quipe charmante, plein de vie et de bons conseils pour vous guider dans notre magasin. N\u2019h\u00e9sitez pas \u00e0 les solliciter pour quelconques conseils ou recommandations produits. L\u2019\u00e9quipe de Anne-Laure, se fera un plaisir d\u2019\u00eatre \u00e0 votre service et de vous renseigner.<\/p>\n<p>Dans notre magasin, vous entrez par le rayon sant\u00e9-beaut\u00e9, un large choix de produits naturels pour vous accompagner chaque jour de l\u2019ann\u00e9e en fonction de vos besoins\u00a0: compl\u00e9ment alimentaire bio, soin pour la peau, les cheveux, hygi\u00e8ne intime, aromath\u00e9rapie\u00a0: huiles essentielles, diffuseur et huiles v\u00e9g\u00e9tales\u2026 Et bien plus encore. Nos naturopathes dipl\u00f4m\u00e9s sont disponibles toute la journ\u00e9e pour vous conseiller et trouver une solution \u00e0 votre probl\u00e9matique, n\u2019h\u00e9sitez pas \u00e0 solliciter leur service.<\/p>\n<p>Vous avez \u00e0 votre disposition un grand rayon fruits et l\u00e9gumes bio, locaux et s\u00e9lectionn\u00e9s avec amour par nos \u00e9quipes fruits et l\u00e9gumes. Nos \u00e9quipes parcourent les petits producteurs des r\u00e9gions voisines pour d\u00e9nicher des p\u00e9pites gustatives\u00a0! Nous s\u00e9lectionnons nos produits pour leurs go\u00fbts, leurs prix et leur provenance pour vous assurer une offre adapt\u00e9e \u00e0 chaque porte-monnaie et pour vous offrir le meilleur du bio. Chaque semaine, d\u00e9couvrez des fruits et l\u00e9gumes en promotion, le plus souvent locaux et de saison\u00a0! C\u2019est le moment de d\u00e9couvrir des petites p\u00e9pites\u00a0!<\/p>\n<p>Notre rayon vrac est \u00e9galement en libre-service dans votre magasin de La Ciotat. Vous y trouverez tout pour une alimentation vari\u00e9e\u00a0: f\u00e9culents, gourmandises, sal\u00e9es et sucr\u00e9es\u2026 Vous y trouverez votre bonheur. De plus, d\u00e8s maintenant, vus pouvez ramener vos bocaux chez Marcel &amp; Fils, moins de papier, gagner du temps en entrant chez vous avec des bocaux d\u00e9j\u00e0 rempli\u00a0! Demandez conseil \u00e0 nos h\u00f4tes de caisse qui pourront vous rendre ce service.<\/p>\n<p>Chez Marcel&amp;Fils La Ciotat, il y a bien entendu un c\u00f4t\u00e9 \u00e9picerie sucr\u00e9 sal\u00e9, minutieusement s\u00e9lectionn\u00e9s par nos \u00e9quipes achats, mais \u00e9galement des produits locaux in\u00e9dits s\u00e9lectionn\u00e9s par nos \u00e9quipes en magasin. Au frais, vous trouverez \u00e9galement un service de plat traiteur bio r\u00e9alis\u00e9 dans les Bouches du Rh\u00f4ne, pour d\u00e9jeuner sur le pouce lors de votre pause midi\u00a0!\u00a0 Yaourts, yaourts v\u00e9g\u00e9tal, desserts, Viandes AOP, ou encore Poissons et tartinade\u2026 De quoi remplir votre frigo de bons produits bio\u00a0!<\/p>\n<p>Et chez Marcel &amp; fils La Ciotat, on n\u2019oublie personne\u00a0! Dans tout le magasin, vous pourrez retrouver des produits vegan, v\u00e9g\u00e9tarien et sans gluten tant dans notre rayon alimentation que sant\u00e9 beaut\u00e9.\u00a0: biscuits, tofu, laits v\u00e9g\u00e9taux, pains sans gluten, p\u00e2tes sans gluten, ap\u00e9ritif\u2026<\/p>\n<p>N\u2019h\u00e9sitez pas \u00e0 donner votre avis sur notre magasin sur Google en tapant Marcel &amp; Fils La Ciotat.<\/p>\n<p>&nbsp;<\/p>","protected":false},"excerpt":{"rendered":"<p>Notre magasin bio \u00e0 La Ciotat D\u00e9couvrez notre\u00a0magasin bio Marcel &amp; Fils \u00e0 La Ciotat\u00a0situe\u0301\u00a0au centre commercial (CC) c\u00f4t\u00e9 Vigne, 87 Chemin de la P\u00e9pini\u00e8re, 13600 La Ciotat. Tout pour votre quotidien, notre magasin Marcel&amp;fils \u00e0 la Ciotat est ouvert tous les jours de 9h \u00e0 19h30, et le dimanche de 9h \u00e0 12h30. Vous [&hellip;]<\/p>","protected":false},"featured_media":0,"template":"","meta":[],"product_cat":[21],"product_tag":[],"_links":{"self":[{"href":"https:\/\/www.grintoura.fr\/en\/wp-json\/wp\/v2\/product\/16186"}],"collection":[{"href":"https:\/\/www.grintoura.fr\/en\/wp-json\/wp\/v2\/product"}],"about":[{"href":"https:\/\/www.grintoura.fr\/en\/wp-json\/wp\/v2\/types\/product"}],"wp:attachment":[{"href":"https:\/\/www.grintoura.fr\/en\/wp-json\/wp\/v2\/media?parent=16186"}],"wp:term":[{"taxonomy":"product_cat","embeddable":true,"href":"https:\/\/www.grintoura.fr\/en\/wp-json\/wp\/v2\/product_cat?post=16186"},{"taxonomy":"product_tag","embeddable":true,"href":"https:\/\/www.grintoura.fr\/en\/wp-json\/wp\/v2\/product_tag?post=16186"}],"curies":[{"name":"wp","href":"https:\/\/api.w.org\/{rel}","templated":true}]}}