	
	
	
	
{"id":16173,"date":"2025-03-27T16:53:20","date_gmt":"2025-03-27T15:53:20","guid":{"rendered":"https:\/\/www.grintoura.fr\/product\/magasin-bio-marcelfils-allauch-copie-2\/"},"modified":"2025-10-14T07:08:53","modified_gmt":"2025-10-14T05:08:53","slug":"magasin-bio-marcelfils-allauch-copie-2","status":"publish","type":"product","link":"https:\/\/www.grintoura.fr\/en\/product\/magasin-bio-marcelfils-allauch-copie-2\/","title":{"rendered":"Magasin bio marcel&fils Ch\u00e2teauneuf-les-Martigues"},"content":{"rendered":"<p><strong>Notre magasin bio \u00e0 Ch\u00e2teauneuf-les-Martigues<\/strong><br \/>\nD\u00e9couvrez notre\u00a0magasin bio Marcel &amp; Fils \u00e0 Ch\u00e2teauneuf-les-Martigues\u00a0situe\u0301 \u00e0 l\u2019adresse\u00a0ZI Palunette, Rte du Jai, 13220 Ch\u00e2teauneuf-les-Martigues. Vous y trouverez vos produits bio pr\u00e9f\u00e9r\u00e9s\u00a0dans notre magasin de Ch\u00e2teauneuf-les-Martigues. Ouvert du lundi au samedi de 9h \u00e0 19h30 et le dimanche de 9h \u00e0 12h30, un large choix de produits alimentaire et sant\u00e9 beaut\u00e9 certifi\u00e9s agriculture biologique vous attendent.<\/p>\n<p><strong>On se pr\u00e9sente ?<\/strong><br \/>\nSi vous habitez Marignane, Ch\u00e2teauneuf-les-Martigues, ou dans les alentours des Bouches du-Rh\u00f4ne, venez faire un stop dans notre magasin fraichement r\u00e9nov\u00e9 \u00e0 Ch\u00e2teauneuf-les-Martigues, vous y trouverez les meilleurs produits bio\u00a0! Notre boutique bio est accessible par l\u2019autoroute D9. Nous sommes install\u00e9s \u00e0 c\u00f4t\u00e9 d\u2019un Institut de beaut\u00e9, dans la zone Industrielle, juste apr\u00e8s le rond-point Avenue Emile Cotte.<\/p>\n<p>Une fois dans notre magasin bio, vous d\u00e9couvrirez une \u00e9quipe bio pr\u00eate \u00e0 vous rendre service et \u00e0 vous conseiller\u00a0! Vous aurez l\u2019occasion de parcourir notre rayon fruits et l\u00e9gumes bio et lorsque c\u2019est possible, locaux. Notre offre de fruits et l\u00e9gumes est s\u00e9lectionn\u00e9s par nos \u00e9quipes fruits et l\u00e9gumes pour leur go\u00fbt, leur localit\u00e9, et leur prix. Effectivement, nos \u00e9quipes parcourent les environs pour rencontrer les producteurs locaux et vous les meilleurs fruits et l\u00e9gumes. \u00a0Nos \u00e9quipes livrent chaque jour les magasins afin de vous promettre fra\u00eecheur et authenticit\u00e9.<\/p>\n<p>Vous trouverez \u00e9galement un large choix de produits en libre-service vrac, la tendance du moment\u00a0! Plus \u00e9conomique et \u00e9cologique, nous vous permettons de faire vos courses avec vos propres bocaux chez Marcel &amp; Fils, pour cela, il suffit de ramener votre bocal et de le tarer avant de le remplir. \u00a0(Uniquement lors de la premi\u00e8re utilisation). Ap\u00e9ros, l\u00e9gumineuses, c\u00e9r\u00e9ales, ol\u00e9agineux\u2026 De quoi vous pr\u00e9parer de bonnes recettes bio\u00a0!<\/p>\n<p>De quoi remplir votre r\u00e9frig\u00e9rateur avec notre offre frais\u00a0: des yaourts v\u00e9g\u00e9taux ou non, de la viande AOP, du poisson, des boissons fra\u00eeches, des substituts \u00e0 la viande tel que le tofu, les saucisses v\u00e9g\u00e9tales, des prot\u00e9ines v\u00e9g\u00e9tales\u2026 sont \u00e9galement disponible\u00a0! Vous y trouverez \u00e9galement des plats frais \u00e0 emporter pour votre d\u00e9jeuner sur le pouce\u00a0: salades, tartes, plats \u00e0 r\u00e9chauffer\u2026 Vous trouverez forc\u00e9ment votre bonheur.<\/p>\n<p>Chez Marcel &amp; Fils, vous avez \u00e0 votre disposition un grand rayon sant\u00e9 beaut\u00e9, tenu par des naturopathes, n\u2019h\u00e9sitez pas \u00e0 demander conseils. Vous y trouverez des produits d\u2019hygi\u00e8ne, des soins capillaires et gels douches, des compl\u00e9ments alimentaires pour toutes probl\u00e9matiques, des produits z\u00e9ro-d\u00e9chets, des protections intimes, des produits naturels pour votre bien-\u00eatre\u2026 et bien plus encore.<\/p>\n<p>Notre magasin bio est compl\u00e9tement adapt\u00e9 pour les personnes intol\u00e9rantes au gluten, avec une belle offre de produits sp\u00e9cialis\u00e9s. Mais \u00e9galement, un large choix de produits vegan, v\u00e9g\u00e9tarien dans tous nos rayons\u00a0!<\/p>\n<p>Enfin, comme expliqu\u00e9 plus haut, notre \u00e9quipe \u00e9picurienne et bio sont disponible toute la journ\u00e9e pour vous conseiller et vous guider dans nos rayons.<\/p>","protected":false},"excerpt":{"rendered":"<p>Notre magasin bio \u00e0 Ch\u00e2teauneuf-les-Martigues D\u00e9couvrez notre\u00a0magasin bio Marcel &amp; Fils \u00e0 Ch\u00e2teauneuf-les-Martigues\u00a0situe\u0301 \u00e0 l\u2019adresse\u00a0ZI Palunette, Rte du Jai, 13220 Ch\u00e2teauneuf-les-Martigues. Vous y trouverez vos produits bio pr\u00e9f\u00e9r\u00e9s\u00a0dans notre magasin de Ch\u00e2teauneuf-les-Martigues. Ouvert du lundi au samedi de 9h \u00e0 19h30 et le dimanche de 9h \u00e0 12h30, un large choix de produits alimentaire et [&hellip;]<\/p>","protected":false},"featured_media":0,"template":"","meta":[],"product_cat":[21],"product_tag":[],"_links":{"self":[{"href":"https:\/\/www.grintoura.fr\/en\/wp-json\/wp\/v2\/product\/16173"}],"collection":[{"href":"https:\/\/www.grintoura.fr\/en\/wp-json\/wp\/v2\/product"}],"about":[{"href":"https:\/\/www.grintoura.fr\/en\/wp-json\/wp\/v2\/types\/product"}],"wp:attachment":[{"href":"https:\/\/www.grintoura.fr\/en\/wp-json\/wp\/v2\/media?parent=16173"}],"wp:term":[{"taxonomy":"product_cat","embeddable":true,"href":"https:\/\/www.grintoura.fr\/en\/wp-json\/wp\/v2\/product_cat?post=16173"},{"taxonomy":"product_tag","embeddable":true,"href":"https:\/\/www.grintoura.fr\/en\/wp-json\/wp\/v2\/product_tag?post=16173"}],"curies":[{"name":"wp","href":"https:\/\/api.w.org\/{rel}","templated":true}]}}