	
	
	
	
{"id":16171,"date":"2025-03-27T16:53:16","date_gmt":"2025-03-27T15:53:16","guid":{"rendered":"https:\/\/www.grintoura.fr\/product\/magasin-bio-marcelfils-allauch-copie\/"},"modified":"2025-10-14T07:08:53","modified_gmt":"2025-10-14T05:08:53","slug":"magasin-bio-marcelfils-allauch-copie","status":"publish","type":"product","link":"https:\/\/www.grintoura.fr\/en\/product\/magasin-bio-marcelfils-allauch-copie\/","title":{"rendered":"Magasin bio marcel&fils Auriol"},"content":{"rendered":"<p><strong>Notre magasin bio \u00e0 Auriol<\/strong><br \/>\nD\u00e9couvrez notre\u00a0magasin bio a\u0300 Auriol\u00a0situe\u0301 \u00e0 l\u2019adresse\u00a0ZAC du pujol II, Avenue du 19 Mars 1962, 13390 Auriol. Notre \u00e9quipe est \u00e0 votre enti\u00e8re disposition pour r\u00e9pondre \u00e0 vos besoins ! Chez Marcel &amp; Fils Auriol, vous trouverez des produits bio, frais et d\u00e9licieux : des fruits et l\u00e9gumes, de l\u2019\u00e9picerie sucr\u00e9e, du vrac alimentaire et soin de la maison en libre-service, du vin bio et \u00e9galement une large gamme de produits sant\u00e9 beaut\u00e9\u00a0!<\/p>\n<p>&nbsp;<\/p>\n<p><strong>On se pr\u00e9sente ?<\/strong><br \/>\nVous habitez pr\u00e8s d\u2019Auriol, Aubagne, Rousset o\u00f9 vous souhaitez simplement prendre un bol d\u2019air frais bio lors de votre d\u00e9placement dans la r\u00e9gion\u00a0? Nus vous accueillons avec grand plaisir dans notre magasin bio Marcel &amp; Fils d\u2019Auriol. Situ\u00e9 \u00e0 6 min en voiture du centre de la ville d\u2019Auriol via la route D560, \u00e0 13 minutes en transports en commun du centre-ville en prenant la ligne 08. Vous avez \u00e0 disposition un large choix de produits issus de l\u2019agriculture biologique alimentaire et cosm\u00e9tique et un grand parking pour vous garer.<\/p>\n<p>Dans nos rayons bio, rencontrez l\u2019\u00e9quipe du magasin d\u2019Auriol, toujours pr\u00eat \u00e0 rendre service, n\u2019h\u00e9sitez pas \u00e0 demander conseil sur nos produits lors de votre visite. Nos \u00e9quipes en \u00e9picerie et en rayon sant\u00e9 beaut\u00e9 sont form\u00e9s pour r\u00e9pondre \u00e0 vos probl\u00e9matiques et vous apporter conseils\u00a0!<\/p>\n<p>Dans nos rayons sant\u00e9 beaut\u00e9, vous pouvez \u00eatre conseill\u00e9s par nos experts naturopathes dipl\u00f4m\u00e9s et r\u00e9pondre \u00e0 vos probl\u00e9matiques de mani\u00e8re saine et naturelle. Vous y trouverez de l\u2019aromath\u00e9rapie, des compl\u00e9ments alimentaires, de l\u2019hygi\u00e8ne corporelle, des soins capillaires, des soins hygi\u00e9niques, et zero d\u00e9chet.<\/p>\n<p>Un large choix \u00e9galement dans l\u2019hygi\u00e8ne de la maison\u00a0: des produits bons pour l\u2019environnement, naturels et zero d\u00e9chet\u00a0: servez-vous dans vos propres contenants du gel pour les mains, lessive, savon noir ou encore de la bicarbonate\u2026<\/p>\n<p>Vous trouverez dans notre magasin bio d\u2019Auriol un large choix de produits bio pour votre quotidien\u00a0: fruits et l\u00e9gumes bio, une s\u00e9lection de produits r\u00e9alis\u00e9s par nos \u00e9quipes fruits et l\u00e9gumes. Nous allons chaque semaine \u00e0 la rencontre de vos producteurs du coin pour vous apporter une offre toujours plus locale, qualitative et d\u00e9licieuse\u00a0!<\/p>\n<p>Vous pourrez \u00e9galement profiter d\u2019un grand rayon \u00e9picerie sal\u00e9e et sucr\u00e9e bio\u00a0: des tartinables, aux p\u00e2tes et jusqu\u2019aux confitures bio\u00a0: vous trouverez certainement votre bonheur\u00a0parmi nos produits biologique.<\/p>\n<p>Profitez \u00e9galement d\u2019une belle offre sans gluten, vegan, v\u00e9g\u00e9tarienne mais \u00e9galement d\u2019une boucherie bio avec de la d\u00e9licieuses viandes bio pour tous les go\u00fbts\u00a0: brochettes, saucisses, viande blanche, rouge. Et on boit quoi avec \u00e7a\u00a0? D\u00e9couvrez notre rayon de vin biologiques.<\/p>\n<p>Parce que consommer des produits biologiques rime avec une meilleure alimentation, nous vous proposons un large rayon vrac en libre-service. Vous y trouverez des produits sal\u00e9s et sucr\u00e9 pour vos ap\u00e9ritifs, repas en famille ou petites sucreries\u00a0!<\/p>\n<p>Marcel &amp; Fils Auriol, c\u2019est partager un bon moment d\u00e8s votre entr\u00e9e en magasin et jusqu\u2019\u00e0 une bonne table partag\u00e9e entre amis ou en famille.<\/p>","protected":false},"excerpt":{"rendered":"<p>Notre magasin bio \u00e0 Auriol D\u00e9couvrez notre\u00a0magasin bio a\u0300 Auriol\u00a0situe\u0301 \u00e0 l\u2019adresse\u00a0ZAC du pujol II, Avenue du 19 Mars 1962, 13390 Auriol. Notre \u00e9quipe est \u00e0 votre enti\u00e8re disposition pour r\u00e9pondre \u00e0 vos besoins ! Chez Marcel &amp; Fils Auriol, vous trouverez des produits bio, frais et d\u00e9licieux : des fruits et l\u00e9gumes, de l\u2019\u00e9picerie [&hellip;]<\/p>","protected":false},"featured_media":0,"template":"","meta":[],"product_cat":[21],"product_tag":[],"_links":{"self":[{"href":"https:\/\/www.grintoura.fr\/en\/wp-json\/wp\/v2\/product\/16171"}],"collection":[{"href":"https:\/\/www.grintoura.fr\/en\/wp-json\/wp\/v2\/product"}],"about":[{"href":"https:\/\/www.grintoura.fr\/en\/wp-json\/wp\/v2\/types\/product"}],"wp:attachment":[{"href":"https:\/\/www.grintoura.fr\/en\/wp-json\/wp\/v2\/media?parent=16171"}],"wp:term":[{"taxonomy":"product_cat","embeddable":true,"href":"https:\/\/www.grintoura.fr\/en\/wp-json\/wp\/v2\/product_cat?post=16171"},{"taxonomy":"product_tag","embeddable":true,"href":"https:\/\/www.grintoura.fr\/en\/wp-json\/wp\/v2\/product_tag?post=16171"}],"curies":[{"name":"wp","href":"https:\/\/api.w.org\/{rel}","templated":true}]}}