	
	
	
	
{"id":16154,"date":"2025-03-27T16:33:14","date_gmt":"2025-03-27T15:33:14","guid":{"rendered":"https:\/\/www.grintoura.fr\/product\/magasin-bio-marcelfils-balaruc-copie-4\/"},"modified":"2025-03-27T16:40:57","modified_gmt":"2025-03-27T15:40:57","slug":"magasin-bio-marcelfils-balaruc-copie-4","status":"publish","type":"product","link":"https:\/\/www.grintoura.fr\/en\/product\/magasin-bio-marcelfils-balaruc-copie-4\/","title":{"rendered":"La Vie Saine Montpellier"},"content":{"rendered":"<p><strong>Notre magasin Bio La Vie Saine \u00e0 Montpellier<\/strong><br \/>\n+ de 13000 r\u00e9f\u00e9rences bio pour allier sant\u00e9, bien \u00eatre et plaisir. Large choix de produits locaux, sans gluten, sans lactose, v\u00e9gan, vrac, cosm\u00e9tiques bio, entretien de la maison. Produits respectueux de l&rsquo;environnement. Conseil personnalis\u00e9 en magasin.<\/p>","protected":false},"excerpt":{"rendered":"<p>Notre magasin Bio La Vie Saine \u00e0 Montpellier + de 13000 r\u00e9f\u00e9rences bio pour allier sant\u00e9, bien \u00eatre et plaisir. Large choix de produits locaux, sans gluten, sans lactose, v\u00e9gan, vrac, cosm\u00e9tiques bio, entretien de la maison. Produits respectueux de l&rsquo;environnement. Conseil personnalis\u00e9 en magasin.<\/p>","protected":false},"featured_media":0,"template":"","meta":[],"product_cat":[21],"product_tag":[],"_links":{"self":[{"href":"https:\/\/www.grintoura.fr\/en\/wp-json\/wp\/v2\/product\/16154"}],"collection":[{"href":"https:\/\/www.grintoura.fr\/en\/wp-json\/wp\/v2\/product"}],"about":[{"href":"https:\/\/www.grintoura.fr\/en\/wp-json\/wp\/v2\/types\/product"}],"wp:attachment":[{"href":"https:\/\/www.grintoura.fr\/en\/wp-json\/wp\/v2\/media?parent=16154"}],"wp:term":[{"taxonomy":"product_cat","embeddable":true,"href":"https:\/\/www.grintoura.fr\/en\/wp-json\/wp\/v2\/product_cat?post=16154"},{"taxonomy":"product_tag","embeddable":true,"href":"https:\/\/www.grintoura.fr\/en\/wp-json\/wp\/v2\/product_tag?post=16154"}],"curies":[{"name":"wp","href":"https:\/\/api.w.org\/{rel}","templated":true}]}}