	
	
	
	
{"id":16126,"date":"2025-03-27T16:00:45","date_gmt":"2025-03-27T15:00:45","guid":{"rendered":"https:\/\/www.grintoura.fr\/product\/magasin-bio-marcelfils-avignon-copie-3\/"},"modified":"2025-10-14T07:08:54","modified_gmt":"2025-10-14T05:08:54","slug":"magasin-bio-marcelfils-avignon-copie-3","status":"publish","type":"product","link":"https:\/\/www.grintoura.fr\/en\/product\/magasin-bio-marcelfils-avignon-copie-3\/","title":{"rendered":"Magasin bio marcel&fils Pertuis Nord"},"content":{"rendered":"<p><strong>Notre magasin Bio marcel&amp;fils \u00e0 Pertuis Nord<\/strong><br \/>\n+ de 13000 r\u00e9f\u00e9rences bio pour allier sant\u00e9, bien \u00eatre et plaisir. Large choix de produits locaux, sans gluten, sans lactose, v\u00e9gan, vrac, cosm\u00e9tiques bio, entretien de la maison. Produits respectueux de l&rsquo;environnement. Conseil personnalis\u00e9 en magasin.<\/p>\n<p>&nbsp;<\/p>\n<p><strong>Contact<\/strong><br \/>\nT\u00e9l :\u00a004 90 77 05 41<\/p>","protected":false},"excerpt":{"rendered":"<p>Notre magasin Bio marcel&amp;fils \u00e0 Pertuis Nord + de 13000 r\u00e9f\u00e9rences bio pour allier sant\u00e9, bien \u00eatre et plaisir. Large choix de produits locaux, sans gluten, sans lactose, v\u00e9gan, vrac, cosm\u00e9tiques bio, entretien de la maison. Produits respectueux de l&rsquo;environnement. Conseil personnalis\u00e9 en magasin. &nbsp; Contact T\u00e9l :\u00a004 90 77 05 41<\/p>","protected":false},"featured_media":0,"template":"","meta":[],"product_cat":[21],"product_tag":[],"_links":{"self":[{"href":"https:\/\/www.grintoura.fr\/en\/wp-json\/wp\/v2\/product\/16126"}],"collection":[{"href":"https:\/\/www.grintoura.fr\/en\/wp-json\/wp\/v2\/product"}],"about":[{"href":"https:\/\/www.grintoura.fr\/en\/wp-json\/wp\/v2\/types\/product"}],"wp:attachment":[{"href":"https:\/\/www.grintoura.fr\/en\/wp-json\/wp\/v2\/media?parent=16126"}],"wp:term":[{"taxonomy":"product_cat","embeddable":true,"href":"https:\/\/www.grintoura.fr\/en\/wp-json\/wp\/v2\/product_cat?post=16126"},{"taxonomy":"product_tag","embeddable":true,"href":"https:\/\/www.grintoura.fr\/en\/wp-json\/wp\/v2\/product_tag?post=16126"}],"curies":[{"name":"wp","href":"https:\/\/api.w.org\/{rel}","templated":true}]}}