	
	
	
	
{"id":16124,"date":"2025-03-27T16:00:40","date_gmt":"2025-03-27T15:00:40","guid":{"rendered":"https:\/\/www.grintoura.fr\/product\/magasin-bio-marcelfils-avignon-copie-2\/"},"modified":"2025-10-14T07:08:54","modified_gmt":"2025-10-14T05:08:54","slug":"magasin-bio-marcelfils-avignon-copie-2","status":"publish","type":"product","link":"https:\/\/www.grintoura.fr\/en\/product\/magasin-bio-marcelfils-avignon-copie-2\/","title":{"rendered":"Magasin bio marcel&fils Pertuis"},"content":{"rendered":"<p><strong>Notre magasin bio \u00e0 Pertuis<\/strong><br \/>\nD\u00e9couvrez notre\u00a0magasin bio Marcel &amp; Fils \u00e0 Pertuis\u00a0situe\u0301 dans la zone d\u2019activit\u00e9 commerciale de la Terre du Fort, \u00e0 l\u2019adresse du 214 Rue Alain Bajac, 84120, Pertuis. Notre magasin tout juste r\u00e9nov\u00e9 vous ouvre ses portes pour un quotidien plus bio ! Vous trouverez dans notre magasin bio, une \u00e9quipe comp\u00e9tente, un rayon fromagerie et traiteur, mais \u00e9galement un rayon fruits et l\u00e9gumes, \u00e9picerie, frais, une cave \u00e0 vins, un rayon sant\u00e9 beaut\u00e9 et un rayon vrac en libre service. N\u2019h\u00e9sitez pas \u00e0 nous rendre visite du lundi au samedi de 9h \u00e0 19h30 !<\/p>\n<p><em><strong>On se pr\u00e9sente ?<\/strong><\/em><br \/>\nVous habitez entre les Bouches du Rh\u00f4ne et le Vaucluse vous \u00eates certainement assez proche de notre magasin bio Marcel &amp; Fils Pertuis ! Marcel &amp; Fils Pertuis, c\u2019est une petite \u00e9quipe conviviale dans un magasin refait \u00e0 neuf pour un moment agr\u00e9able en faisant vos courses bio ! Vous pourrez tr\u00e8s facilement stationner sur le parking de notre magasin qui dispose de places standards mais aussi des places de parking pour les personnes \u00e0 mobilit\u00e9 r\u00e9duite.<\/p>\n<p>Dans notre boutique bio, vous avez un large choix ! Toute la semaine, retrouvez de bons produits bio s\u00e9lectionn\u00e9s par nos \u00e9quipes. Dans notre magasin, vous aurez l\u2019occasion de parcourir notre rayon fruits et l\u00e9gumes qui bronzent sous le soleil naturel toute l\u2019ann\u00e9e. Nos \u00e9quipes fruits et l\u00e9gumes recherchent des produits bio, Fran\u00e7ais et de qualit\u00e9 et au bon prix pour vous les proposer en rayon. Chaque semaine, nous allons \u00e0 la rencontre de nos producteurs locaux : chez Marcel &amp; Fils, les fruits et l\u00e9gumes sont aussi une histoire de confiance et de relation ! D\u00e9couvrez chaque semaine des promotions sur nos fruits et l\u00e9gumes. Parce que c\u2019est tr\u00e8s important de pouvoir bien manger, \u00e0 petit prix.<\/p>\n<p>Situ\u00e9 juste \u00e0 l\u2019entr\u00e9e de votre magasin bio Pertuis, notre rayon sant\u00e9 beaut\u00e9 est \u00e9galement r\u00e9nov\u00e9 et nos naturopathes dipl\u00f4m\u00e9s se tiennent pr\u00eat \u00e0 vous conseiller. N\u2019h\u00e9sitez pas \u00e0 leur demander conseils : compl\u00e9ments alimentaires, aromath\u00e9rapie, phytoth\u00e9rapie, cr\u00e8mes gels douche et shampoings naturels, dentifrices, d\u00e9odorants\u2026 Nous trouverons certainement une solution \u00e0 votre probl\u00e9matique et adapt\u00e9e \u00e0 votre mode de vie. Nous avons \u00e9galement tout une gamme r\u00e9serv\u00e9e \u00e0 des produits z\u00e9ro d\u00e9chet, bien-\u00eatre.<\/p>\n<p>Dans notre rayon \u00e9picerie, vous trouverez de quoi r\u00e9aliser vos meilleures recettes bio : du petit-d\u00e9jeuner, au d\u00eener, nous avons tout ce qu\u2019il vous faut pour confectionner des petits plats divers et vari\u00e9s. En \u00e9picerie sucr\u00e9e, vous trouverez des confitures, de la p\u00e2te \u00e0 tartiner, ou\u00a0 encore de quoi prendre des petites collations au cours de la journ\u00e9e. Et on n\u2019oublie pas l\u2019ap\u00e9ritif ! Des chips de pomme de terre, aux vins bio typiques de la r\u00e9gion.<\/p>\n<p>Nous vous proposons \u00e9galement un large choix de produits bio en vrac ! Disponible en libre service, il y a tout ce qu\u2019il faut pour vos ap\u00e9ritifs, mais \u00e9galement pour vos plats (lentilles, graines, riz et p\u00e2tes), des fruits secs (noix, raisins secs, mangues s\u00e9ch\u00e9es\u2026) et m\u00eame des petites collations pour enfants et grands enfants ! Chez Marcel &amp; Fils Pertuis, vous pouvez ramener vos propres bocaux afin de les remplir de vrac : pour cela, il suffit de pr\u00e9senter votre bocal vide en caisse afin de le tarer, et ce seulement lors de la premi\u00e8re utilisation. Ensuite, vous pouvez le remplir de votre vrac pr\u00e9f\u00e9r\u00e9. N\u2019h\u00e9sitez pas \u00e0 demander conseils \u00e0 notre \u00e9quipe en magasin.<\/p>\n<p>Dans votre rayon frais, d\u00e9couvrez notre offre de fromage, au centre de votre magasin, mais \u00e9galement nos plats traiteur Marcel &amp; Fils, pour d\u00e9jeuner sur le pouce lors de votre pause midi. Nos plats traiteur sont confectionn\u00e9s \u00e0 Grans (13), \u00e0 environ 30 minutes d\u2019Aix en Provence. Vous pourrez tester nos plats \u00e0 r\u00e9chauffer, mais aussi des salades originales et excellentes ! Vous trouverez \u00e9galement de nombreux desserts : yaourts, yaourts v\u00e9g\u00e9taux, desserts chocolat\u00e9s. De la viande AOP et s\u00e9lectionn\u00e9es par nos \u00e9quipes pour vous garantir un produit sourc\u00e9 et qualitatif.<\/p>\n<p>Dans notre magasin de Pertuis, personne n\u2019est oubli\u00e9 ! Nous disposons d\u2019une belle offre de produits sans gluten : divers pains, p\u00e2tes et biscuits. De produits substituts \u00e0 la viande pour les v\u00e9g\u00e9tariens et vegan : tofu, hach\u00e9 v\u00e9g\u00e9tal, saucisses v\u00e9g\u00e9tales, prot\u00e9ines v\u00e9g\u00e9tales et yaourts v\u00e9g\u00e9taux. Et avec du go\u00fbt !<\/p>\n<p>Enfin, une \u00e9quipe bio comp\u00e9tente\u00a0 et professionnelle pour vous servir !\u00a0 N\u2019h\u00e9sitez pas \u00e0 demander conseils ou \u00e0 tout simplement \u00e9changer avec nous.<\/p>","protected":false},"excerpt":{"rendered":"<p>Notre magasin bio \u00e0 Pertuis D\u00e9couvrez notre\u00a0magasin bio Marcel &amp; Fils \u00e0 Pertuis\u00a0situe\u0301 dans la zone d\u2019activit\u00e9 commerciale de la Terre du Fort, \u00e0 l\u2019adresse du 214 Rue Alain Bajac, 84120, Pertuis. Notre magasin tout juste r\u00e9nov\u00e9 vous ouvre ses portes pour un quotidien plus bio ! Vous trouverez dans notre magasin bio, une \u00e9quipe [&hellip;]<\/p>","protected":false},"featured_media":0,"template":"","meta":[],"product_cat":[21],"product_tag":[],"_links":{"self":[{"href":"https:\/\/www.grintoura.fr\/en\/wp-json\/wp\/v2\/product\/16124"}],"collection":[{"href":"https:\/\/www.grintoura.fr\/en\/wp-json\/wp\/v2\/product"}],"about":[{"href":"https:\/\/www.grintoura.fr\/en\/wp-json\/wp\/v2\/types\/product"}],"wp:attachment":[{"href":"https:\/\/www.grintoura.fr\/en\/wp-json\/wp\/v2\/media?parent=16124"}],"wp:term":[{"taxonomy":"product_cat","embeddable":true,"href":"https:\/\/www.grintoura.fr\/en\/wp-json\/wp\/v2\/product_cat?post=16124"},{"taxonomy":"product_tag","embeddable":true,"href":"https:\/\/www.grintoura.fr\/en\/wp-json\/wp\/v2\/product_tag?post=16124"}],"curies":[{"name":"wp","href":"https:\/\/api.w.org\/{rel}","templated":true}]}}