	
	
	
	
{"id":16119,"date":"2025-03-27T15:59:21","date_gmt":"2025-03-27T14:59:21","guid":{"rendered":"https:\/\/www.grintoura.fr\/product\/magasin-bio-marcelfils-avignon\/"},"modified":"2025-10-14T07:08:54","modified_gmt":"2025-10-14T05:08:54","slug":"magasin-bio-marcelfils-avignon","status":"publish","type":"product","link":"https:\/\/www.grintoura.fr\/en\/product\/magasin-bio-marcelfils-avignon\/","title":{"rendered":"Magasin Bio marcel&fils Avignon"},"content":{"rendered":"<p><strong>Notre magasin bio \u00e0 Avignon<\/strong><br \/>\nLe magasin Marcel &amp; Fils d\u2019Avignon est embl\u00e9matique\u00a0! Pour d\u00e9guster de bons produits bio, prendre soin de sa sant\u00e9 et de l\u2019environnement, n\u2019h\u00e9sitez pas \u00a0\u00e0 venir faire un tour dans notre magasin bio situ\u00e9 \u00e0 Sorgues dans la zone commerciale Avignon Nord Le Pontet Lot numero 7 lotissement Barn\u00e9oud (84700).<\/p>\n<p>A la sortie 23, Avignon Nord, de l\u2019autoroute A7 en venant de Aix-Marseille, vous trouverez facilement notre magasin bio et sa couleur embl\u00e9matique orange.<\/p>\n<p><em><strong>On se pr\u00e9sente ?<\/strong><\/em><br \/>\nNotre magasin bio Marcel &amp; Fils Avignon vous propose de mieux consommer au quotidien\u00a0: des fruits et l\u00e9gumes locaux ET bio, tout droit sortis des champs de nos producteurs locaux partenaires. S\u00e9lectionn\u00e9s pour leurs go\u00fbts et leur saveur authentique.<\/p>\n<p>Des produits \u00e9picerie, sucr\u00e9s et sal\u00e9es pour pr\u00e9parer vos recettes bio. En passant des confitures bio aux farines, et diverses graines\u2026 Vous trouverez certainement votre bonheur\u00a0!<\/p>\n<p>Des produits en vrac pour opter vers une consommation plus \u00e9conomique et responsable. Vous trouverez dans nos rayons de quoi pr\u00e9parer vos plats du quotidien, de quoi prendre des petit en-cas (graines, ap\u00e9ritif, bonbons\u2026) mais \u00e9galement de quoi prendre soin de votre \u00ab\u00a0chez vous\u00a0\u00bb en achetant des produits m\u00e9nagers en vrac tel que de la bicarbonate de soude, de la lessive en vrac, de la cire d\u2019abeilles\u2026<\/p>\n<p>En parlant de soin, votre magasin bio Marcel &amp; fils Avignon n\u2019est pas seulement une \u00e9picerie bio. Vous y trouverez \u00e9galement de quoi prendre soin de vous avec une large gamme de produits cosm\u00e9tiques et des produits sant\u00e9. Notre offre vous permet de penser \u00e0 son bien-\u00eatre tout en restant le plus naturel possible avec des produits bio, \u00e9thique, et pr\u00f4nant la m\u00e9decine douce. Nos naturopathes, conseill\u00e9s confirm\u00e9s, se feront un plaisir de vous guider \u00e0 travers notre rayon pour vous conseilleront r\u00e9pondre \u00e0 vos demandes. Sachez que vous pouvez retrouver dans votre magasin notre marque Le choix du Naturo\u00a0: une gamme de produits de sant\u00e9 pens\u00e9 par nos naturopathes. Chez marcel&amp;fils, on partage nos comp\u00e9tences\u00a0!<\/p>\n<p>Bref, dans notre magasin bio, vous trouverez tout pour un quotidien plus vert, plus bio du petit-d\u00e9jeuner, au d\u00eener\u00a0! Avec une \u00e9quipe aux petits soins pour ses clients, n\u2019h\u00e9sitez pas \u00e0 demander des informations, c\u2019est un plaisir de vous guider \u00e0 travers le magasin et partager nos exp\u00e9riences.<\/p>\n<p><strong>Contact<\/strong><br \/>\nTel :\u00a004 90 88 06 43<\/p>","protected":false},"excerpt":{"rendered":"<p>Notre magasin bio \u00e0 Avignon Le magasin Marcel &amp; Fils d\u2019Avignon est embl\u00e9matique\u00a0! Pour d\u00e9guster de bons produits bio, prendre soin de sa sant\u00e9 et de l\u2019environnement, n\u2019h\u00e9sitez pas \u00a0\u00e0 venir faire un tour dans notre magasin bio situ\u00e9 \u00e0 Sorgues dans la zone commerciale Avignon Nord Le Pontet Lot numero 7 lotissement Barn\u00e9oud (84700). [&hellip;]<\/p>","protected":false},"featured_media":0,"template":"","meta":[],"product_cat":[21],"product_tag":[],"_links":{"self":[{"href":"https:\/\/www.grintoura.fr\/en\/wp-json\/wp\/v2\/product\/16119"}],"collection":[{"href":"https:\/\/www.grintoura.fr\/en\/wp-json\/wp\/v2\/product"}],"about":[{"href":"https:\/\/www.grintoura.fr\/en\/wp-json\/wp\/v2\/types\/product"}],"wp:attachment":[{"href":"https:\/\/www.grintoura.fr\/en\/wp-json\/wp\/v2\/media?parent=16119"}],"wp:term":[{"taxonomy":"product_cat","embeddable":true,"href":"https:\/\/www.grintoura.fr\/en\/wp-json\/wp\/v2\/product_cat?post=16119"},{"taxonomy":"product_tag","embeddable":true,"href":"https:\/\/www.grintoura.fr\/en\/wp-json\/wp\/v2\/product_tag?post=16119"}],"curies":[{"name":"wp","href":"https:\/\/api.w.org\/{rel}","templated":true}]}}