	
	
	
	
{"id":16093,"date":"2025-03-27T15:28:41","date_gmt":"2025-03-27T14:28:41","guid":{"rendered":"https:\/\/www.grintoura.fr\/product\/magasin-bio-marcelfils-chenove-copie\/"},"modified":"2025-10-14T07:08:55","modified_gmt":"2025-10-14T05:08:55","slug":"magasin-bio-marcelfils-chenove-copie","status":"publish","type":"product","link":"https:\/\/www.grintoura.fr\/en\/product\/magasin-bio-marcelfils-chenove-copie\/","title":{"rendered":"Magasin Bio marcel&fils Dijon"},"content":{"rendered":"<p>Notre magasin Bio marcel&amp;fils \u00e0 Dijon<br \/>\nOn se pr\u00e9sente ?<\/p>\n<p>L&rsquo;\u00e9t\u00e9 2022 a \u00e9t\u00e9 marqu\u00e9 par l&rsquo;int\u00e9gration du r\u00e9seau La Vie Saine au sein du groupe marcel&amp;fils.<\/p>\n<p>Cette alliance strat\u00e9gique refl\u00e8te une avanc\u00e9e d\u00e9lib\u00e9r\u00e9e et indispensable, port\u00e9e par de solides valeurs partag\u00e9es entre les deux entit\u00e9s. Toutes deux ancr\u00e9es dans une histoire familiale riche, elles h\u00e9ritent de leur ADN une passion pour la transmission et le plaisir des bons produits bio, sains et d\u00e9licieux.<\/p>\n<p>L&rsquo;aventure marcel&amp;fils a d\u00e9but\u00e9 en famille ! Unissant l&rsquo;amour du bien manger, le p\u00e8re et le fils ont d\u00e9velopp\u00e9 un concept de magasin bio r\u00e9solument joyeux, ax\u00e9 sur la gourmandise et la qualit\u00e9 des produits !<\/p>\n<p>Implant\u00e9e depuis 2008 dans le Sud-Est de la France, l&rsquo;enseigne a conquis le c\u0153ur des \u00e9picuriens et \u00e9tendu son rayonnement au-del\u00e0 de sa r\u00e9gion d&rsquo;origine. Continuons ensemble \u00e0 cultiver ce que nous appelons \u00ab\u00a0le bio plaisir\u00a0\u00bb.<\/p>\n<p>Afin de tenir nos engagements, l&rsquo;enseigne mobilise toute son \u00e9nergie pour offrir une offre moderne et qualitative, avec des recettes exclusives pla\u00e7ant le go\u00fbt et l&rsquo;origine des produits au centre de ses pr\u00e9occupations. Une aventure gourmande pleine de vitalit\u00e9 dont l&rsquo;objectif est d&rsquo;harmoniser plaisir et convivialit\u00e9 autour de repas \u00e0 la fois bio, sains et savoureux !<\/p>\n<p>Cette joie et g\u00e9n\u00e9rosit\u00e9 vous attendent bient\u00f4t lorsque vous pousserez la porte de votre magasin.<\/p>\n<p>\u00cates-vous pr\u00eats \u00e0 faire notre connaissance ?\u00a0\u00bb<\/p>","protected":false},"excerpt":{"rendered":"<p>Notre magasin Bio marcel&amp;fils \u00e0 Dijon On se pr\u00e9sente ? L&rsquo;\u00e9t\u00e9 2022 a \u00e9t\u00e9 marqu\u00e9 par l&rsquo;int\u00e9gration du r\u00e9seau La Vie Saine au sein du groupe marcel&amp;fils. Cette alliance strat\u00e9gique refl\u00e8te une avanc\u00e9e d\u00e9lib\u00e9r\u00e9e et indispensable, port\u00e9e par de solides valeurs partag\u00e9es entre les deux entit\u00e9s. Toutes deux ancr\u00e9es dans une histoire familiale riche, elles [&hellip;]<\/p>","protected":false},"featured_media":0,"template":"","meta":[],"product_cat":[21],"product_tag":[],"_links":{"self":[{"href":"https:\/\/www.grintoura.fr\/en\/wp-json\/wp\/v2\/product\/16093"}],"collection":[{"href":"https:\/\/www.grintoura.fr\/en\/wp-json\/wp\/v2\/product"}],"about":[{"href":"https:\/\/www.grintoura.fr\/en\/wp-json\/wp\/v2\/types\/product"}],"wp:attachment":[{"href":"https:\/\/www.grintoura.fr\/en\/wp-json\/wp\/v2\/media?parent=16093"}],"wp:term":[{"taxonomy":"product_cat","embeddable":true,"href":"https:\/\/www.grintoura.fr\/en\/wp-json\/wp\/v2\/product_cat?post=16093"},{"taxonomy":"product_tag","embeddable":true,"href":"https:\/\/www.grintoura.fr\/en\/wp-json\/wp\/v2\/product_tag?post=16093"}],"curies":[{"name":"wp","href":"https:\/\/api.w.org\/{rel}","templated":true}]}}