	
	
	
	
{"id":16090,"date":"2025-03-27T15:28:22","date_gmt":"2025-03-27T14:28:22","guid":{"rendered":"https:\/\/www.grintoura.fr\/product\/magasin-bio-marcelfils-chenove\/"},"modified":"2025-10-14T07:08:55","modified_gmt":"2025-10-14T05:08:55","slug":"magasin-bio-marcelfils-chenove","status":"publish","type":"product","link":"https:\/\/www.grintoura.fr\/en\/product\/magasin-bio-marcelfils-chenove\/","title":{"rendered":"Magasin bio marcel&fils Chen\u00f4ve"},"content":{"rendered":"<p><strong>Notre magasin bio \u00e0 Chen\u00f4ve<\/strong><br \/>\n<strong><em>On se pr\u00e9sente ?<\/em><\/strong><br \/>\nD\u00e9couvrez notre grand\u00a0magasin bio Marcel &amp;\u00a0Fils \u00e0 Chen\u00f4ve situ\u00e9 6 Rue des Fr\u00e8res Montgolfier, 21300 Chen\u00f4ve. Notre magasin bio et notre \u00e9quipe vous accueille avec grand plaisir du lundi au samedi de 9h \u00e0 19h30. Vous trouverez dans notre boutique, tout ce qu\u2019il vous faut pour un quotidien plus bio et sain\u00a0: fruits et l\u00e9gumes bio, un grand rayon d\u2019\u00e9picerie sal\u00e9 et sucr\u00e9, un rayon vrac en libre-service, ainsi qu\u2019un rayon sant\u00e9 beaut\u00e9. Venez nous rendre visite dans notre magasin Marcel &amp; Fils \u00e0 Chen\u00f4ve !<\/p>\n<p>Chez Marcel &amp; Fils, notre priorit\u00e9 est de vous offrir une s\u00e9lection soigneusement choisie de produits de haute qualit\u00e9, respectueux de l&rsquo;environnement et bons pour votre sant\u00e9.<\/p>\n<p>Chez Marcel &amp; Fils, nous comprenons l&rsquo;importance de consommer des aliments sains et naturels. C&rsquo;est pourquoi nous ne proposons que des produits bio certifi\u00e9s. Nous travaillons en \u00e9troite collaboration avec des producteurs locaux et des fournisseurs de confiance pour garantir que chaque produit que nous mettons en rayon r\u00e9pond aux normes les plus strictes en mati\u00e8re d&rsquo;agriculture biologique.<\/p>\n<p>&nbsp;<\/p>\n<p>Marcel &amp; Fils Chen\u00f4ve, c&rsquo;est la bonne humeur, le partage entre amis ou bien en famille d&rsquo;un bon plat cuisin\u00e9. Situ\u00e9 \u00e0 6 min en v\u00e9hicule du Centre de Chen\u00f4ve en suivant le Boulevard Mar\u00e9chal Leclerc.<\/p>\n<p>&nbsp;<\/p>\n<p>Dans les rayons Marcel &amp; Fils, nous sommes l\u00e0 pour r\u00e9pondre \u00e0 vos besoins et pour vous satisfaire un maximum ; Nous disposons d&rsquo;un rayon sant\u00e9 beaut\u00e9, des naturopathes sont l\u00e0 pour vous conseiller, \u00e9galement d&rsquo;un rayon vrac et nous avons \u00e0 disposition des fruits et l\u00e9gumes frais.<\/p>\n<p>N\u2019h\u00e9sitez pas \u00e0 nous demander conseils, nous sommes l\u00e0 pour vous recommander des produits naturels et sains pour votre corps\u00a0: compl\u00e9ments alimentaires, aromath\u00e9rapie, gels douche, shampoings, mais \u00e9galement des produits z\u00e9ro d\u00e9chet, pour un mode de vie plus sain, ainsi que des produits pour la maison.<\/p>\n<p>Vous trouverez \u00e9galement dans notre magasin des fruits et l\u00e9gumes, bio, bien entendu, et d\u00e8s que possible Fran\u00e7ais\u00a0! Notre s\u00e9lection de fruits et l\u00e9gumes vous promet des produits de qualit\u00e9s et gustativement au rendez-vous\u00a0!<\/p>\n<p>Notre \u00e9quipe d\u00e9vou\u00e9e de professionnels passionn\u00e9s est l\u00e0 pour vous aider et r\u00e9pondre \u00e0 toutes vos questions. Que vous ayez besoin de conseils sur les produits, des recommandations de recettes ou simplement envie d&rsquo;\u00e9changer sur les bienfaits d&rsquo;une alimentation bio, nous sommes l\u00e0 pour vous accompagner.<\/p>\n<p>Nous disposons \u00e9galement d\u2019un rayon pour prendre soin de votre maison\u00a0:\u00a0\u00ab\u00a0Un esprit sain dans une maison saine\u00a0\u00bb\u00a0: vous trouverez de quoi nettoyer votre chez vous tout en prenant soin de l\u2019environnement\u00a0: bicarbonate de soude, savon noir, savon de Marseille, \u00e9ponges jetables et liquide vaisselle d\u2019origine naturel.<\/p>\n<p>&nbsp;<\/p>\n<p>Notre \u00e9quipe bio de Chen\u00f4ve se tient \u00e0 votre disposition lors de votre visite ! \u00a0N\u2019h\u00e9sitez pas \u00e0 nous joindre au 03 80 51 16 51, ainsi qu\u2019\u00e0 nous laisser un avis sur notre magasin sur Google et sur GRINTOURA<\/p>","protected":false},"excerpt":{"rendered":"<p>Notre magasin bio \u00e0 Chen\u00f4ve On se pr\u00e9sente ? D\u00e9couvrez notre grand\u00a0magasin bio Marcel &amp;\u00a0Fils \u00e0 Chen\u00f4ve situ\u00e9 6 Rue des Fr\u00e8res Montgolfier, 21300 Chen\u00f4ve. Notre magasin bio et notre \u00e9quipe vous accueille avec grand plaisir du lundi au samedi de 9h \u00e0 19h30. Vous trouverez dans notre boutique, tout ce qu\u2019il vous faut pour [&hellip;]<\/p>","protected":false},"featured_media":0,"template":"","meta":[],"product_cat":[21],"product_tag":[],"_links":{"self":[{"href":"https:\/\/www.grintoura.fr\/en\/wp-json\/wp\/v2\/product\/16090"}],"collection":[{"href":"https:\/\/www.grintoura.fr\/en\/wp-json\/wp\/v2\/product"}],"about":[{"href":"https:\/\/www.grintoura.fr\/en\/wp-json\/wp\/v2\/types\/product"}],"wp:attachment":[{"href":"https:\/\/www.grintoura.fr\/en\/wp-json\/wp\/v2\/media?parent=16090"}],"wp:term":[{"taxonomy":"product_cat","embeddable":true,"href":"https:\/\/www.grintoura.fr\/en\/wp-json\/wp\/v2\/product_cat?post=16090"},{"taxonomy":"product_tag","embeddable":true,"href":"https:\/\/www.grintoura.fr\/en\/wp-json\/wp\/v2\/product_tag?post=16090"}],"curies":[{"name":"wp","href":"https:\/\/api.w.org\/{rel}","templated":true}]}}