	
	
	
	
{"id":16084,"date":"2025-03-27T15:21:34","date_gmt":"2025-03-27T14:21:34","guid":{"rendered":"https:\/\/www.grintoura.fr\/product\/magasin-bio-marcelfils-montbeliard\/"},"modified":"2025-10-14T07:08:55","modified_gmt":"2025-10-14T05:08:55","slug":"magasin-bio-marcelfils-montbeliard","status":"publish","type":"product","link":"https:\/\/www.grintoura.fr\/en\/product\/magasin-bio-marcelfils-montbeliard\/","title":{"rendered":"Magasin bio marcel&fils Montb\u00e9liard"},"content":{"rendered":"<p><strong>Notre magasin bio \u00e0 Montb\u00e9liard<\/strong><br \/>\n<em><strong>On se pr\u00e9sente ?<\/strong><\/em><br \/>\nL&rsquo;\u00e9t\u00e9 2022 a \u00e9t\u00e9 marqu\u00e9 par l&rsquo;acquisition du r\u00e9seau La Vie Saine par le groupe marcel&amp;fils.<\/p>\n<p>Un rapprochement strat\u00e9gique qui traduit une marche en avant assum\u00e9e et n\u00e9cessaire, port\u00e9e par de puissantes valeurs communes entre les deux entit\u00e9s. Toutes deux inscrites dans un historique familial fort, elles portent dans leur ADN ce go\u00fbt de la transmission et le plaisir des bons produits bio sains et savoureux.<\/p>\n<p>C&rsquo;est en famille que l&rsquo;aventure marcel&amp;fils a d\u00e9marr\u00e9 ! P\u00e8re et fils ont uni leur amour du bien manger pour proposer un concept de magasin bio r\u00e9solument joyeux, tourn\u00e9 vers la gourmandise et la qualit\u00e9 de ses produits !<\/p>\n<p>Pr\u00e9sente depuis 2008 dans le Sud-Est de la France, l&rsquo;enseigne a su conqu\u00e9rir le c\u0153ur des \u00e9picuriens et s&rsquo;exporter au-del\u00e0 de sa r\u00e9gion d&rsquo;origine. Continuons ensemble \u00e0 cr\u00e9er ce qu&rsquo;on appelle chez nous \u201cle bio plaisir\u201d.<\/p>\n<p>&nbsp;<\/p>\n<p>Pour tenir nos promesses, l&rsquo;enseigne met toute son \u00e9nergie \u00e0 proposer une offre moderne et qualitative avec des recettes exclusives qui positionnent le go\u00fbt et l&rsquo;origine des produits au c\u0153ur de leurs pr\u00e9occupations. Une aventure gourmande pleine de peps dont l&rsquo;envie est de conjuguer plaisir et convivialit\u00e9 autour de repas \u00e0 la fois bio, sains et savoureux !<\/p>\n<p>C&rsquo;est cette joie et g\u00e9n\u00e9rosit\u00e9 que vous retrouverez prochainement en poussant la porte de votre magasin.<\/p>\n<p><em>\u00cates-vous pr\u00eats \u00e0 nous rencontrer ?<\/em><\/p>\n<p><em><strong>Dans notre magasin<\/strong><\/em><br \/>\nNotre boutique bio Marcel &amp; Fils Mont\u00e9bliard vous offre l&rsquo;opportunit\u00e9 d&rsquo;am\u00e9liorer votre consommation quotidienne : des fruits et l\u00e9gumes locaux et biologiques, fra\u00eechement r\u00e9colt\u00e9s des champs de nos partenaires producteurs locaux. Rigoureusement s\u00e9lectionn\u00e9s pour leurs saveurs authentiques.<\/p>\n<p>Explorez notre assortiment d&rsquo;\u00e9picerie sucr\u00e9e et sal\u00e9e pour pr\u00e9parer vos d\u00e9licieuses recettes bio. Que vous soyez amateur de confitures bio, de farines ou de diverses graines, vous trouverez assur\u00e9ment votre bonheur !<\/p>\n<p>Optez pour une consommation plus \u00e9conome et responsable avec nos produits en vrac. Parcourez nos rayons pour d\u00e9nicher tout le n\u00e9cessaire pour vos plats quotidiens, ainsi que de d\u00e9licieux en-cas tels que des graines, des ap\u00e9ritifs, des bonbons, et m\u00eame des produits m\u00e9nagers en vrac tels que du bicarbonate de soude, de la lessive en vrac, de la cire d&rsquo;abeille&#8230;<\/p>\n<p>En mati\u00e8re de soin, notre magasin bio Marcel &amp; Fils Mont\u00e9b\u00e9liard est bien plus qu&rsquo;une simple \u00e9picerie bio. Explorez notre vaste gamme de produits cosm\u00e9tiques et de sant\u00e9 pour prendre soin de vous. Notre offre vous permet de privil\u00e9gier votre bien-\u00eatre de mani\u00e8re naturelle avec des produits bio, \u00e9thiques, et ax\u00e9s sur la m\u00e9decine douce. Nos naturopathes exp\u00e9riment\u00e9s seront ravis de vous accompagner dans notre rayon pour r\u00e9pondre \u00e0 toutes vos demandes. N&rsquo;oubliez pas de d\u00e9couvrir notre propre marque, Le choix du Naturo, une s\u00e9lection de produits de sant\u00e9 \u00e9labor\u00e9e par nos experts en naturopathie. Chez Marcel &amp; Fils, le partage de connaissances est une priorit\u00e9 !<\/p>\n<p>En r\u00e9sum\u00e9, dans notre boutique bio, vous trouverez tout ce qu&rsquo;il vous faut pour un quotidien plus vert et plus bio, du petit-d\u00e9jeuner au d\u00eener ! Notre \u00e9quipe attentionn\u00e9e est l\u00e0 pour r\u00e9pondre \u00e0 toutes vos questions, n&rsquo;h\u00e9sitez pas \u00e0 solliciter des informations. C&rsquo;est un plaisir de vous accompagner \u00e0 travers le magasin et de partager nos exp\u00e9riences.<\/p>","protected":false},"excerpt":{"rendered":"<p>Notre magasin bio \u00e0 Montb\u00e9liard On se pr\u00e9sente ? L&rsquo;\u00e9t\u00e9 2022 a \u00e9t\u00e9 marqu\u00e9 par l&rsquo;acquisition du r\u00e9seau La Vie Saine par le groupe marcel&amp;fils. Un rapprochement strat\u00e9gique qui traduit une marche en avant assum\u00e9e et n\u00e9cessaire, port\u00e9e par de puissantes valeurs communes entre les deux entit\u00e9s. Toutes deux inscrites dans un historique familial fort, [&hellip;]<\/p>","protected":false},"featured_media":0,"template":"","meta":[],"product_cat":[21],"product_tag":[],"_links":{"self":[{"href":"https:\/\/www.grintoura.fr\/en\/wp-json\/wp\/v2\/product\/16084"}],"collection":[{"href":"https:\/\/www.grintoura.fr\/en\/wp-json\/wp\/v2\/product"}],"about":[{"href":"https:\/\/www.grintoura.fr\/en\/wp-json\/wp\/v2\/types\/product"}],"wp:attachment":[{"href":"https:\/\/www.grintoura.fr\/en\/wp-json\/wp\/v2\/media?parent=16084"}],"wp:term":[{"taxonomy":"product_cat","embeddable":true,"href":"https:\/\/www.grintoura.fr\/en\/wp-json\/wp\/v2\/product_cat?post=16084"},{"taxonomy":"product_tag","embeddable":true,"href":"https:\/\/www.grintoura.fr\/en\/wp-json\/wp\/v2\/product_tag?post=16084"}],"curies":[{"name":"wp","href":"https:\/\/api.w.org\/{rel}","templated":true}]}}