	
	
	
	
{"id":16062,"date":"2025-03-26T11:50:44","date_gmt":"2025-03-26T10:50:44","guid":{"rendered":"https:\/\/www.grintoura.fr\/product\/magasin-bio-marcelfils-dole\/"},"modified":"2025-10-14T07:08:55","modified_gmt":"2025-10-14T05:08:55","slug":"magasin-bio-marcelfils-dole","status":"publish","type":"product","link":"https:\/\/www.grintoura.fr\/en\/product\/magasin-bio-marcelfils-dole\/","title":{"rendered":"Magasin bio marcel&fils D\u00f4le"},"content":{"rendered":"<p><em><strong>Notre magasin bio \u00e0 D\u00f4le<\/strong><\/em><br \/>\n<strong>On se pr\u00e9sente ?<\/strong><\/p>\n<p>L&rsquo;\u00e9t\u00e9 2022 a \u00e9t\u00e9 marqu\u00e9 par l&rsquo;int\u00e9gration du r\u00e9seau La Vie Saine au sein du groupe marcel&amp;fils.<\/p>\n<p>Cette alliance strat\u00e9gique refl\u00e8te une avanc\u00e9e d\u00e9lib\u00e9r\u00e9e et indispensable, port\u00e9e par de solides valeurs partag\u00e9es entre les deux entit\u00e9s. Toutes deux ancr\u00e9es dans une histoire familiale riche, elles h\u00e9ritent de leur ADN une passion pour la transmission et le plaisir des bons produits bio, sains et d\u00e9licieux.<\/p>\n<p>L&rsquo;aventure marcel&amp;fils a d\u00e9but\u00e9 en famille ! Unissant l&rsquo;amour du bien manger, le p\u00e8re et le fils ont d\u00e9velopp\u00e9 un concept de magasin bio r\u00e9solument joyeux, ax\u00e9 sur la gourmandise et la qualit\u00e9 des produits !<\/p>\n<p>Implant\u00e9e depuis 2008 dans le Sud-Est de la France, l&rsquo;enseigne a conquis le c\u0153ur des \u00e9picuriens et \u00e9tendu son rayonnement au-del\u00e0 de sa r\u00e9gion d&rsquo;origine. Continuons ensemble \u00e0 cultiver ce que nous appelons \u00ab\u00a0le bio plaisir\u00a0\u00bb.<\/p>\n<p>Afin de tenir nos engagements, l&rsquo;enseigne mobilise toute son \u00e9nergie pour offrir une offre moderne et qualitative, avec des recettes exclusives pla\u00e7ant le go\u00fbt et l&rsquo;origine des produits au centre de ses pr\u00e9occupations. Une aventure gourmande pleine de vitalit\u00e9 dont l&rsquo;objectif est d&rsquo;harmoniser plaisir et convivialit\u00e9 autour de repas \u00e0 la fois bio, sains et savoureux !<\/p>\n<p>Cette joie et g\u00e9n\u00e9rosit\u00e9 vous attendent bient\u00f4t lorsque vous pousserez la porte de votre magasin.<\/p>\n<p><em>\u00cates-vous pr\u00eats \u00e0 faire notre connaissance ?<\/em><\/p>\n<p><strong>Dans notre magasin<\/strong><\/p>\n<p>Si vous r\u00e9sidez au c\u0153ur de D\u00f4le ou \u00e0 proximit\u00e9, vous devriez \u00eatre familier avec notre r\u00e9cent \u00e9tablissement Marcel &amp; Fils, id\u00e9alement situ\u00e9, \u00e0 seulement 6 minutes en voiture du centre-ville de D\u00f4le via la D475. Marcel &amp; Fils D\u00f4le s&rsquo;adapte \u00e0 vos besoins quotidiens et aux courses de d\u00e9pannage, avec un parking r\u00e9serv\u00e9 \u00e0 la client\u00e8le pour plus de commodit\u00e9. Notre magasin propose une s\u00e9lection de produits pour un mode de vie quotidien ax\u00e9 sur le bio, la sant\u00e9 et surtout, le plaisir !<\/p>\n<p>D\u00e8s votre entr\u00e9e, notre \u00e9quipe enthousiaste vous accueillera chaleureusement, vous invitant \u00e0 d\u00e9couvrir notre section de fruits et l\u00e9gumes frais et bio. Ces produits sont m\u00e9ticuleusement choisis pour leur qualit\u00e9 gustative, leur origine, et leur juste prix par nos experts en fruits et l\u00e9gumes. Chaque semaine, notre \u00e9quipe assure la livraison de produits frais et d\u00e9licieux dans le magasin Marcel &amp; Fils D\u00f4le. De plus, nous s\u00e9lectionnons r\u00e9guli\u00e8rement des produits frais en promotion afin de vous faire d\u00e9couvrir de nouvelles saveurs \u00e0 des prix avantageux. N&rsquo;h\u00e9sitez pas \u00e0 solliciter des conseils et des informations aupr\u00e8s de nos \u00e9quipes, toujours pr\u00eates \u00e0 partager des id\u00e9es d&rsquo;associations et des recettes savoureuses.<\/p>\n<p>Notre boutique bio offre une vaste gamme de produits d&rsquo;\u00e9picerie fine, comprenant des options sucr\u00e9es pour vos petits-d\u00e9jeuners et go\u00fbters, ainsi que des aides \u00e0 la p\u00e2tisserie comme diverses farines et sucrants. Parcourez \u00e9galement notre rayon caf\u00e9 et th\u00e9, ap\u00e9ritifs, sauces, plats pr\u00e9par\u00e9s, graines, l\u00e9gumineuses, laits et laits v\u00e9g\u00e9taux pour pr\u00e9parer des recettes d\u00e9licieuses et saines. Marcel &amp; Fils D\u00f4le se distingue par son engagement en faveur du bio avec un grand rayon vrac libre-service.<\/p>\n<p>Apportez vos propres bocaux pour remplir directement vos produits en vrac pr\u00e9f\u00e9r\u00e9s et les ramener chez vous. Notre rayon vrac propose divers produits, tels que des l\u00e9gumineuses, des graines pour vos salades garnies, des ol\u00e9agineux pour vos en-cas, ainsi que des confiseries et des ingr\u00e9dients de p\u00e2tisserie.<\/p>\n<p>Explorez notre rayon frais pour d\u00e9couvrir un large choix de viandes AOP, de fromages AOP, ainsi que des options vegan et v\u00e9g\u00e9tariennes, notamment des viandes v\u00e9g\u00e9tales, du lait, des yaourts et des fromages v\u00e9g\u00e9taux. Compl\u00e9tez votre repas avec des boissons fra\u00eeches telles que le kombucha, le jus de citron et le k\u00e9fir. Notre rayon traiteur propose une gamme de plats salades et plats chauds, id\u00e9als pour d\u00e9guster des recettes bio entre midi et deux, pr\u00e9par\u00e9es par nos chefs cuisiniers \u00e0 Grans (13), dans nos entrep\u00f4ts Marcel &amp; Fils, dans le Sud de la \u00a0France.<\/p>\n<p>Dans notre magasin, nous vous garantissons un service et des produits align\u00e9s sur notre philosophie de \u00ab\u00a0bien manger, bien vivre\u00a0\u00bb. Vous trouverez \u00e9galement des produits de sant\u00e9 et beaut\u00e9 pour compl\u00e9ter vos besoins en vitamines et stimuler votre organisme tout au long de l&rsquo;ann\u00e9e. Nos naturopathes sont \u00e0 votre disposition pour r\u00e9pondre \u00e0 vos questions et vous recommander des compl\u00e9ments alimentaires naturels adapt\u00e9s \u00e0 vos besoins. D\u00e9couvrez \u00e9galement notre gamme de soins beaut\u00e9, comprenant cr\u00e8mes, huiles v\u00e9g\u00e9tales, huiles essentielles, gels douche, shampooings, dentifrices, ainsi que des produits \u00e9cologiques z\u00e9ro d\u00e9chet. Ne manquez pas notre rayon librairie et hygi\u00e8ne de la maison, o\u00f9 vous trouverez des astuces, recettes DIY et des produits adapt\u00e9s \u00e0 un nettoyage \u00e9cologique et sain de votre maison. Les jeunes parents trouveront \u00e9galement tout ce dont ils ont besoin dans notre magasin bio, des laits et aliments en petits pots aux couches et soins pour la toilette.<\/p>\n<p>Enfin, d\u00e9couvrez notre \u00e9quipe d\u00e9vou\u00e9e qui est \u00e0 votre service tout au long de votre visite dans notre magasin bio Marcel &amp; Fils D\u00f4le. N&rsquo;h\u00e9sitez pas \u00e0 nous contacter au num\u00e9ro 03 84 81 29 97. \u00c0 tr\u00e8s bient\u00f4t !<\/p>","protected":false},"excerpt":{"rendered":"<p>Notre magasin bio \u00e0 D\u00f4le On se pr\u00e9sente ? L&rsquo;\u00e9t\u00e9 2022 a \u00e9t\u00e9 marqu\u00e9 par l&rsquo;int\u00e9gration du r\u00e9seau La Vie Saine au sein du groupe marcel&amp;fils. Cette alliance strat\u00e9gique refl\u00e8te une avanc\u00e9e d\u00e9lib\u00e9r\u00e9e et indispensable, port\u00e9e par de solides valeurs partag\u00e9es entre les deux entit\u00e9s. Toutes deux ancr\u00e9es dans une histoire familiale riche, elles h\u00e9ritent [&hellip;]<\/p>","protected":false},"featured_media":0,"template":"","meta":[],"product_cat":[21],"product_tag":[],"_links":{"self":[{"href":"https:\/\/www.grintoura.fr\/en\/wp-json\/wp\/v2\/product\/16062"}],"collection":[{"href":"https:\/\/www.grintoura.fr\/en\/wp-json\/wp\/v2\/product"}],"about":[{"href":"https:\/\/www.grintoura.fr\/en\/wp-json\/wp\/v2\/types\/product"}],"wp:attachment":[{"href":"https:\/\/www.grintoura.fr\/en\/wp-json\/wp\/v2\/media?parent=16062"}],"wp:term":[{"taxonomy":"product_cat","embeddable":true,"href":"https:\/\/www.grintoura.fr\/en\/wp-json\/wp\/v2\/product_cat?post=16062"},{"taxonomy":"product_tag","embeddable":true,"href":"https:\/\/www.grintoura.fr\/en\/wp-json\/wp\/v2\/product_tag?post=16062"}],"curies":[{"name":"wp","href":"https:\/\/api.w.org\/{rel}","templated":true}]}}