	
	
	
	
{"id":15971,"date":"2025-03-24T07:14:08","date_gmt":"2025-03-24T06:14:08","guid":{"rendered":"https:\/\/www.grintoura.fr\/product\/ferme-des-fruits-rouges\/"},"modified":"2025-03-24T07:14:08","modified_gmt":"2025-03-24T06:14:08","slug":"ferme-des-fruits-rouges","status":"publish","type":"product","link":"https:\/\/www.grintoura.fr\/en\/product\/ferme-des-fruits-rouges\/","title":{"rendered":"Ferme des Fruits Rouges"},"content":{"rendered":"<p><strong>Ferme des Fruits Rouges<\/strong><\/p>\n<p><em>Un savoir faire,\u00a0l&rsquo;amour de la nature<\/em><br \/>\n\u00c0 la ferme des Fruits Rouges, voil\u00e0 bient\u00f4t 30 ans que nous soignons nos vergers, nos champs et nos vaches avec amour et savoir-faire pour proposer des fruits et de la viande de grande qualit\u00e9.<br \/>\nNous veillons quotidiennement \u00e0 respecter notre environnement. Dans cette logique, une partie de nos vergers ainsi que nos c\u00e9r\u00e9ales et viandes sont certifi\u00e9s BIO.<br \/>\nNos produits sont faits avec du c\u0153ur.<br \/>\nNous esp\u00e9rons qu\u2019ils vous r\u00e9galerons.<\/p>\n<p><strong>Pommes, poires, fraises, cerises<\/strong><br \/>\nD\u00e9couvrez en fonction des saisons\u00a0nos diff\u00e9rentes vari\u00e9t\u00e9s de fruits.<\/p>\n<p><strong>Vari\u00e9t\u00e9s de pommes BIO :<\/strong><\/p>\n<p>Elstar &gt; Gala &gt; Topaze &gt; Arianne &gt; Canada &gt; Tentation &gt; Belchard &gt; Choupette &gt; Joya &gt; Goldruch<\/p>\n<p><strong>Vari\u00e9t\u00e9s de pommes raisonn\u00e9es :<\/strong><br \/>\nTentation &gt; Jazz &gt; Pinklady<\/p>\n<p><em>Les fruits peuvent \u00eatre achet\u00e9s cueillis ou \u00e0 cueillir.<\/em><br \/>\n<em>\u00a0<\/em><\/p>\n<p><strong>Un cheptel de Limousines et\u00a0Aubracs<\/strong><br \/>\n150 vaches, veaux, taureaux constituent le cheptel de la ferme des\u00a0Fruits Rouges.<\/p>\n<p>De races Limousine\u00a0et Aubrac, nos b\u00eates naissent et\u00a0sont engraiss\u00e9es dans nos b\u00e2timents\u00a0et nos champs de p\u00e2ture avec les\u00a0c\u00e9r\u00e9ales BIO que nous produisons.<br \/>\nL\u2019\u00e9levage se fait dans le plus grand\u00a0respect de l\u2019animal pour une qualit\u00e9\u00a0et un go\u00fbt incomparables.<\/p>\n<p>&nbsp;<\/p>\n<p>contact@ferme-fruits-rouges.fr<br \/>\nJean-Pierre Hod\u00e9 : 06 80 06 60 95 Denis Cachet : 06 75 02 74 12<br \/>\nLa B\u00e9doire &#8211; Varades 44370 Loireauxence<\/p>","protected":false},"excerpt":{"rendered":"<p>Ferme des Fruits Rouges Un savoir faire,\u00a0l&rsquo;amour de la nature \u00c0 la ferme des Fruits Rouges, voil\u00e0 bient\u00f4t 30 ans que nous soignons nos vergers, nos champs et nos vaches avec amour et savoir-faire pour proposer des fruits et de la viande de grande qualit\u00e9. Nous veillons quotidiennement \u00e0 respecter notre environnement. Dans cette logique, [&hellip;]<\/p>","protected":false},"featured_media":0,"template":"","meta":[],"product_cat":[21],"product_tag":[],"_links":{"self":[{"href":"https:\/\/www.grintoura.fr\/en\/wp-json\/wp\/v2\/product\/15971"}],"collection":[{"href":"https:\/\/www.grintoura.fr\/en\/wp-json\/wp\/v2\/product"}],"about":[{"href":"https:\/\/www.grintoura.fr\/en\/wp-json\/wp\/v2\/types\/product"}],"wp:attachment":[{"href":"https:\/\/www.grintoura.fr\/en\/wp-json\/wp\/v2\/media?parent=15971"}],"wp:term":[{"taxonomy":"product_cat","embeddable":true,"href":"https:\/\/www.grintoura.fr\/en\/wp-json\/wp\/v2\/product_cat?post=15971"},{"taxonomy":"product_tag","embeddable":true,"href":"https:\/\/www.grintoura.fr\/en\/wp-json\/wp\/v2\/product_tag?post=15971"}],"curies":[{"name":"wp","href":"https:\/\/api.w.org\/{rel}","templated":true}]}}