	
	
	
	
{"id":15848,"date":"2025-03-18T10:41:13","date_gmt":"2025-03-18T09:41:13","guid":{"rendered":"https:\/\/www.grintoura.fr\/product\/le-french-way\/"},"modified":"2025-03-23T06:31:40","modified_gmt":"2025-03-23T05:31:40","slug":"le-french-way","status":"publish","type":"product","link":"https:\/\/www.grintoura.fr\/en\/product\/le-french-way\/","title":{"rendered":"Le French Way"},"content":{"rendered":"<p><strong>L&rsquo;italie a la Vespa&#8230; et la France retrouve SON SOLEX!<\/strong><\/p>\n<p>\u00c0 l&rsquo;image de la Vespa en Italie, la France redonne vie \u00e0 son Solex, symbole intemporel de style et d&rsquo;\u00e9l\u00e9gance.<\/p>\n<p>Il y a un an Le French Way s&rsquo;est fix\u00e9 une mission claire : repopulariser le Solex en le r\u00e9introduisant dans les rues parisiennes et en transformant le march\u00e9 touristique avec une offre innovante.<\/p>\n<p>A travers des visites guid\u00e9es et des locations de Solex \u00e9lectriques, nous proposons une exp\u00e9rience authentique, m\u00ealant tradition et modernit\u00e9, pour d\u00e9couvrir Paris autrement.<\/p>\n<p>Ce projet r\u00e9pond aux enjeux actuels : Made in France, \u00e9cologie, confort et accessibilit\u00e9. En pla\u00e7ant le Solex au c\u0153ur de la mobilit\u00e9 douce, nous offrons une solution \u00e9l\u00e9gante et durable pour explorer la capitale.<\/p>\n<p>Avec Le French Way, Paris s&rsquo;illumine d&rsquo;un nouvel \u00e9clat, o\u00f9 le charme vintage du Solex rencontre une vision \u00e9coresponsable et moderne du tourisme.<\/p>\n<p>&nbsp;<\/p>\n<p><strong>L&rsquo;histoire d&rsquo;un projet intra-entrepreneurial porte par quatre passionnes aux parcours et horizons divers.<\/strong><\/p>\n<p>Trois coll\u00e8gues et une PME lilloise se sont associ\u00e9s pour transformer une id\u00e9e en un projet, puis en realite. Aujourd hui, ils vous offrent une exp\u00e9rience unique a travers Paris en Solex, un v\u00e9hicule l\u00e9gendaire qui a marqu\u00e9 l&rsquo;histoire fran\u00e7aise.<\/p>\n<p><strong>Portrait rapide des 4 associ\u00e9s :<\/strong><\/p>\n<p><em>Un Nordiste<\/em>, passionn\u00e9 de voyage et d&rsquo;entrepreneuriat, revient \u00e0 Lille apr\u00e8s avoir sillonn\u00e9 la France. Bien que d\u00e9sormais \u00e0 Paris, il garde un amour pour le Solex et les traditions du<\/p>\n<p><em>Un Franco-Mexicain<\/em>, v\u00e9ritable globe-trotter ayant v\u00e9cu au Mexique, \u00e9tudi\u00e9 en France et travaill\u00e9 en Chine. Il s&rsquo;installe \u00e0 Paris, avec un c\u0153ur profond\u00e9ment attach\u00e9 \u00e0 la culture fran\u00e7aise.<\/p>\n<p><em>Un second Nordiste<\/em>, pilier de la PME lilloise, entreprenant et sportif. Attach\u00e9 \u00e0 ses racines, mais avec une vision internationale et une passion pour l&rsquo;entrepreneuriat.<\/p>\n<p><em>Le quatri\u00e8me associ\u00e9<\/em>, repr\u00e9sentant la PME lilloise, soutient l&rsquo;innovation durable avec une approche \u00e9co-responsable.<\/p>\n<p><strong>Le French Way<\/strong> vise \u00e0 r\u00e9introduire des \u00e9l\u00e9ments du pass\u00e9, comme le Solex, pour offrir une aventure exceptionnelle et authentique au c\u0153ur de la France, en commen\u00e7ant par Paris, la capitale la plus visit\u00e9e au monde.<\/p>\n<p>&nbsp;<\/p>\n<p><strong>Nos Engagements:<\/strong><\/p>\n<p><strong>Responsabilit\u00e9 Pour la plan\u00e8te<\/strong><\/p>\n<p>Conscients des enjeux environnementaux, nous avons choisi de privil\u00e9gier une approche \u00e9cologique. Nos visites guid\u00e9es en Solex utilisent des v\u00e9hicules restaur\u00e9s et r\u00e9trofit\u00e9s, participant ainsi \u00e0 la r\u00e9duction des \u00e9missions de carbone.<\/p>\n<p><strong>Made in France<\/strong><\/p>\n<p><strong>Tradition et modernit\u00e9<\/strong><\/p>\n<p>Le Solex, symbole du savoir-faire fran\u00e7ais, incarne l&rsquo;essence de notre projet. En alliant ce v\u00e9hicule historique \u00e0 des exp\u00e9riences autour de la gastronomie fran\u00e7aise, de l&rsquo;art et du luxe, nous vous offrons un service \u00ab\u00a0sur-mesure\u00a0\u00bb typiquement Fran\u00e7ais.<\/p>\n<p><strong>S\u00e9curit\u00e9<\/strong><\/p>\n<p><strong>Tranquillit\u00e9 assur\u00e9e<\/strong><\/p>\n<p>Nos Solex, autoris\u00e9s sur les pistes cyclables, garantissent des visites guid\u00e9es en toute s\u00e9r\u00e9nit\u00e9. Vous profitez ainsi d&rsquo;une balade fluide et s\u00e9curis\u00e9e \u00e0 travers la capitale.<\/p>\n<p><strong>Accesibilit\u00e9<\/strong><\/p>\n<p><strong>Pour tous, sans effort<\/strong><\/p>\n<p>Le Solex \u00e9lectrique \u00e9limine la contrainte du p\u00e9dalage, rendant la balade fluide et accessible \u00e0 chacun. Quel que soit votre \u00e2ge ou vos capacit\u00e9s, profitez d&rsquo;une exp\u00e9rience sans effort pour explorer Paris en toute l\u00e9g\u00e8ret\u00e9.<\/p>","protected":false},"excerpt":{"rendered":"<p>L&rsquo;italie a la Vespa&#8230; et la France retrouve SON SOLEX! \u00c0 l&rsquo;image de la Vespa en Italie, la France redonne vie \u00e0 son Solex, symbole intemporel de style et d&rsquo;\u00e9l\u00e9gance. Il y a un an Le French Way s&rsquo;est fix\u00e9 une mission claire : repopulariser le Solex en le r\u00e9introduisant dans les rues parisiennes et [&hellip;]<\/p>","protected":false},"featured_media":0,"template":"","meta":[],"product_cat":[21],"product_tag":[],"_links":{"self":[{"href":"https:\/\/www.grintoura.fr\/en\/wp-json\/wp\/v2\/product\/15848"}],"collection":[{"href":"https:\/\/www.grintoura.fr\/en\/wp-json\/wp\/v2\/product"}],"about":[{"href":"https:\/\/www.grintoura.fr\/en\/wp-json\/wp\/v2\/types\/product"}],"wp:attachment":[{"href":"https:\/\/www.grintoura.fr\/en\/wp-json\/wp\/v2\/media?parent=15848"}],"wp:term":[{"taxonomy":"product_cat","embeddable":true,"href":"https:\/\/www.grintoura.fr\/en\/wp-json\/wp\/v2\/product_cat?post=15848"},{"taxonomy":"product_tag","embeddable":true,"href":"https:\/\/www.grintoura.fr\/en\/wp-json\/wp\/v2\/product_tag?post=15848"}],"curies":[{"name":"wp","href":"https:\/\/api.w.org\/{rel}","templated":true}]}}