	
	
	
	
{"id":15829,"date":"2025-03-18T10:18:57","date_gmt":"2025-03-18T09:18:57","guid":{"rendered":"https:\/\/www.grintoura.fr\/product\/la-ferme-ques-aquo\/"},"modified":"2025-04-15T23:24:25","modified_gmt":"2025-04-15T21:24:25","slug":"la-ferme-ques-aquo","status":"publish","type":"product","link":"https:\/\/www.grintoura.fr\/en\/product\/la-ferme-ques-aquo\/","title":{"rendered":"La ferme Qu\u2019es Aqu\u00f2"},"content":{"rendered":"<p><strong>La ferme Qu&rsquo;es Aqu\u00f2<\/strong><br \/>\nLa Ferme Qu\u2019es Aquo propose d\u00e9sormais une boutique en ligne sur\u00a0localbio.fr, afin de vous donner la possibilit\u00e9 de commander plus facilement et d\u2019avoir une meilleure visibilit\u00e9 sur mes produits et leur disponibilit\u00e9.<\/p>\n<p>Cette derni\u00e8re est comme toujours li\u00e9e \u00e0 la saison mais aussi, dans le monde agricole, aux al\u00e9as climatiques de l\u2019ann\u00e9e en cours.<\/p>\n<p>\u200b<\/p>\n<p><strong>Qui ?<\/strong><br \/>\nC\u2019est une ferme familiale de 15 Ha\u00a0 \u00e0 \u00e9chelle humaine, o\u00f9 l\u2019on produit des denr\u00e9es v\u00e9g\u00e9tales. Elle sert aussi de support pour accueillir et appr\u00e9hender tout l\u2019univers d\u2019une exploitation agricole, le m\u00e9tier d\u2019agriculteur-paysan et pratiquer l&rsquo;\u00e9ducation \u00e0 l&rsquo;environnement.<\/p>\n<p>&nbsp;<\/p>\n<p><strong>O\u00f9 ?<\/strong><br \/>\nElle est implant\u00e9e au c\u0153ur du Quercy Blanc dans le village de Barguelonne en Quercy. On y\u00a0 pratique l\u2019Agriculture Biologique depuis 35 ans. Au fil des saisons, tous les types de publics peuvent y d\u00e9couvrir la diversit\u00e9\u00a0 de ses paysages, de ses cultures, les savoirs faire li\u00e9s \u00e0 ses productions mais aussi son engagement quotidien dans la gestion et la pr\u00e9servation de ce patrimoine v\u00e9g\u00e9tal, animal et min\u00e9ral au c\u0153ur de ce territoire rural.<\/p>\n<p>&nbsp;<\/p>\n<p><strong>Comment ?<\/strong><br \/>\nLe jardin p\u00e9dagogique a \u00e9t\u00e9 aussi con\u00e7u pour \u00eatre accessible \u00e0 tous\u00a0 et plus particuli\u00e8rement aux personnes\u00a0 en situation de handicap et aux tous petits \u00abpichonet\u00bb. Selon vos projets p\u00e9dagogiques, vos objectifs de groupe et ou simplement l\u2019envie de d\u00e9couvrir, je vous propose une liste, non exhaustive, d\u2019ateliers possibles sur ce jardin. N\u00e9anmoins toute nouvelle proposition est la bienvenue. Dans chacun de ces milieux, il est possible de travailler sur une ou plusieurs th\u00e9matiques dans une m\u00eame s\u00e9ance (1\/2 journ\u00e9e ou journ\u00e9e enti\u00e8re) dans des ateliers qui permettent d\u2019en d\u00e9couvrir leurs multiples aspects tout en alternant les approches (ludiques, scientifiques, artistiques, sensorielles\u2026.). La dur\u00e9e des ateliers varie en fonction de l\u2019\u00e2ge, du niveau de compr\u00e9hension ou de connaissances des participants mais aussi de la capacit\u00e9 physique et de votre temps de pr\u00e9sence. C\u2019est donc du \u00absur mesure\u00bb.<\/p>\n<p>&nbsp;<\/p>\n<p>Contact :<\/p>\n<p>Tel : 06 85 32 83 72<\/p>\n<p>E-mail : delphine@fermequesaquo.fr<\/p>\n<p>Site :<a href=\"https:\/\/www.fermequesaquo.fr\/\" target=\"_blank\" rel=\"noopener\"> La ferme Qu&rsquo;es Aqu\u00f2<\/a><\/p>","protected":false},"excerpt":{"rendered":"<p>La ferme Qu&rsquo;es Aqu\u00f2 La Ferme Qu\u2019es Aquo propose d\u00e9sormais une boutique en ligne sur\u00a0localbio.fr, afin de vous donner la possibilit\u00e9 de commander plus facilement et d\u2019avoir une meilleure visibilit\u00e9 sur mes produits et leur disponibilit\u00e9. Cette derni\u00e8re est comme toujours li\u00e9e \u00e0 la saison mais aussi, dans le monde agricole, aux al\u00e9as climatiques de [&hellip;]<\/p>","protected":false},"featured_media":0,"template":"","meta":[],"product_cat":[21],"product_tag":[],"_links":{"self":[{"href":"https:\/\/www.grintoura.fr\/en\/wp-json\/wp\/v2\/product\/15829"}],"collection":[{"href":"https:\/\/www.grintoura.fr\/en\/wp-json\/wp\/v2\/product"}],"about":[{"href":"https:\/\/www.grintoura.fr\/en\/wp-json\/wp\/v2\/types\/product"}],"wp:attachment":[{"href":"https:\/\/www.grintoura.fr\/en\/wp-json\/wp\/v2\/media?parent=15829"}],"wp:term":[{"taxonomy":"product_cat","embeddable":true,"href":"https:\/\/www.grintoura.fr\/en\/wp-json\/wp\/v2\/product_cat?post=15829"},{"taxonomy":"product_tag","embeddable":true,"href":"https:\/\/www.grintoura.fr\/en\/wp-json\/wp\/v2\/product_tag?post=15829"}],"curies":[{"name":"wp","href":"https:\/\/api.w.org\/{rel}","templated":true}]}}