	
	
	
	
{"id":15622,"date":"2025-03-07T06:46:41","date_gmt":"2025-03-07T05:46:41","guid":{"rendered":"https:\/\/www.grintoura.fr\/product\/domaine-jean-rapp\/"},"modified":"2026-03-14T15:08:57","modified_gmt":"2026-03-14T14:08:57","slug":"domaine-jean-rapp","status":"publish","type":"product","link":"https:\/\/www.grintoura.fr\/en\/product\/domaine-jean-rapp\/","title":{"rendered":"Domaine Jean Rapp"},"content":{"rendered":"<p><strong>Domaine Rapp Jean et Guillaume<\/strong><\/p>\n<p>Voici un petit aper\u00e7u de notre exploitation, ainsi que de notre gamme de vins et cr\u00e9mants d\u2019Alsace.<\/p>\n<p>Vous trouverez \u00e9galement sur ce site, l\u2019histoire de notre domaine familial et son actualit\u00e9.<\/p>\n<p>C\u2019est avec plaisir que nous vous ouvrons ses portes.<\/p>\n<p>Nous vous proposons \u00e9galement du miel, des sirops,\u2026 et de nombreux paniers garnis et coffrets cadeaux.<\/p>\n<p>Bienvenue et bonne visite !<\/p>\n<p><strong>UN DOMAINE, UNE HISTOIRE<\/strong><br \/>\nLa passion du travail de la vigne et du vin se transmet\u00a0\u00a0de g\u00e9n\u00e9ration en g\u00e9n\u00e9ration depuis 1765, date \u00e0 laquelle la premi\u00e8re exploitation agricole de polyculture et d\u2019\u00e9levage fut cr\u00e9\u00e9e.<br \/>\nCe n\u2019est qu\u2019en 1960 que la partie viticole de l\u2019exploitation\u00a0 devint l\u2019activit\u00e9 principale de la famille Rapp avec l\u2019abandon progressif de\u00a0 l\u2019\u00e9levage dans les ann\u00e9es 90.<\/p>\n<p>L\u2019ann\u00e9e 2004 marque un\u00a0 tournant dans l\u2019exploitation avec le d\u00e9m\u00e9nagement de la cave historique et son agrandissement.<br \/>\nLa famille vous invite \u00e0 suivre l\u2019\u00e9volution de son activit\u00e9 au fil du temps avec quelques illustrations caract\u00e9ristiques.<br \/>\nCi-dessus une illustration des vendanges de 1945 avec les grands-parents et arri\u00e8res grands-parents de Guillaume et Marilyne. Le raisin \u00e9tait transport\u00e9 dans des cuves en bois sur des remorques tir\u00e9es par des chevaux.<\/p>\n<p>&nbsp;<\/p>\n<p>&nbsp;<\/p>\n<p><strong>CONTACT<\/strong><br \/>\nHoraires\u00a0 d\u2019ouverture :<\/p>\n<p>Du Lundi au Vendredi : 08h30 -12h00 13h30 -18h30<\/p>\n<p>Le Samedi : 8h30 -12h00 13h30 -17h30<\/p>\n<p>Dimanche : sur rendez-vous uniquement<\/p>\n<p>Groupes : sur r\u00e9servation<\/p>\n<p>&nbsp;<\/p>\n<p>T\u00e9l\u00e9phone : (+33) 03 88 38 28 43<\/p>\n<p>E-mail : contact@vinsrapp.com<\/p>\n<p>Suivez nous sur :<\/p>\n<p>&#8211;&gt;<em><a href=\"https:\/\/www.facebook.com\/vinsrapp\" target=\"_blank\" rel=\"noopener\">https:\/\/www.facebook.com\/vinsrapp<\/a><\/em><\/p>\n<p>DOMAINE RAPP JEAN<\/p>\n<p>1 Faubourg des Vosges \u2013 67120 DORLISHEIM<\/p>\n<p>&nbsp;<\/p>","protected":false},"excerpt":{"rendered":"<p>Domaine Rapp Jean et Guillaume Voici un petit aper\u00e7u de notre exploitation, ainsi que de notre gamme de vins et cr\u00e9mants d\u2019Alsace. Vous trouverez \u00e9galement sur ce site, l\u2019histoire de notre domaine familial et son actualit\u00e9. C\u2019est avec plaisir que nous vous ouvrons ses portes. Nous vous proposons \u00e9galement du miel, des sirops,\u2026 et de [&hellip;]<\/p>","protected":false},"featured_media":0,"template":"","meta":[],"product_cat":[21],"product_tag":[],"_links":{"self":[{"href":"https:\/\/www.grintoura.fr\/en\/wp-json\/wp\/v2\/product\/15622"}],"collection":[{"href":"https:\/\/www.grintoura.fr\/en\/wp-json\/wp\/v2\/product"}],"about":[{"href":"https:\/\/www.grintoura.fr\/en\/wp-json\/wp\/v2\/types\/product"}],"wp:attachment":[{"href":"https:\/\/www.grintoura.fr\/en\/wp-json\/wp\/v2\/media?parent=15622"}],"wp:term":[{"taxonomy":"product_cat","embeddable":true,"href":"https:\/\/www.grintoura.fr\/en\/wp-json\/wp\/v2\/product_cat?post=15622"},{"taxonomy":"product_tag","embeddable":true,"href":"https:\/\/www.grintoura.fr\/en\/wp-json\/wp\/v2\/product_tag?post=15622"}],"curies":[{"name":"wp","href":"https:\/\/api.w.org\/{rel}","templated":true}]}}