	
	
	
	
{"id":14803,"date":"2025-02-12T10:45:08","date_gmt":"2025-02-12T09:45:08","guid":{"rendered":"https:\/\/www.grintoura.fr\/product\/roc-aux-sorciers\/"},"modified":"2025-02-12T10:45:08","modified_gmt":"2025-02-12T09:45:08","slug":"roc-aux-sorciers","status":"publish","type":"product","link":"https:\/\/www.grintoura.fr\/en\/product\/roc-aux-sorciers\/","title":{"rendered":"Roc aux Sorciers"},"content":{"rendered":"<p>Venez partager le t\u00e9moignage sculpt\u00e9 dans la roche par nos anc\u00eatres Magdal\u00e9niens voil\u00e0<br \/>\n15000.<\/p>\n<p><strong>Angles-sur-l\u2019Anglin<\/strong>, l\u2019un des plus beaux villages de France,\u00a0abrite un site pr\u00e9historique exceptionnel:\u00a0une frise sculpt\u00e9e\u00a0longue de 20 m\u00e8tres, dat\u00e9e d\u2019il y a 15 000 ans, reconnue\u00a0comme \u00e9tant le \u00ab\u00a0Lascaux de la sculpture\u00a0\u00bb.<\/p>\n<p>Dans un souci de conservation de ce patrimoine unique le site originel est ferm\u00e9 et le Centre d\u2019interpr\u00e9tation du <strong>Roc-Aux-Sorciers<\/strong> a \u00e9t\u00e9 cr\u00e9\u00e9 pour transmettre la d\u00e9couverte \u00e0 l\u2019aide d\u2019une copie exceptionnelle<\/p>\n<p>Gr\u00e2ce \u00e0 des restitutions innovantes et ludiques, mettez-vous dans la peau de nos anc\u00eatres et partez \u00e0 la rencontre\u00a0des Hommes de la Pr\u00e9histoire, des animaux qui\u00a0leur \u00e9taient familiers, de leur environnement et de leur art\u00a0exceptionnel : la sculpture monumentale<\/p>","protected":false},"excerpt":{"rendered":"<p>Venez partager le t\u00e9moignage sculpt\u00e9 dans la roche par nos anc\u00eatres Magdal\u00e9niens voil\u00e0 15000. Angles-sur-l\u2019Anglin, l\u2019un des plus beaux villages de France,\u00a0abrite un site pr\u00e9historique exceptionnel:\u00a0une frise sculpt\u00e9e\u00a0longue de 20 m\u00e8tres, dat\u00e9e d\u2019il y a 15 000 ans, reconnue\u00a0comme \u00e9tant le \u00ab\u00a0Lascaux de la sculpture\u00a0\u00bb. Dans un souci de conservation de ce patrimoine unique le [&hellip;]<\/p>","protected":false},"featured_media":0,"template":"","meta":[],"product_cat":[21],"product_tag":[],"_links":{"self":[{"href":"https:\/\/www.grintoura.fr\/en\/wp-json\/wp\/v2\/product\/14803"}],"collection":[{"href":"https:\/\/www.grintoura.fr\/en\/wp-json\/wp\/v2\/product"}],"about":[{"href":"https:\/\/www.grintoura.fr\/en\/wp-json\/wp\/v2\/types\/product"}],"wp:attachment":[{"href":"https:\/\/www.grintoura.fr\/en\/wp-json\/wp\/v2\/media?parent=14803"}],"wp:term":[{"taxonomy":"product_cat","embeddable":true,"href":"https:\/\/www.grintoura.fr\/en\/wp-json\/wp\/v2\/product_cat?post=14803"},{"taxonomy":"product_tag","embeddable":true,"href":"https:\/\/www.grintoura.fr\/en\/wp-json\/wp\/v2\/product_tag?post=14803"}],"curies":[{"name":"wp","href":"https:\/\/api.w.org\/{rel}","templated":true}]}}