	
	
	
	
{"id":14682,"date":"2025-02-10T12:11:50","date_gmt":"2025-02-10T11:11:50","guid":{"rendered":"https:\/\/www.grintoura.fr\/product\/les-yaourt-de-salm\/"},"modified":"2025-02-10T12:11:50","modified_gmt":"2025-02-10T11:11:50","slug":"les-yaourt-de-salm","status":"publish","type":"product","link":"https:\/\/www.grintoura.fr\/en\/product\/les-yaourt-de-salm\/","title":{"rendered":"Les Yaourt de Salm"},"content":{"rendered":"<p>Yaourts Fermiers Bio des Vosges <strong>Les Yaourts de Salm<\/strong><br \/>\nSitu\u00e9e au c\u0153ur des Vosges, d\u00e9couvrez \u00ab\u00a0Les yaourts de Salm\u00a0\u00bb, des yaourts fermiers bio \u00e9labor\u00e9s avec passion et respect des traditions. Cr\u00e9\u00e9s \u00e0 partir de lait de qualit\u00e9 issu de notre propre ferme, nos yaourts se distinguent par leur go\u00fbt authentique et leur texture cr\u00e9meuse.<\/p>\n<p>Fiers de notre engagement \u00e9cologique, nous vous proposons des produits sains et savoureux, qui respectent la nature et valorisent notre terroir vosgien.<\/p>\n<p><em><strong>Choisir \u00ab\u00a0Les yaourts de Salm\u00a0\u00bb\u2026<\/strong> <\/em>c\u2019est soutenir une agriculture locale et engag\u00e9e.<\/p>\n<p><em><strong>Des cr\u00e9ations 100 % Made in Vosges<\/strong><\/em><\/p>","protected":false},"excerpt":{"rendered":"<p>Yaourts Fermiers Bio des Vosges Les Yaourts de Salm Situ\u00e9e au c\u0153ur des Vosges, d\u00e9couvrez \u00ab\u00a0Les yaourts de Salm\u00a0\u00bb, des yaourts fermiers bio \u00e9labor\u00e9s avec passion et respect des traditions. Cr\u00e9\u00e9s \u00e0 partir de lait de qualit\u00e9 issu de notre propre ferme, nos yaourts se distinguent par leur go\u00fbt authentique et leur texture cr\u00e9meuse. Fiers [&hellip;]<\/p>","protected":false},"featured_media":0,"template":"","meta":[],"product_cat":[21],"product_tag":[],"_links":{"self":[{"href":"https:\/\/www.grintoura.fr\/en\/wp-json\/wp\/v2\/product\/14682"}],"collection":[{"href":"https:\/\/www.grintoura.fr\/en\/wp-json\/wp\/v2\/product"}],"about":[{"href":"https:\/\/www.grintoura.fr\/en\/wp-json\/wp\/v2\/types\/product"}],"wp:attachment":[{"href":"https:\/\/www.grintoura.fr\/en\/wp-json\/wp\/v2\/media?parent=14682"}],"wp:term":[{"taxonomy":"product_cat","embeddable":true,"href":"https:\/\/www.grintoura.fr\/en\/wp-json\/wp\/v2\/product_cat?post=14682"},{"taxonomy":"product_tag","embeddable":true,"href":"https:\/\/www.grintoura.fr\/en\/wp-json\/wp\/v2\/product_tag?post=14682"}],"curies":[{"name":"wp","href":"https:\/\/api.w.org\/{rel}","templated":true}]}}