	
	
	
	
{"id":14642,"date":"2025-02-10T10:58:34","date_gmt":"2025-02-10T09:58:34","guid":{"rendered":"https:\/\/www.grintoura.fr\/product\/brasserie-bendorf\/"},"modified":"2025-02-10T10:58:34","modified_gmt":"2025-02-10T09:58:34","slug":"brasserie-bendorf","status":"publish","type":"product","link":"https:\/\/www.grintoura.fr\/en\/product\/brasserie-bendorf\/","title":{"rendered":"Brasserie Bendorf"},"content":{"rendered":"<p><em><strong>Bendorf<\/strong><\/em><br \/>\n<em><strong>Brasserie artisanale \u00e0 Neudorf, Strasbourg<\/strong><\/em><\/p>\n<p>Passionn\u00e9\u00b7e\u00b7s de bi\u00e8re, nous brassons avec amour depuis 2013. Bi\u00e8res houblonn\u00e9es, fermentation haute, basse ou mixte, bi\u00e8re acide, avec des fruits, vieillissement en barrique, de 0,62% \u00e0 16%\u2026 Chez Bendorf, on aime la diversit\u00e9 dans la bi\u00e8re !<br \/>\n<strong>\u00a0<\/strong><\/p>\n<p><strong>100%<\/strong><br \/>\nC\u2019est le pourcentage d\u2019ingr\u00e9dients bio dans nos bi\u00e8res. Que du <strong>Bio<\/strong>, oui c\u2019est possible.<\/p>","protected":false},"excerpt":{"rendered":"<p>Bendorf Brasserie artisanale \u00e0 Neudorf, Strasbourg Passionn\u00e9\u00b7e\u00b7s de bi\u00e8re, nous brassons avec amour depuis 2013. Bi\u00e8res houblonn\u00e9es, fermentation haute, basse ou mixte, bi\u00e8re acide, avec des fruits, vieillissement en barrique, de 0,62% \u00e0 16%\u2026 Chez Bendorf, on aime la diversit\u00e9 dans la bi\u00e8re ! \u00a0 100% C\u2019est le pourcentage d\u2019ingr\u00e9dients bio dans nos bi\u00e8res. Que [&hellip;]<\/p>","protected":false},"featured_media":0,"template":"","meta":[],"product_cat":[21],"product_tag":[],"_links":{"self":[{"href":"https:\/\/www.grintoura.fr\/en\/wp-json\/wp\/v2\/product\/14642"}],"collection":[{"href":"https:\/\/www.grintoura.fr\/en\/wp-json\/wp\/v2\/product"}],"about":[{"href":"https:\/\/www.grintoura.fr\/en\/wp-json\/wp\/v2\/types\/product"}],"wp:attachment":[{"href":"https:\/\/www.grintoura.fr\/en\/wp-json\/wp\/v2\/media?parent=14642"}],"wp:term":[{"taxonomy":"product_cat","embeddable":true,"href":"https:\/\/www.grintoura.fr\/en\/wp-json\/wp\/v2\/product_cat?post=14642"},{"taxonomy":"product_tag","embeddable":true,"href":"https:\/\/www.grintoura.fr\/en\/wp-json\/wp\/v2\/product_tag?post=14642"}],"curies":[{"name":"wp","href":"https:\/\/api.w.org\/{rel}","templated":true}]}}