	
	
	
	
{"id":14625,"date":"2025-02-10T10:20:42","date_gmt":"2025-02-10T09:20:42","guid":{"rendered":"https:\/\/www.grintoura.fr\/product\/les-jardins-de-gaia\/"},"modified":"2025-02-10T10:22:33","modified_gmt":"2025-02-10T09:22:33","slug":"les-jardins-de-gaia","status":"publish","type":"product","link":"https:\/\/www.grintoura.fr\/en\/product\/les-jardins-de-gaia\/","title":{"rendered":"Les Jardins de Ga\u00efa"},"content":{"rendered":"<p><strong>Entreprise fran\u00e7aise &amp; familiale,<\/strong> nous sommes engag\u00e9s pour l\u2019agriculture biologique et le commerce \u00e9quitable depuis notre cr\u00e9ation.<\/p>\n<p>Ce qui nous guide : notre profonde volont\u00e9 d\u2019\u00e9veiller les sens et de r\u00e9veiller les consciences.<\/p>\n<p>\u00c9merveill\u00e9s par la richesse de la nature, nous voulons partager \u00e0 l\u2019infini la qualit\u00e9, la joie et le pouvoir des plantes. Depuis 30 ans, nous agissons aussi en accompagnant les petits producteurs aux 4 coins du monde.<\/p>\n<p>Nous vous invitons \u00e0 d\u00e9fendre \u00e0 nos c\u00f4t\u00e9s les Hommes, la Terre et le Vivant.<\/p>\n<p>Infusons pour le monde.<\/p>\n<p>&nbsp;<\/p>\n<p><em><strong>Notre mission :<\/strong><\/em>\u00a0Infuser \u00e0 l\u2019infini, \u00e9veiller les sens et r\u00e9veiller les consciences.<\/p>\n<p><em><strong>Notre vision :\u00a0<\/strong><\/em>D\u00e9fendre la terre et le vivant. Agir pour un monde meilleur plus responsable et plus joyeux. Des actions, des \u00e9motions.<\/p>\n<p>Le respect de la Nature et de l\u2019Homme est le fondement de notre philosophie ; il nous permet de vous garantir des th\u00e9s bio, \u00e9quitables et surtout aux saveurs d\u00e9licieuses et de consid\u00e9rer l\u2019avenir avec plus de s\u00e9r\u00e9nit\u00e9. Depuis toujours, nous construisons des liens durables et honn\u00eates avec les producteurs, le mod\u00e8le du commerce \u00e9quitable \u00e9tant pour nous une n\u00e9cessit\u00e9 et une exigence. Nous favorisons les petits producteurs par le biais de nombreux projets de commerce \u00e9quitable, car ce sont les plus d\u00e9savantag\u00e9s face au march\u00e9 mondial. Gr\u00e2ce \u00e0 ces engagements, nous avons le plaisir d\u2019\u00eatre t\u00e9moins d\u2019une nette am\u00e9lioration des conditions de vie et des techniques de production.<\/p>","protected":false},"excerpt":{"rendered":"<p>Entreprise fran\u00e7aise &amp; familiale, nous sommes engag\u00e9s pour l\u2019agriculture biologique et le commerce \u00e9quitable depuis notre cr\u00e9ation. Ce qui nous guide : notre profonde volont\u00e9 d\u2019\u00e9veiller les sens et de r\u00e9veiller les consciences. \u00c9merveill\u00e9s par la richesse de la nature, nous voulons partager \u00e0 l\u2019infini la qualit\u00e9, la joie et le pouvoir des plantes. Depuis [&hellip;]<\/p>","protected":false},"featured_media":0,"template":"","meta":[],"product_cat":[21],"product_tag":[],"_links":{"self":[{"href":"https:\/\/www.grintoura.fr\/en\/wp-json\/wp\/v2\/product\/14625"}],"collection":[{"href":"https:\/\/www.grintoura.fr\/en\/wp-json\/wp\/v2\/product"}],"about":[{"href":"https:\/\/www.grintoura.fr\/en\/wp-json\/wp\/v2\/types\/product"}],"wp:attachment":[{"href":"https:\/\/www.grintoura.fr\/en\/wp-json\/wp\/v2\/media?parent=14625"}],"wp:term":[{"taxonomy":"product_cat","embeddable":true,"href":"https:\/\/www.grintoura.fr\/en\/wp-json\/wp\/v2\/product_cat?post=14625"},{"taxonomy":"product_tag","embeddable":true,"href":"https:\/\/www.grintoura.fr\/en\/wp-json\/wp\/v2\/product_tag?post=14625"}],"curies":[{"name":"wp","href":"https:\/\/api.w.org\/{rel}","templated":true}]}}