	
	
	
	
{"id":14563,"date":"2025-02-07T11:58:55","date_gmt":"2025-02-07T10:58:55","guid":{"rendered":"https:\/\/www.grintoura.fr\/product\/atelier-dartiste-cathy-astolfi\/"},"modified":"2025-02-07T11:58:55","modified_gmt":"2025-02-07T10:58:55","slug":"atelier-dartiste-cathy-astolfi","status":"publish","type":"product","link":"https:\/\/www.grintoura.fr\/en\/product\/atelier-dartiste-cathy-astolfi\/","title":{"rendered":"Atelier d\u2019artiste Cathy Astolfi"},"content":{"rendered":"<p><strong>Cathy Astolfi : artiste<\/strong><\/p>\n<p>Je suis artiste plasticienne et c\u00e9ramiste.\u00a0La c\u00e9ramique telle que je la con\u00e7ois me permet d&rsquo;explorer et d&rsquo;aborder plastiquement ce monde \u00ab\u00a0de pierres &amp; de terre\u00a0\u00bb. Je mets en fusion, en tension, les roches, le cuivre, le fer et les terres collect\u00e9es in situ c&rsquo;est \u00e0 dire directement dans mon environnement. Entre chimie et alchimie j&rsquo;organise des cuissons \u00e0 de tr\u00e8s hautes temp\u00e9ratures afin de rendre visible la r\u00e9sistance, la d\u00e9formation, les fissures ou les mutations de mes objets sculpt\u00e9s.<\/p>\n<p>Je travaille \u00e9galement sur papier des terres indig\u00e8nes et des sables \u00ab\u00a0griff\u00e9s\u00a0\u00bb, \u00ab\u00a0Brul\u00e9s\u00a0\u00bb et j&rsquo;utilise parfois une IA pour certaines cr\u00e9ations. Les nouvelles technologies sont des outils compl\u00e9mentaires \u00e0 fort potentiel cr\u00e9atif.<\/p>\n<p>Mon travail est un hymne \u00e0 la Nature Sauvage et aux paysages de Terre.<\/p>\n<p>A partir de certaines de mes cr\u00e9ations artistiques, j&rsquo;ai imagin\u00e9 une ligne de vaisselle et de contenants fa\u00e7onn\u00e9s \u00e0 la main, souvent sans tour de potier.<\/p>\n<p>Les lignes et les mati\u00e8res\u00a0parlent de la Terre, de la mer&#8230;Mais pas seulement. Lorsque vous choisissez une pi\u00e8ce, elle vous raconte une histoire.<\/p>","protected":false},"excerpt":{"rendered":"<p>Cathy Astolfi : artiste Je suis artiste plasticienne et c\u00e9ramiste.\u00a0La c\u00e9ramique telle que je la con\u00e7ois me permet d&rsquo;explorer et d&rsquo;aborder plastiquement ce monde \u00ab\u00a0de pierres &amp; de terre\u00a0\u00bb. Je mets en fusion, en tension, les roches, le cuivre, le fer et les terres collect\u00e9es in situ c&rsquo;est \u00e0 dire directement dans mon environnement. Entre [&hellip;]<\/p>","protected":false},"featured_media":0,"template":"","meta":[],"product_cat":[21],"product_tag":[],"_links":{"self":[{"href":"https:\/\/www.grintoura.fr\/en\/wp-json\/wp\/v2\/product\/14563"}],"collection":[{"href":"https:\/\/www.grintoura.fr\/en\/wp-json\/wp\/v2\/product"}],"about":[{"href":"https:\/\/www.grintoura.fr\/en\/wp-json\/wp\/v2\/types\/product"}],"wp:attachment":[{"href":"https:\/\/www.grintoura.fr\/en\/wp-json\/wp\/v2\/media?parent=14563"}],"wp:term":[{"taxonomy":"product_cat","embeddable":true,"href":"https:\/\/www.grintoura.fr\/en\/wp-json\/wp\/v2\/product_cat?post=14563"},{"taxonomy":"product_tag","embeddable":true,"href":"https:\/\/www.grintoura.fr\/en\/wp-json\/wp\/v2\/product_tag?post=14563"}],"curies":[{"name":"wp","href":"https:\/\/api.w.org\/{rel}","templated":true}]}}