	
	
	
	
{"id":14129,"date":"2025-01-30T10:30:44","date_gmt":"2025-01-30T09:30:44","guid":{"rendered":"https:\/\/www.grintoura.fr\/product\/le-relais-de-poste-de-la-seulles\/"},"modified":"2025-01-30T10:57:29","modified_gmt":"2025-01-30T09:57:29","slug":"le-relais-de-poste-de-la-seulles","status":"publish","type":"product","link":"https:\/\/www.grintoura.fr\/en\/product\/le-relais-de-poste-de-la-seulles\/","title":{"rendered":"Le relais de poste de la Seulles \u2013 G\u00eete 11 personnes"},"content":{"rendered":"<p><strong>A Courseulles\/Mer,<\/strong> petite localit\u00e9 en bord de mer, \u00e0 20 km de Caen,<br \/>\nvous logerez dans cette maison tr\u00e8s ancienne, enti\u00e8rement r\u00e9nov\u00e9e en pierres de Caen et poutres apparentes d&rsquo;origine<br \/>\nqui peut accueillir jusqu&rsquo;\u00e0 11 personnes,<br \/>\nsitu\u00e9e dans une jolie cour pav\u00e9e, ferm\u00e9e par une grille, \u00e9clair\u00e9e le soir par un lampadaire d&rsquo;\u00e9poque et le tout dans le \u00ab\u00a0Vieux Courseulles\u00a0\u00bb<\/p>\n<p><strong>Vous aurez \u00e0 disposition :<\/strong><\/p>\n<p>4 chambres meubl\u00e9es \u00e0 l&rsquo;ancienne avec chacune son th\u00e8me<br \/>\n1 grand salon avec chemin\u00e9e ,billards, jeux<br \/>\n2 salles de bain (1 avec douche, 1 avec baignoire)<br \/>\n1 wc \u00e0 chaque \u00e9tage<br \/>\n1 cuisine \u00e9quip\u00e9e lumineuse<\/p>\n<p>Linge de lit et de toilette fourni<\/p>\n<p>Pour les petits vous disposez d&rsquo;un lit parapluie<\/p>\n<p>Proche restaurants, commerce et plage<br \/>\nSi vous avez des besoins particuliers, faites le nous savoir avant d&rsquo;arriver.<\/p>\n<p><strong>Contact :\u00a0<\/strong><\/p>\n<p><em><strong>Tel :<\/strong><\/em> 0682707120<\/p>","protected":false},"excerpt":{"rendered":"<p>A Courseulles\/Mer, petite localit\u00e9 en bord de mer, \u00e0 20 km de Caen, vous logerez dans cette maison tr\u00e8s ancienne, enti\u00e8rement r\u00e9nov\u00e9e en pierres de Caen et poutres apparentes d&rsquo;origine qui peut accueillir jusqu&rsquo;\u00e0 11 personnes, situ\u00e9e dans une jolie cour pav\u00e9e, ferm\u00e9e par une grille, \u00e9clair\u00e9e le soir par un lampadaire d&rsquo;\u00e9poque et le [&hellip;]<\/p>","protected":false},"featured_media":0,"template":"","meta":[],"product_cat":[21],"product_tag":[],"_links":{"self":[{"href":"https:\/\/www.grintoura.fr\/en\/wp-json\/wp\/v2\/product\/14129"}],"collection":[{"href":"https:\/\/www.grintoura.fr\/en\/wp-json\/wp\/v2\/product"}],"about":[{"href":"https:\/\/www.grintoura.fr\/en\/wp-json\/wp\/v2\/types\/product"}],"wp:attachment":[{"href":"https:\/\/www.grintoura.fr\/en\/wp-json\/wp\/v2\/media?parent=14129"}],"wp:term":[{"taxonomy":"product_cat","embeddable":true,"href":"https:\/\/www.grintoura.fr\/en\/wp-json\/wp\/v2\/product_cat?post=14129"},{"taxonomy":"product_tag","embeddable":true,"href":"https:\/\/www.grintoura.fr\/en\/wp-json\/wp\/v2\/product_tag?post=14129"}],"curies":[{"name":"wp","href":"https:\/\/api.w.org\/{rel}","templated":true}]}}