	
	
	
	
{"id":13999,"date":"2025-01-28T10:40:22","date_gmt":"2025-01-28T09:40:22","guid":{"rendered":"https:\/\/www.grintoura.fr\/product\/lolive-le-gite-lisbonne\/"},"modified":"2025-01-28T11:04:12","modified_gmt":"2025-01-28T10:04:12","slug":"lolive-le-gite-lisbonne","status":"publish","type":"product","link":"https:\/\/www.grintoura.fr\/en\/product\/lolive-le-gite-lisbonne\/","title":{"rendered":"L\u2019\u00d4live \u2013 Le g\u00eete Lisbonne"},"content":{"rendered":"<p>Lisbonne est un g\u00eete de 36 m\u00b2 pouvant accueillir 2 personnes. Il comprend une chambre, avec lit double \u00ab queen size \u00bb (160 cm), une cuisine-salle \u00e0 manger avec coin salon et une salle de bain.<\/p>\n<p>Sa cuisine est \u00e9quip\u00e9e d\u2019appareils \u00e9lectrom\u00e9nagers de qualit\u00e9 : frigo, lave-vaisselle, four micro-ondes, grille pain, cafeti\u00e8re expresso Malongo. Son salon dispose d\u2019une t\u00e9l\u00e9vision. Acc\u00e8s internet (Wifi)<\/p>\n<p>A l\u2019ext\u00e9rieur, une terrasse ainsi que l\u2019acc\u00e8s \u00e0 la piscine.<\/p>","protected":false},"excerpt":{"rendered":"<p>Lisbonne est un g\u00eete de 36 m\u00b2 pouvant accueillir 2 personnes. Il comprend une chambre, avec lit double \u00ab queen size \u00bb (160 cm), une cuisine-salle \u00e0 manger avec coin salon et une salle de bain. Sa cuisine est \u00e9quip\u00e9e d\u2019appareils \u00e9lectrom\u00e9nagers de qualit\u00e9 : frigo, lave-vaisselle, four micro-ondes, grille pain, cafeti\u00e8re expresso Malongo. Son [&hellip;]<\/p>","protected":false},"featured_media":0,"template":"","meta":[],"product_cat":[21],"product_tag":[],"_links":{"self":[{"href":"https:\/\/www.grintoura.fr\/en\/wp-json\/wp\/v2\/product\/13999"}],"collection":[{"href":"https:\/\/www.grintoura.fr\/en\/wp-json\/wp\/v2\/product"}],"about":[{"href":"https:\/\/www.grintoura.fr\/en\/wp-json\/wp\/v2\/types\/product"}],"wp:attachment":[{"href":"https:\/\/www.grintoura.fr\/en\/wp-json\/wp\/v2\/media?parent=13999"}],"wp:term":[{"taxonomy":"product_cat","embeddable":true,"href":"https:\/\/www.grintoura.fr\/en\/wp-json\/wp\/v2\/product_cat?post=13999"},{"taxonomy":"product_tag","embeddable":true,"href":"https:\/\/www.grintoura.fr\/en\/wp-json\/wp\/v2\/product_tag?post=13999"}],"curies":[{"name":"wp","href":"https:\/\/api.w.org\/{rel}","templated":true}]}}