	
	
	
	
{"id":13747,"date":"2025-01-23T14:50:09","date_gmt":"2025-01-23T13:50:09","guid":{"rendered":"https:\/\/www.grintoura.fr\/product\/parc-naturel-regional-oise-pays-de-france\/"},"modified":"2025-01-23T14:50:09","modified_gmt":"2025-01-23T13:50:09","slug":"parc-naturel-regional-oise-pays-de-france","status":"publish","type":"product","link":"https:\/\/www.grintoura.fr\/en\/product\/parc-naturel-regional-oise-pays-de-france\/","title":{"rendered":"Parc naturel r\u00e9gional Oise \u2013 Pays de France"},"content":{"rendered":"<p><strong>Au nord de Paris,<\/strong> le parc\u00a0est un v\u00e9ritable poumon vert gr\u00e2ce \u00e0 ses quatre\u00a0majestueuses for\u00eats (for\u00eat d&rsquo;Ermenonville, d&rsquo;Halatte, de Chantilly et de Carnelle) et \u00e0 ses nombreux \u00e9tangs et vall\u00e9es. Le Parc regorge de milieux naturels incontournables parmi eux les landes sableuses d&rsquo;Ermenonville, les marais de la Th\u00e9ve ou les pelouses des coteaux calcaires de l&rsquo;Oise.<br \/>\nNich\u00e9 sur la rive gauche de l&rsquo;Oise, le territoire du <a href=\"https:\/\/www.parcs-naturels-regionaux.fr\/les-parcs\/decouvrir-les-58-parcs\/parc-naturel-regional-oise-pays-de-france\" target=\"_blank\" rel=\"noopener\"><strong>Parc naturel r\u00e9gional est attach\u00e9 au Pays de France,<\/strong><\/a> terre d&rsquo;\u00e9lections des cap\u00e9tiens, lieu de r\u00e9sidence des m\u00e9rovingiens. Cette pr\u00e9sence royale l&rsquo;a fortement marqu\u00e9 et a laiss\u00e9 de nombreux t\u00e9moignages prestigieux : abbayes (Royaumont, Cha\u00e2lis etc.), domaine de Chantilly, secteur sauvegard\u00e9 de la ville de Senlis. De nombreux villages typiques au b\u00e2ti ancien donnent \u00e9galement un vrai caract\u00e8re \u00e0 ce territoire. Autant de lieux de r\u00eaverie et de fl\u00e2neries.<\/p>\n<p>L&rsquo;enjeu du Parc est de pr\u00e9server la ruralit\u00e9 et le patrimoine du territoire qui sont menac\u00e9s par la pression fonci\u00e8re due \u00e0 la proximit\u00e9 de Paris et de la plateforme a\u00e9roportuaire de Roissy Charles De Gaulle. Le Parc, v\u00e9ritable outil d&rsquo;am\u00e9nagement du territoire interr\u00e9gional, s&rsquo;est donn\u00e9, via sa charte, l&rsquo;objectif primordial de ma\u00eetriser l&rsquo;\u00e9volution de son territoire et de r\u00e9pondre aux enjeux suivants :<\/p>\n<p>&#8211; Pr\u00e9server et g\u00e9rer durablement le patrimoine naturel et culturel du territoire<br \/>\n&#8211; Promouvoir un d\u00e9veloppement \u00e9conomique respectueux des \u00e9quilibres<br \/>\n&#8211; Accueillir et sensibiliser le public \u00e0 l&rsquo;environnement et au patrimoine<\/p>\n<p>Ainsi, le Parc Naturel r\u00e9gional Oise-Pays de France est la concr\u00e9tisation d&rsquo;une volont\u00e9 commune et forte pour que ce territoire soit un territoire reconnu, pr\u00e9serv\u00e9 et d\u00e9velopp\u00e9 durablement.<\/p>","protected":false},"excerpt":{"rendered":"<p>Au nord de Paris, le parc\u00a0est un v\u00e9ritable poumon vert gr\u00e2ce \u00e0 ses quatre\u00a0majestueuses for\u00eats (for\u00eat d&rsquo;Ermenonville, d&rsquo;Halatte, de Chantilly et de Carnelle) et \u00e0 ses nombreux \u00e9tangs et vall\u00e9es. Le Parc regorge de milieux naturels incontournables parmi eux les landes sableuses d&rsquo;Ermenonville, les marais de la Th\u00e9ve ou les pelouses des coteaux calcaires de [&hellip;]<\/p>","protected":false},"featured_media":0,"template":"","meta":[],"product_cat":[21],"product_tag":[],"_links":{"self":[{"href":"https:\/\/www.grintoura.fr\/en\/wp-json\/wp\/v2\/product\/13747"}],"collection":[{"href":"https:\/\/www.grintoura.fr\/en\/wp-json\/wp\/v2\/product"}],"about":[{"href":"https:\/\/www.grintoura.fr\/en\/wp-json\/wp\/v2\/types\/product"}],"wp:attachment":[{"href":"https:\/\/www.grintoura.fr\/en\/wp-json\/wp\/v2\/media?parent=13747"}],"wp:term":[{"taxonomy":"product_cat","embeddable":true,"href":"https:\/\/www.grintoura.fr\/en\/wp-json\/wp\/v2\/product_cat?post=13747"},{"taxonomy":"product_tag","embeddable":true,"href":"https:\/\/www.grintoura.fr\/en\/wp-json\/wp\/v2\/product_tag?post=13747"}],"curies":[{"name":"wp","href":"https:\/\/api.w.org\/{rel}","templated":true}]}}