	
	
	
	
{"id":13670,"date":"2025-01-23T14:11:41","date_gmt":"2025-01-23T13:11:41","guid":{"rendered":"https:\/\/www.grintoura.fr\/product\/parc-naturel-regional-des-marais-du-cotentin-et-du-bessin\/"},"modified":"2025-01-23T14:11:41","modified_gmt":"2025-01-23T13:11:41","slug":"parc-naturel-regional-des-marais-du-cotentin-et-du-bessin","status":"publish","type":"product","link":"https:\/\/www.grintoura.fr\/en\/product\/parc-naturel-regional-des-marais-du-cotentin-et-du-bessin\/","title":{"rendered":"Parc naturel r\u00e9gional des Marais du Cotentin et du Bessin"},"content":{"rendered":"<p><strong>Le Parc grandeur nature : des marais entre deux mers&#8230;<\/strong><br \/>\nUn projet de territoire, n\u00e9 en 1991, d&rsquo;une d\u00e9cennie de concertation.<\/p>\n<p>A la charni\u00e8re des d\u00e9partements de la Manche et du Calvados, au \u00ab Seuil du Cotentin \u00bb, <strong>l<a href=\"https:\/\/www.parcs-naturels-regionaux.fr\/les-parcs\/decouvrir-les-58-parcs\/parc-naturel-regional-des-marais-du-cotentin-et-du-bessin\" target=\"_blank\" rel=\"noopener\">e Parc naturel r\u00e9gional des Marais du Cotentin et du Bessin,<\/a><\/strong> couvre un espace de 150 communes sur 148 000 ha.<br \/>\nLe Parc est constitu\u00e9 de 30 000 ha de marais et de polders s\u2019ins\u00e9rant dans un paysage de bocages traditionnels\u00a0(90 000 ha). Prairies p\u00e2tur\u00e9es ou fauch\u00e9es, quadrill\u00e9es de foss\u00e9s et parsem\u00e9es de tourbi\u00e8res, caract\u00e9risent cette zone humide qui s\u2019ouvre sur la Baie des Veys.<br \/>\nAvec les crues hivernales le marais devient \u00ab blanc \u00bb, il donne alors tout son sens \u00e0 la presqu\u2019\u00eele du Cotentin.\u00a0De plus faible superficie, les landes, les bois et for\u00eats ainsi que les milieux littoraux viennent diversifier les unit\u00e9s paysag\u00e8res du territoire.<\/p>\n<p><strong>Le territoire du Parc naturel r\u00e9gional des Marais\u00a0du Cotentin et du Bessin c&rsquo;est :\u00a0<\/strong><\/p>\n<p>150 communes (Manche et Calvados)<br \/>\n74 000 habitants<br \/>\n146 650 ha<br \/>\n30 000 ha de zones humides<br \/>\n4600 kilom\u00e8tres de randonn\u00e9e<br \/>\n1553 exploitations agricoles<br \/>\n5000 entreprises<br \/>\nD\u00e9cret de classement du Parc naturel r\u00e9gional des Marais du Cotentin et du Bessin renouvel\u00e9 le 17 f\u00e9vrier 2010.<\/p>\n<p><strong>Venez d\u00e9couvrir la Maison du Parc naturel r\u00e9gional\u00a0des Marais du Cotentin et du Bessin<\/strong><br \/>\nPoint de d\u00e9part id\u00e9al pour d\u00e9couvir le Parc naturel r\u00e9gional des Marais du Cotentin et du Bessin, situ\u00e9 \u00e0 Saint-C\u00f4me-du-Mont, pr\u00e8s de Carentan, la Maison du Parc propose informations touristiques, expositions et animations pour tous (individuellement ou en groupes) sur les patrimoines naturel et culturel. Cet \u00e9quipement vous offre les clefs de lecture du \u00ab Parc des Marais \u00bb et vous invite donc \u00e0 partir \u00e0 la rencontre de ses habitants et de ses richesses.<br \/>\nA l\u2019ext\u00e9rieur, en bordure du plan d\u2019eau d\u2019une r\u00e9serve ornithologique, des observatoires permettent une d\u00e9couverte privil\u00e9gi\u00e9e des oiseaux des marais dans leur milieu naturel.<br \/>\nSite ouvert toute l\u2019ann\u00e9e (p\u00e9riodes de fermeture : 15 jours vacances de No\u00ebl).<\/p>\n<p><strong>Patrimoine et lieux de visite : suivez le guide<\/strong><br \/>\nPoussez les portes des ch\u00e2teaux et des abbayes, des manoirs et des clochers fortifi\u00e9s, parcourez, de st\u00e8les en mus\u00e9es, l\u2019Espace de la Bataille de Normandie\u2026 Dans l\u2019ombre de ces monuments, un patrimoine plus humble ponctue \u00e9galement nos paysages pr\u00e9serv\u00e9s : fermes en terre et ports des marais, moulins et lavoirs, fontaines et oratoires, colombiers et fours \u00e0 chaux t\u00e9moignent, au fil de chemins souvent imm\u00e9moriaux, de la richesse et de l\u2019importance de droits et d\u2019usages r\u00e9volus.<\/p>\n<p><strong>La randonn\u00e9e dans le Parc, \u00e0 pied, \u00e0 cheval et \u00e0 v\u00e9lo<\/strong><br \/>\nEquip\u00e9s de panneaux ou de bornes d\u2019interpr\u00e9tation, d\u2019observatoires ou de belv\u00e9d\u00e8res, une trentaine de sites et sentiers de d\u00e9couverte agr\u00e9mentent les nombreux circuits locaux. Signal\u00e9s \u00e0 partir des routes proches et pr\u00e9sent\u00e9s dans nos publications touristiques, ces \u00ab lieux phares \u00bb sont \u00e0 d\u00e9couvrir au gr\u00e9 de grandes ou de petites randonn\u00e9es (2500 km de chemins balis\u00e9s) ou au cours d\u2019excursions en bateau ou \u00e0 v\u00e9lo (plus de 300 km de v\u00e9lo-routes et de voies vertes).<\/p>\n<p><strong>Contact\u00a0<\/strong><\/p>\n<p><strong>T\u00e9l :<\/strong> 02 33 71 65 30<br \/>\naccueil@parc-cotentin-bessin.fr<\/p>","protected":false},"excerpt":{"rendered":"<p>Le Parc grandeur nature : des marais entre deux mers&#8230; Un projet de territoire, n\u00e9 en 1991, d&rsquo;une d\u00e9cennie de concertation. A la charni\u00e8re des d\u00e9partements de la Manche et du Calvados, au \u00ab Seuil du Cotentin \u00bb, le Parc naturel r\u00e9gional des Marais du Cotentin et du Bessin, couvre un espace de 150 communes [&hellip;]<\/p>","protected":false},"featured_media":0,"template":"","meta":[],"product_cat":[21],"product_tag":[],"_links":{"self":[{"href":"https:\/\/www.grintoura.fr\/en\/wp-json\/wp\/v2\/product\/13670"}],"collection":[{"href":"https:\/\/www.grintoura.fr\/en\/wp-json\/wp\/v2\/product"}],"about":[{"href":"https:\/\/www.grintoura.fr\/en\/wp-json\/wp\/v2\/types\/product"}],"wp:attachment":[{"href":"https:\/\/www.grintoura.fr\/en\/wp-json\/wp\/v2\/media?parent=13670"}],"wp:term":[{"taxonomy":"product_cat","embeddable":true,"href":"https:\/\/www.grintoura.fr\/en\/wp-json\/wp\/v2\/product_cat?post=13670"},{"taxonomy":"product_tag","embeddable":true,"href":"https:\/\/www.grintoura.fr\/en\/wp-json\/wp\/v2\/product_tag?post=13670"}],"curies":[{"name":"wp","href":"https:\/\/api.w.org\/{rel}","templated":true}]}}