	
	
	
	
{"id":13596,"date":"2025-01-23T11:18:07","date_gmt":"2025-01-23T10:18:07","guid":{"rendered":"https:\/\/www.grintoura.fr\/product\/parc-naturel-regional-des-grands-causses\/"},"modified":"2025-01-23T11:18:07","modified_gmt":"2025-01-23T10:18:07","slug":"parc-naturel-regional-des-grands-causses","status":"publish","type":"product","link":"https:\/\/www.grintoura.fr\/en\/product\/parc-naturel-regional-des-grands-causses\/","title":{"rendered":"Parc naturel r\u00e9gional des Grands Causses"},"content":{"rendered":"<p><strong>Une mosa\u00efque de terroirs<\/strong><br \/>\nCr\u00e9\u00e9 en 1995, <a href=\"https:\/\/www.parcs-naturels-regionaux.fr\/les-parcs\/decouvrir-les-58-parcs\/parc-naturel-regional-des-grands-causses\" target=\"_blank\" rel=\"noopener\"><strong>le Parc naturel r\u00e9gional des Grands Causses,<\/strong><\/a> situ\u00e9 au sud de l\u2019Aveyron, regroupe 96 communes (soit 64 000 habitants).<br \/>\nAvec ses voisins, le Parc national des C\u00e9vennes et le Parc naturel r\u00e9gional des Monts d\u2019Ard\u00e8che (\u00e0 l&rsquo;est) et le Parc naturel r\u00e9gional du Haut-Languedoc (au sud), le Parc naturel r\u00e9gional des Grands Causses contribue \u00e0 l&rsquo;organisation de l&rsquo;un des plus grands espaces naturels d&rsquo;Europe, au sud du Massif Central.<\/p>\n<p>Par ses paysages ouverts aux limites de l\u2019imagination, le Parc naturel r\u00e9gional des Grands Causses laisse parler la nature. La richesse de son patrimoine architectural et paysager est le reflet d\u2019une\u00a0mosa\u00efque de terroir :<\/p>\n<p>Les Causses (dont le c\u00e9l\u00e8bre Larzac), vastes plateaux calcaires entrecoup\u00e9s de profondes gorges (Tarn, Dourbie, Jonte), o\u00f9 se pratiquent tous les sports de pleine nature. Pour relier ces causses inaccessibles, il a fallu une prouesse technique, le Viaduc de Millau,<br \/>\nLes Avant-Causses, \u00ab puech \u00bb tabulaires travers\u00e9s de vall\u00e9es ouvertes, habit\u00e9es et accueillantes o\u00f9 se fabrique, entre autre, le c\u00e9l\u00e8bre Roquefort,<br \/>\nLes Rougiers, collines aux couleurs chatoyantes, rouge du sol de gr\u00e8s, dor\u00e9 des Stipes Penn\u00e9es et vert des p\u00e2tures o\u00f9 r\u00e8gnent les brebis,<br \/>\nLes Monts, couverts de denses for\u00eats propices aux randonn\u00e9es ombrag\u00e9es, d\u00e9limitent les pourtours du Parc.<br \/>\nGr\u00e2ce aux influences climatiques m\u00e9diterran\u00e9ennes, continentales et montagnardes, le Parc naturel r\u00e9gional des Grands Causses pr\u00e9sente une flore exceptionnellement diverse, par exemple, la grassette des causses, l\u2019euphorbe de Duval, l\u2019ophrys de l\u2019Aveyron, &#8230;<br \/>\nSi au sol, la nature grouille de vie, c\u2019est dans les airs que sont les plus impressionnants repr\u00e9sentants des Grands Causses : les vautours fauves et les vautours moines.<\/p>\n<p>Au long des chemins de traverses, on d\u00e9couvre un riche patrimoine vernaculaire ou spectaculaire, ch\u00e2teaux perch\u00e9s ou nich\u00e9s, cit\u00e9es templi\u00e8res et hospitali\u00e8res, caves semi-troglodytiques, statues menhirs, \u2026et toujours des paysages grandioses.<br \/>\nLes habitants de ce territoire l\u2019ont fa\u00e7onn\u00e9 depuis 5 000 ans et sont toujours pr\u00eats \u00e0 vous en raconter les secrets dans les multiples structures d\u2019accueil qu\u2019ils ont am\u00e9nag\u00e9es avec respect.<\/p>","protected":false},"excerpt":{"rendered":"<p>Une mosa\u00efque de terroirs Cr\u00e9\u00e9 en 1995, le Parc naturel r\u00e9gional des Grands Causses, situ\u00e9 au sud de l\u2019Aveyron, regroupe 96 communes (soit 64 000 habitants). Avec ses voisins, le Parc national des C\u00e9vennes et le Parc naturel r\u00e9gional des Monts d\u2019Ard\u00e8che (\u00e0 l&rsquo;est) et le Parc naturel r\u00e9gional du Haut-Languedoc (au sud), le Parc [&hellip;]<\/p>","protected":false},"featured_media":0,"template":"","meta":[],"product_cat":[21],"product_tag":[],"_links":{"self":[{"href":"https:\/\/www.grintoura.fr\/en\/wp-json\/wp\/v2\/product\/13596"}],"collection":[{"href":"https:\/\/www.grintoura.fr\/en\/wp-json\/wp\/v2\/product"}],"about":[{"href":"https:\/\/www.grintoura.fr\/en\/wp-json\/wp\/v2\/types\/product"}],"wp:attachment":[{"href":"https:\/\/www.grintoura.fr\/en\/wp-json\/wp\/v2\/media?parent=13596"}],"wp:term":[{"taxonomy":"product_cat","embeddable":true,"href":"https:\/\/www.grintoura.fr\/en\/wp-json\/wp\/v2\/product_cat?post=13596"},{"taxonomy":"product_tag","embeddable":true,"href":"https:\/\/www.grintoura.fr\/en\/wp-json\/wp\/v2\/product_tag?post=13596"}],"curies":[{"name":"wp","href":"https:\/\/api.w.org\/{rel}","templated":true}]}}