	
	
	
	
{"id":13575,"date":"2025-01-23T10:57:33","date_gmt":"2025-01-23T09:57:33","guid":{"rendered":"https:\/\/www.grintoura.fr\/product\/parc-naturel-regional-de-la-foret-dorient\/"},"modified":"2025-01-23T10:57:33","modified_gmt":"2025-01-23T09:57:33","slug":"parc-naturel-regional-de-la-foret-dorient","status":"publish","type":"product","link":"https:\/\/www.grintoura.fr\/en\/product\/parc-naturel-regional-de-la-foret-dorient\/","title":{"rendered":"Parc naturel r\u00e9gional de la For\u00eat d\u2019Orient"},"content":{"rendered":"<p><strong>La For\u00eat d\u2019Orient,<\/strong> avec ses majestueuses futaies et ses nombreux \u00e9tangs, est n\u00e9e de l\u2019alliance de deux \u00e9l\u00e9ments\u00a0: l\u2019eau et l\u2019argile. L\u2019imperm\u00e9abilit\u00e9 des sols, coupl\u00e9e \u00e0 l\u2019abondance de l\u2019eau, ont permis le d\u00e9veloppement de cette grande for\u00eat mar\u00e9cageuse domin\u00e9e par le ch\u00eane. Nich\u00e9e en Champagne humide, entre le vaste plateau de la Champagne crayeuse et les coteaux viticoles du Barrois, elle pr\u00e9sente un espace d\u2019exception aux portes de Troyes.<\/p>\n<p>&nbsp;<\/p>\n<p><a href=\"https:\/\/www.parcs-naturels-regionaux.fr\/les-parcs\/decouvrir-les-58-parcs\/parc-naturel-regional-de-la-foret-dorient\" target=\"_blank\" rel=\"noopener\"><strong>Le Parc naturel r\u00e9gional de la For\u00eat d\u2019Orient<\/strong> <\/a>s\u2019articule autour de ce massif forestier qui repr\u00e9sente son \u00e9pine dorsale : au fil des si\u00e8cles, il a repr\u00e9sent\u00e9 une formidable ressource agricole, \u00e9conomique et \u00e9cologique, qui a \u00e9t\u00e9 un moteur central de l\u2019activit\u00e9 du territoire et du d\u00e9veloppement de ses savoir-faire.<\/p>\n<p>Son bois de grande qualit\u00e9 a servi \u00e0 la construction des \u00e9glises, halles et maisons \u00e0 pans de bois qui font l\u2019identit\u00e9 architecturale de la r\u00e9gion. Il a aussi \u00e9t\u00e9 export\u00e9 tr\u00e8s t\u00f4t jusqu\u2019\u00e0 Paris\u00a0: r\u00e9cemment, il a servi \u00e0 la reconstruction de la charpente de Notre-Dame\u00a0! Son argile est quant \u00e0 elle utilis\u00e9e depuis des si\u00e8cles pour la fabrication de briques et de tuiles, qui a connu un pic d\u2019activit\u00e9 de la r\u00e9volution industrielle jusqu\u2019au milieu du XXe si\u00e8cle.<\/p>\n<p>&nbsp;<\/p>\n<p>Cette couche argileuse dans le sol a facilit\u00e9 la cr\u00e9ation de mares et d\u2019\u00e9tangs, qui ont assur\u00e9 une ressource en poisson pour les paysans et les communaut\u00e9s monastiques des abbayes locales. Les templiers, suite \u00e0 leur installation dans le massif au XIIIe si\u00e8cle, en am\u00e9nageront de tr\u00e8s grands en compl\u00e9ment de leur activit\u00e9 sylvicole et agricole.<\/p>\n<p>&nbsp;<\/p>\n<p>Cette imperm\u00e9abilit\u00e9 explique le choix du site pour la cr\u00e9ation de trois grands lacs-r\u00e9servoirs entre 1966 et 1990\u00a0: le lac d\u2019Orient, le lac du Temple et le lac Amance. Permettant de r\u00e9guler le d\u00e9bit de la Seine, ils limitent les crues et les p\u00e9riodes de s\u00e9cheresse en aval. Leur construction a engendr\u00e9 une modification des activit\u00e9s du territoire, avec le fort d\u00e9veloppement d\u2019une activit\u00e9 touristique autour des loisirs nautiques. Parall\u00e8lement, elle a aussi amplifi\u00e9 certaines caract\u00e9ristiques de la Champagne humide qui b\u00e9n\u00e9ficient \u00e0 de nombreuses esp\u00e8ces\u00a0: l\u2019\u00e9volution du niveau des lacs selon les saisons offre alternativement de grands espaces en eau libre ou de grandes vasi\u00e8res, favorables \u00e0 l\u2019alimentation de multiples esp\u00e8ces d\u2019oiseaux. Grues cendr\u00e9es, Cigognes noires et H\u00e9rons pourpr\u00e9s y trouvent ainsi un espace favorable entre lacs et for\u00eat pour reprendre des forces durant leur migration\u00a0!<\/p>\n<p>Cr\u00e9\u00e9 en 1970 et aujourd\u2019hui constitu\u00e9 de 58 communes pour 24\u00a0000 habitants, le Parc naturel r\u00e9gional de la For\u00eat d\u2019Orient est constitu\u00e9 d\u2019une mosa\u00efque de paysages unis autour de cette for\u00eat centrale. Le Parc assure la protection et la valorisation de ces riches patrimoines, tout en accompagnant un am\u00e9nagement adapt\u00e9 aux diff\u00e9rents enjeux afin d\u2019en faire un espace dynamique, par\u00e9 aux d\u00e9fis de l\u2019avenir\u00a0et o\u00f9 il fait bon vivre\u00a0!<\/p>\n<p>&nbsp;<\/p>\n<p><strong>Contact<\/strong><br \/>\n<em>Renseignements administratifs\u00a0<\/em><br \/>\n<strong>T\u00e9l.<\/strong>\u00a003 25 43 81 90<br \/>\nFax :\u00a003 25 41 54 09<\/p>\n<p><em>Informations touristiques\u00a0<\/em><br \/>\n<strong>T\u00e9l.<\/strong>\u00a003 25 43 38 88<br \/>\n<strong>Fax :<\/strong>\u00a003 25 41 54 09<\/p>","protected":false},"excerpt":{"rendered":"<p>La For\u00eat d\u2019Orient, avec ses majestueuses futaies et ses nombreux \u00e9tangs, est n\u00e9e de l\u2019alliance de deux \u00e9l\u00e9ments\u00a0: l\u2019eau et l\u2019argile. L\u2019imperm\u00e9abilit\u00e9 des sols, coupl\u00e9e \u00e0 l\u2019abondance de l\u2019eau, ont permis le d\u00e9veloppement de cette grande for\u00eat mar\u00e9cageuse domin\u00e9e par le ch\u00eane. Nich\u00e9e en Champagne humide, entre le vaste plateau de la Champagne crayeuse et [&hellip;]<\/p>","protected":false},"featured_media":0,"template":"","meta":[],"product_cat":[21],"product_tag":[],"_links":{"self":[{"href":"https:\/\/www.grintoura.fr\/en\/wp-json\/wp\/v2\/product\/13575"}],"collection":[{"href":"https:\/\/www.grintoura.fr\/en\/wp-json\/wp\/v2\/product"}],"about":[{"href":"https:\/\/www.grintoura.fr\/en\/wp-json\/wp\/v2\/types\/product"}],"wp:attachment":[{"href":"https:\/\/www.grintoura.fr\/en\/wp-json\/wp\/v2\/media?parent=13575"}],"wp:term":[{"taxonomy":"product_cat","embeddable":true,"href":"https:\/\/www.grintoura.fr\/en\/wp-json\/wp\/v2\/product_cat?post=13575"},{"taxonomy":"product_tag","embeddable":true,"href":"https:\/\/www.grintoura.fr\/en\/wp-json\/wp\/v2\/product_tag?post=13575"}],"curies":[{"name":"wp","href":"https:\/\/api.w.org\/{rel}","templated":true}]}}