	
	
	
	
{"id":13553,"date":"2025-01-23T10:19:59","date_gmt":"2025-01-23T09:19:59","guid":{"rendered":"https:\/\/www.grintoura.fr\/product\/parc-naturel-regional-corbieres-fenouilledes\/"},"modified":"2025-01-23T10:19:59","modified_gmt":"2025-01-23T09:19:59","slug":"parc-naturel-regional-corbieres-fenouilledes","status":"publish","type":"product","link":"https:\/\/www.grintoura.fr\/en\/product\/parc-naturel-regional-corbieres-fenouilledes\/","title":{"rendered":"Parc naturel r\u00e9gional Corbi\u00e8res-Fenouill\u00e8des"},"content":{"rendered":"<p>Des Corbi\u00e8res aux vall\u00e9es de l&rsquo;Aude et de l&rsquo;Agly,<a href=\"https:\/\/www.parcs-naturels-regionaux.fr\/les-parcs\/decouvrir-les-58-parcs\/parc-naturel-regional-corbieres-fenouilledes#toc-contact\" target=\"_blank\" rel=\"noopener\"><strong> le Parc naturel r\u00e9gional Corbi\u00e8res-Fenouill\u00e8des<\/strong><\/a> est un territoire riche et pr\u00e9serv\u00e9, v\u00e9ritable carrefour entre les zones m\u00e9diterran\u00e9ennes et pyr\u00e9n\u00e9ennes. Ses paysages vari\u00e9s, marqu\u00e9s par des formations g\u00e9ologiques uniques comme le\u00a0d\u00e9fil\u00e9 de la Pierre-Lys\u00a0et les\u00a0gorges de Galamus, et une histoire agricole ancienne, illustrent harmonieusement le lien entre nature et culture tout en abritant une biodiversit\u00e9 exceptionnelle. Les\u00a0forteresses sentinelles\u00a0perch\u00e9es sur des cr\u00eates escarp\u00e9es \u2013\u00a0Peyrepertuse,\u00a0Puilaurens,\u00a0Qu\u00e9ribus,\u00a0Termes, et\u00a0Aguilar\u00a0(tous en cours de classement) \u2013 t\u00e9moignent d&rsquo;une histoire mill\u00e9naire de d\u00e9fense et de r\u00e9sistance. Ce patrimoine historique et naturel se d\u00e9couvre au fil des chemins et sentiers pittoresques, qui invitent \u00e0 explorer 700 000 ans d\u2019histoire.<\/p>\n<p><strong>Contact<\/strong><br \/>\nT\u00e9l.\u00a0: 04.68.33.99.80<br \/>\nCourriel\u00a0:\u00a0contact@corbieres-fenouilledes.fr<\/p>\n<p>&nbsp;<\/p>","protected":false},"excerpt":{"rendered":"<p>Des Corbi\u00e8res aux vall\u00e9es de l&rsquo;Aude et de l&rsquo;Agly, le Parc naturel r\u00e9gional Corbi\u00e8res-Fenouill\u00e8des est un territoire riche et pr\u00e9serv\u00e9, v\u00e9ritable carrefour entre les zones m\u00e9diterran\u00e9ennes et pyr\u00e9n\u00e9ennes. Ses paysages vari\u00e9s, marqu\u00e9s par des formations g\u00e9ologiques uniques comme le\u00a0d\u00e9fil\u00e9 de la Pierre-Lys\u00a0et les\u00a0gorges de Galamus, et une histoire agricole ancienne, illustrent harmonieusement le lien entre [&hellip;]<\/p>","protected":false},"featured_media":0,"template":"","meta":[],"product_cat":[21],"product_tag":[],"_links":{"self":[{"href":"https:\/\/www.grintoura.fr\/en\/wp-json\/wp\/v2\/product\/13553"}],"collection":[{"href":"https:\/\/www.grintoura.fr\/en\/wp-json\/wp\/v2\/product"}],"about":[{"href":"https:\/\/www.grintoura.fr\/en\/wp-json\/wp\/v2\/types\/product"}],"wp:attachment":[{"href":"https:\/\/www.grintoura.fr\/en\/wp-json\/wp\/v2\/media?parent=13553"}],"wp:term":[{"taxonomy":"product_cat","embeddable":true,"href":"https:\/\/www.grintoura.fr\/en\/wp-json\/wp\/v2\/product_cat?post=13553"},{"taxonomy":"product_tag","embeddable":true,"href":"https:\/\/www.grintoura.fr\/en\/wp-json\/wp\/v2\/product_tag?post=13553"}],"curies":[{"name":"wp","href":"https:\/\/api.w.org\/{rel}","templated":true}]}}