	
	
	
	
{"id":13538,"date":"2025-01-22T16:58:47","date_gmt":"2025-01-22T15:58:47","guid":{"rendered":"https:\/\/www.grintoura.fr\/product\/parc-naturel-regional-de-chartreuse\/"},"modified":"2025-01-23T10:38:07","modified_gmt":"2025-01-23T09:38:07","slug":"parc-naturel-regional-de-chartreuse","status":"publish","type":"product","link":"https:\/\/www.grintoura.fr\/en\/product\/parc-naturel-regional-de-chartreuse\/","title":{"rendered":"Parc naturel r\u00e9gional de Chartreuse"},"content":{"rendered":"<p><a href=\"https:\/\/www.parcs-naturels-regionaux.fr\/les-parcs\/decouvrir-les-58-parcs\/parc-naturel-regional-de-chartreuse\" target=\"_blank\" rel=\"noopener\"><strong>A cheval entre les d\u00e9partements de l\u2019Is\u00e8re et la Savoie,<\/strong> <\/a>le massif donne \u00e0 voir une mosa\u00efque de paysages r\u00e9partie sur 859km\u00b2 et des altitudes allant de 200 \u00e0 2082m. 170 000 habitants vivent sur le massif, aux c\u00f4t\u00e9s de 3 777 esp\u00e8ces animales et v\u00e9g\u00e9tales dont plusieurs sont prot\u00e9g\u00e9es. Plus du tiers des esp\u00e8ces animales sont des papillons (1142 esp\u00e8ces diff\u00e9rentes\u00a0!) mais aussi des mammif\u00e8res (108), des oiseaux (341), &#8230; Le massif s\u2019organise autour de 72 communes et villages anim\u00e9s, \u00e0 l\u2019identit\u00e9 chartrousine sans pareil. Il abrite 216 types de milieux naturels, dont 2 r\u00e9serves naturelles, 3 sites Natura 2000 g\u00e9r\u00e9s par le Parc et de multiples espaces naturels sensibles. Vie associative, locale, culturelle, sportive, artisanale, commerciale, agricole, foresti\u00e8re, touristique&#8230; Autant de domaines d\u2019activit\u00e9s qui contribuent au rayonnement et \u00e0 la qualit\u00e9 de vie du massif, sans nuire pour autant aux ressources qui le composent. Le projet de territoire port\u00e9 par le Parc naturel r\u00e9gional de Chartreuse est de veiller au bon \u00e9quilibre du territoire dans un contexte de transition climatique et \u00e9cologique majeur.<\/p>\n<p><strong>Contact<\/strong><br \/>\naccueil@parc-chartreuse.net<\/p>\n<p>0476887520<\/p>","protected":false},"excerpt":{"rendered":"<p>A cheval entre les d\u00e9partements de l\u2019Is\u00e8re et la Savoie, le massif donne \u00e0 voir une mosa\u00efque de paysages r\u00e9partie sur 859km\u00b2 et des altitudes allant de 200 \u00e0 2082m. 170 000 habitants vivent sur le massif, aux c\u00f4t\u00e9s de 3 777 esp\u00e8ces animales et v\u00e9g\u00e9tales dont plusieurs sont prot\u00e9g\u00e9es. Plus du tiers des esp\u00e8ces [&hellip;]<\/p>","protected":false},"featured_media":0,"template":"","meta":[],"product_cat":[21],"product_tag":[],"_links":{"self":[{"href":"https:\/\/www.grintoura.fr\/en\/wp-json\/wp\/v2\/product\/13538"}],"collection":[{"href":"https:\/\/www.grintoura.fr\/en\/wp-json\/wp\/v2\/product"}],"about":[{"href":"https:\/\/www.grintoura.fr\/en\/wp-json\/wp\/v2\/types\/product"}],"wp:attachment":[{"href":"https:\/\/www.grintoura.fr\/en\/wp-json\/wp\/v2\/media?parent=13538"}],"wp:term":[{"taxonomy":"product_cat","embeddable":true,"href":"https:\/\/www.grintoura.fr\/en\/wp-json\/wp\/v2\/product_cat?post=13538"},{"taxonomy":"product_tag","embeddable":true,"href":"https:\/\/www.grintoura.fr\/en\/wp-json\/wp\/v2\/product_tag?post=13538"}],"curies":[{"name":"wp","href":"https:\/\/api.w.org\/{rel}","templated":true}]}}