	
	
	
	
{"id":13498,"date":"2025-01-22T15:46:28","date_gmt":"2025-01-22T14:46:28","guid":{"rendered":"https:\/\/www.grintoura.fr\/product\/parc-naturel-regional-de-la-brenne\/"},"modified":"2025-01-23T10:30:50","modified_gmt":"2025-01-23T09:30:50","slug":"parc-naturel-regional-de-la-brenne","status":"publish","type":"product","link":"https:\/\/www.grintoura.fr\/en\/product\/parc-naturel-regional-de-la-brenne\/","title":{"rendered":"Parc naturel r\u00e9gional de la Brenne"},"content":{"rendered":"<p>Partez \u00e0 la d\u00e9couverte d\u2019une nature pr\u00e9serv\u00e9e, authentique et sauvage. <strong>La Brenne,<\/strong> magique et myst\u00e9rieuse, est une mosa\u00efque d&rsquo;\u00e9tangs, de landes et de buttons. D\u2019apparence si naturelle, ce paysage est pourtant l\u2019\u0153uvre des hommes qui l\u2019ont model\u00e9 depuis le Moyen-\u00e2ge.<\/p>\n<p>Aujourd\u2019hui, avec plus de 2500 \u00e9tangs (traditionnellement utilis\u00e9s pour la pisciculture), la Brenne est l\u2019une des plus importantes zones humides continentales fran\u00e7aises reconnue au niveau international (depuis 1991 au titre de la Convention de Ramsar) pour la richesse de sa faune et de sa flore. Observatoires, sorties accompagn\u00e9es et sentiers de randonn\u00e9e attendent les amoureux d\u2019une nature extraordinairement riche et vivante.<br \/>\nLes rivi\u00e8res de l&rsquo;Anglin et de la Creuse, traversent un paysage de bocages, vallonn\u00e9 et bois\u00e9. Elles forment des vall\u00e9es, parfois encaiss\u00e9es, bord\u00e9es de coteaux calcaires et ponctu\u00e9es de falaises. C&rsquo;est le paradis de la p\u00eache, du cano\u00eb, de l&rsquo;escalade ou du v\u00e9lo.<\/p>\n<p><a href=\"https:\/\/www.parcs-naturels-regionaux.fr\/les-parcs\/decouvrir-les-58-parcs\/parc-naturel-regional-de-la-brenne\" target=\"_blank\" rel=\"noopener\"><strong>Le Parc naturel r\u00e9gional de la Brenne<\/strong>,<\/a> comme les autres Parcs naturels r\u00e9gionaux de France, \u0153uvre \u00e0 la pr\u00e9servation et \u00e0 la valorisation du cadre de vie de ses 33 000 habitants\u00a0par le maintien d\u2019un patrimoine rural de qualit\u00e9, le d\u00e9veloppement d\u2019animations \u00e9ducatives et culturelles et par un soutien aux artisans et commer\u00e7ants qui font vivre ses villages.<\/p>\n<p><strong>Contact<\/strong><br \/>\nT\u00e9l. : 02 54 28 12 13<\/p>\n<p>Mail :\u00a0tourisme@parc-naturel-brenne.fr<\/p>","protected":false},"excerpt":{"rendered":"<p>Partez \u00e0 la d\u00e9couverte d\u2019une nature pr\u00e9serv\u00e9e, authentique et sauvage. La Brenne, magique et myst\u00e9rieuse, est une mosa\u00efque d&rsquo;\u00e9tangs, de landes et de buttons. D\u2019apparence si naturelle, ce paysage est pourtant l\u2019\u0153uvre des hommes qui l\u2019ont model\u00e9 depuis le Moyen-\u00e2ge. Aujourd\u2019hui, avec plus de 2500 \u00e9tangs (traditionnellement utilis\u00e9s pour la pisciculture), la Brenne est l\u2019une [&hellip;]<\/p>","protected":false},"featured_media":0,"template":"","meta":[],"product_cat":[21],"product_tag":[],"_links":{"self":[{"href":"https:\/\/www.grintoura.fr\/en\/wp-json\/wp\/v2\/product\/13498"}],"collection":[{"href":"https:\/\/www.grintoura.fr\/en\/wp-json\/wp\/v2\/product"}],"about":[{"href":"https:\/\/www.grintoura.fr\/en\/wp-json\/wp\/v2\/types\/product"}],"wp:attachment":[{"href":"https:\/\/www.grintoura.fr\/en\/wp-json\/wp\/v2\/media?parent=13498"}],"wp:term":[{"taxonomy":"product_cat","embeddable":true,"href":"https:\/\/www.grintoura.fr\/en\/wp-json\/wp\/v2\/product_cat?post=13498"},{"taxonomy":"product_tag","embeddable":true,"href":"https:\/\/www.grintoura.fr\/en\/wp-json\/wp\/v2\/product_tag?post=13498"}],"curies":[{"name":"wp","href":"https:\/\/api.w.org\/{rel}","templated":true}]}}