	
	
	
	
{"id":13479,"date":"2025-01-22T14:58:13","date_gmt":"2025-01-22T13:58:13","guid":{"rendered":"https:\/\/www.grintoura.fr\/product\/parc-naturel-regional-des-ballons-des-vosges-2\/"},"modified":"2025-01-23T10:28:47","modified_gmt":"2025-01-23T09:28:47","slug":"parc-naturel-regional-des-ballons-des-vosges-2","status":"publish","type":"product","link":"https:\/\/www.grintoura.fr\/en\/product\/parc-naturel-regional-des-ballons-des-vosges-2\/","title":{"rendered":"Parc naturel r\u00e9gional des Ballons des Vosges"},"content":{"rendered":"<p>Avec en son c\u0153ur les Hautes-Vosges, <a href=\"https:\/\/www.parcs-naturels-regionaux.fr\/les-parcs\/decouvrir-les-58-parcs\/parc-naturel-regional-des-ballons-des-vosges\" target=\"_blank\" rel=\"noopener\"><strong>le Parc naturel r\u00e9gional des Ballons des Vosges<\/strong> <\/a>plonge vers les vall\u00e9es lorraines, alsaciennes et franc-comtoises. Le plateau des Mille \u00e9tangs en est la seconde grande richesse naturelle. Sur ce vaste territoire, les paysages remarquables foisonnent\u2009: hautes chaumes, tourbi\u00e8res, h\u00eatraies-sapini\u00e8res ou encore pelouses calcaires.<\/p>\n<p><strong>Sp\u00e9cificit\u00e9s<\/strong><br \/>\nLe Parc des Ballons des Vosges abrite une faune exceptionnelle\u2009: chevreuils, cerfs, sangliers, chamois, blaireaux, renards, grand duc, faucon p\u00e8lerin, grand t\u00e9tras ou g\u00e9linotte\u2026 Sa richesse floristique est \u00e0 l\u2019image de la diversit\u00e9 des milieux naturels. Pr\u00e8s de 2\u2009500 esp\u00e8ces diff\u00e9rentes sont identifi\u00e9es\u2009: pens\u00e9e des Vosges, \u0153illet superbe, canneberge, digitale \u00e0 grande fleur, dros\u00e9ra en sont les quelques joyaux. Ce territoire de moyenne montagne, marqu\u00e9 par une pr\u00e9sence humaine ancienne, est le support de nombreuses activit\u00e9s\u2009: agriculture, tourisme, artisanat, industrie\u2026<\/p>\n<p>Si le Parc est connu pour ses actions en faveur de la biodiversit\u00e9 et des paysages, ses autres missions sont toutes aussi fondamentales\u00a0: soutien \u00e0 l\u2019agriculture de montagne, d\u00e9veloppement des circuits-courts, accompagnement des projets d\u2019urbanisme de qualit\u00e9, am\u00e9lioration de l\u2019accueil de la grande cr\u00eate, projets scolaires ou encore sensibilisation des habitants et visiteurs.<\/p>\n<p><strong>Focus<\/strong><br \/>\nExpositions, information, boutique<br \/>\nEnvie d\u2019en savoir plus\u00a0?<br \/>\nDialoguer, sensibiliser et \u00eatre compris par les habitants et les visiteurs. Pour atteindre ces objectifs, le Parc naturel r\u00e9gional des Ballons des Vosges dispose de diff\u00e9rents points d\u2019accueil. Ces lieux vivants et ouverts sont de formidables points de d\u00e9part pour partir \u00e0 la d\u00e9couverte du sud du massif des Vosges. Ils proposent une documentation sp\u00e9cifique et diff\u00e9rentes expositions temporaires.<\/p>","protected":false},"excerpt":{"rendered":"<p>Avec en son c\u0153ur les Hautes-Vosges, le Parc naturel r\u00e9gional des Ballons des Vosges plonge vers les vall\u00e9es lorraines, alsaciennes et franc-comtoises. Le plateau des Mille \u00e9tangs en est la seconde grande richesse naturelle. Sur ce vaste territoire, les paysages remarquables foisonnent\u2009: hautes chaumes, tourbi\u00e8res, h\u00eatraies-sapini\u00e8res ou encore pelouses calcaires. Sp\u00e9cificit\u00e9s Le Parc des Ballons [&hellip;]<\/p>","protected":false},"featured_media":0,"template":"","meta":[],"product_cat":[21],"product_tag":[],"_links":{"self":[{"href":"https:\/\/www.grintoura.fr\/en\/wp-json\/wp\/v2\/product\/13479"}],"collection":[{"href":"https:\/\/www.grintoura.fr\/en\/wp-json\/wp\/v2\/product"}],"about":[{"href":"https:\/\/www.grintoura.fr\/en\/wp-json\/wp\/v2\/types\/product"}],"wp:attachment":[{"href":"https:\/\/www.grintoura.fr\/en\/wp-json\/wp\/v2\/media?parent=13479"}],"wp:term":[{"taxonomy":"product_cat","embeddable":true,"href":"https:\/\/www.grintoura.fr\/en\/wp-json\/wp\/v2\/product_cat?post=13479"},{"taxonomy":"product_tag","embeddable":true,"href":"https:\/\/www.grintoura.fr\/en\/wp-json\/wp\/v2\/product_tag?post=13479"}],"curies":[{"name":"wp","href":"https:\/\/api.w.org\/{rel}","templated":true}]}}