	
	
	
	
{"id":13450,"date":"2025-01-22T14:27:03","date_gmt":"2025-01-22T13:27:03","guid":{"rendered":"https:\/\/www.grintoura.fr\/product\/parc-naturel-regional-darmorique\/"},"modified":"2025-01-23T10:25:20","modified_gmt":"2025-01-23T09:25:20","slug":"parc-naturel-regional-darmorique","status":"publish","type":"product","link":"https:\/\/www.grintoura.fr\/en\/product\/parc-naturel-regional-darmorique\/","title":{"rendered":"Parc Naturel R\u00e9gional d\u2019Armorique"},"content":{"rendered":"<p><a href=\"https:\/\/www.parcs-naturels-regionaux.fr\/les-parcs\/decouvrir-les-58-parcs\/parc-naturel-regional-darmorique#toc-adresse\" target=\"_blank\" rel=\"noopener\"><strong>Le Parc naturel r\u00e9gional d\u2019Armorique<\/strong><\/a> est le second Parc cr\u00e9\u00e9 en France, en 1969.<\/p>\n<p>Unique en Bretagne, au c\u0153ur du Finist\u00e8re, le territoire du Parc s\u2019\u00e9tend des\u00a0monts d\u2019Arr\u00e9e\u00a0au littoral de la\u00a0presqu\u2019\u00eele de Crozon, en passant par la\u00a0vall\u00e9e de l\u2019Aulne\u00a0et la rade de Brest, et se prolonge en mer par les\u00a0\u00eeles d\u2019Iroise\u00a0(Sein, Mol\u00e8ne et Ouessant)<\/p>\n<p><strong>Sp\u00e9cificit\u00e9s<\/strong><\/p>\n<p>Le Parc naturel r\u00e9gional d\u2019Armorique poss\u00e8de un environnement exceptionnel, tant du point de vue de la faune, de la flore que des habitats naturels. Il est l\u2019un des rares Parcs poss\u00e9dant une fa\u00e7ade maritime importante.<\/p>\n<p>Les trois \u00eeles habit\u00e9es de la mer d\u2019Iroise, Ouessant, Mol\u00e8ne et Sein, sont class\u00e9es\u00a0R\u00e9serve de Biosph\u00e8re par l\u2019Unesco. Les \u00eelots constituent une halte et un lieu de nidification privil\u00e9gi\u00e9s pour les oiseaux marins. L\u2019estran abrite une grande diversit\u00e9 d\u2019esp\u00e8ces d\u2019algues et une colonie de phoques gris ainsi qu\u2019un groupe s\u00e9dentaire de grands dauphins qui ont \u00e9lu domicile dans l\u2019archipel de Mol\u00e8ne. Sa topographie et sa situation g\u00e9ographique, ont cr\u00e9\u00e9 une vari\u00e9t\u00e9 de milieux naturels d\u2019une grande qualit\u00e9. Il est l\u2019un des rares Parcs poss\u00e9dant une fa\u00e7ade maritime importante, mais \u00e9galement \u00e0 partager des fronti\u00e8res communes avec un Parc naturel marin. Il s\u2019agit du Parc naturel marin d\u2019Iroise, premier parc marin cr\u00e9\u00e9 en France.<\/p>\n<p><strong>Contact :<\/strong><\/p>\n<p>T\u00e9l. : 02 98 81 90 08 \/ Fax : 02 98 81 90 09<br \/>\ncontact@pnr-armorique.fr<\/p>\n<p>&nbsp;<\/p>","protected":false},"excerpt":{"rendered":"<p>Le Parc naturel r\u00e9gional d\u2019Armorique est le second Parc cr\u00e9\u00e9 en France, en 1969. Unique en Bretagne, au c\u0153ur du Finist\u00e8re, le territoire du Parc s\u2019\u00e9tend des\u00a0monts d\u2019Arr\u00e9e\u00a0au littoral de la\u00a0presqu\u2019\u00eele de Crozon, en passant par la\u00a0vall\u00e9e de l\u2019Aulne\u00a0et la rade de Brest, et se prolonge en mer par les\u00a0\u00eeles d\u2019Iroise\u00a0(Sein, Mol\u00e8ne et Ouessant) Sp\u00e9cificit\u00e9s [&hellip;]<\/p>","protected":false},"featured_media":0,"template":"","meta":[],"product_cat":[21],"product_tag":[],"_links":{"self":[{"href":"https:\/\/www.grintoura.fr\/en\/wp-json\/wp\/v2\/product\/13450"}],"collection":[{"href":"https:\/\/www.grintoura.fr\/en\/wp-json\/wp\/v2\/product"}],"about":[{"href":"https:\/\/www.grintoura.fr\/en\/wp-json\/wp\/v2\/types\/product"}],"wp:attachment":[{"href":"https:\/\/www.grintoura.fr\/en\/wp-json\/wp\/v2\/media?parent=13450"}],"wp:term":[{"taxonomy":"product_cat","embeddable":true,"href":"https:\/\/www.grintoura.fr\/en\/wp-json\/wp\/v2\/product_cat?post=13450"},{"taxonomy":"product_tag","embeddable":true,"href":"https:\/\/www.grintoura.fr\/en\/wp-json\/wp\/v2\/product_tag?post=13450"}],"curies":[{"name":"wp","href":"https:\/\/api.w.org\/{rel}","templated":true}]}}