	
	
	
	
{"id":13429,"date":"2025-01-22T11:18:16","date_gmt":"2025-01-22T10:18:16","guid":{"rendered":"https:\/\/www.grintoura.fr\/product\/chaussettes-labonal\/"},"modified":"2025-01-22T11:18:16","modified_gmt":"2025-01-22T10:18:16","slug":"chaussettes-labonal","status":"publish","type":"product","link":"https:\/\/www.grintoura.fr\/en\/product\/chaussettes-labonal\/","title":{"rendered":"Chaussettes Labonal"},"content":{"rendered":"<p><em><strong>Labonal,<\/strong> <\/em>c&rsquo;est un savoir-faire fran\u00e7ais invitant \u00e0 porter des chaussettes de haute qualit\u00e9, \u00e9l\u00e9gantes et confortables, con\u00e7ues dans les ateliers en Alsace depuis 1924.<\/p>\n<p>L&rsquo;id\u00e9e est de concevoir des \u00ab\u00a0chaussettes qui ne tombent pas, bien taill\u00e9es, qui ne font pas mal et qui s&rsquo;usent lentement.\u00a0\u00bb<\/p>\n<p>La conservation de notre savoir-faire, nos dessins originaux et nos mati\u00e8res de grande qualit\u00e9 nous permettent de produire des chaussettes que vous aimerez porter tous les jours.<\/p>\n<p><strong>L&rsquo;excellence en Alsace<\/strong><\/p>","protected":false},"excerpt":{"rendered":"<p>Labonal, c&rsquo;est un savoir-faire fran\u00e7ais invitant \u00e0 porter des chaussettes de haute qualit\u00e9, \u00e9l\u00e9gantes et confortables, con\u00e7ues dans les ateliers en Alsace depuis 1924. L&rsquo;id\u00e9e est de concevoir des \u00ab\u00a0chaussettes qui ne tombent pas, bien taill\u00e9es, qui ne font pas mal et qui s&rsquo;usent lentement.\u00a0\u00bb La conservation de notre savoir-faire, nos dessins originaux et nos [&hellip;]<\/p>","protected":false},"featured_media":0,"template":"","meta":[],"product_cat":[21],"product_tag":[],"_links":{"self":[{"href":"https:\/\/www.grintoura.fr\/en\/wp-json\/wp\/v2\/product\/13429"}],"collection":[{"href":"https:\/\/www.grintoura.fr\/en\/wp-json\/wp\/v2\/product"}],"about":[{"href":"https:\/\/www.grintoura.fr\/en\/wp-json\/wp\/v2\/types\/product"}],"wp:attachment":[{"href":"https:\/\/www.grintoura.fr\/en\/wp-json\/wp\/v2\/media?parent=13429"}],"wp:term":[{"taxonomy":"product_cat","embeddable":true,"href":"https:\/\/www.grintoura.fr\/en\/wp-json\/wp\/v2\/product_cat?post=13429"},{"taxonomy":"product_tag","embeddable":true,"href":"https:\/\/www.grintoura.fr\/en\/wp-json\/wp\/v2\/product_tag?post=13429"}],"curies":[{"name":"wp","href":"https:\/\/api.w.org\/{rel}","templated":true}]}}