	
	
	
	
{"id":13421,"date":"2025-01-22T10:38:39","date_gmt":"2025-01-22T09:38:39","guid":{"rendered":"https:\/\/www.grintoura.fr\/product\/abiessence\/"},"modified":"2025-01-22T10:38:39","modified_gmt":"2025-01-22T09:38:39","slug":"abiessence","status":"publish","type":"product","link":"https:\/\/www.grintoura.fr\/en\/product\/abiessence\/","title":{"rendered":"Abiessence"},"content":{"rendered":"<p><strong>Notre distillerie<\/strong> install\u00e9e dans les Monts du forez depuis 1999 est n\u00e9e d\u2019un \u00e9lan familial et d\u2019une v\u00e9ritable passion pour les r\u00e9sineux, les plantes aromatiques et pour cette r\u00e9gion pr\u00e9serv\u00e9e du Massif Central.<\/p>\n<p><strong>Au fil des ann\u00e9es,<\/strong> l\u2019\u00e9quipe s\u2019est \u00e9toff\u00e9e de collaborateurs avec de nouvelles comp\u00e9tences professionnelles vari\u00e9es et compl\u00e9mentaires. Mais le projet et les motivations de d\u00e9part demeurent\u00a0: valoriser biologiquement la flore locale et participer \u00e0 son d\u00e9veloppement et \u00e0 sa protection sans perturber l\u2019\u00e9quilibre \u00e9cologique, l\u2019\u00e9quation \u00e9tait donc \u00e9vidente et sans inconnue\u00a0:<\/p>\n<p><em><strong>1 arbre = 9 produits + 0 d\u00e9chet.<\/strong><\/em><\/p>\n<p>L\u2019arbre, c\u2019est le r\u00e9sineux. Il peuple massivement les bois des Monts du Forez. Ses branches et ses aiguilles sont distill\u00e9es. Abiessence en retire des huiles essentielles, des eaux florales et des r\u00e9sidus transform\u00e9s en paillage ou en combustible. Le bois est utilis\u00e9 en charpentes, chevrons, voliges ; les chutes sont d\u00e9bit\u00e9es en bois de chauffage et broy\u00e9es en plaquettes.<\/p>\n<p>Pour notre gamme d\u2019huiles essentielles, nous cultivons nos propres plantes aromatiques, plant\u00e9es \u00e0 deux pas de l\u2019entreprise. Les rangs des plantes les plus fortes (thym, sarriette, lavande) hier d\u00e9sherb\u00e9s \u00e0 la main, sont aujourd\u2019hui entretenus gr\u00e2ce au paillage.<\/p>\n<p>Aujourd\u2019hui, Abiessence produit 25 huiles essentielles et 30 eaux florales diff\u00e9rentes. Elles sont conditionn\u00e9es en flacons, servent d\u2019ingr\u00e9dients dans des produits cosm\u00e9tiques, m\u00e9nagers et alimentaires.<\/p>","protected":false},"excerpt":{"rendered":"<p>Notre distillerie install\u00e9e dans les Monts du forez depuis 1999 est n\u00e9e d\u2019un \u00e9lan familial et d\u2019une v\u00e9ritable passion pour les r\u00e9sineux, les plantes aromatiques et pour cette r\u00e9gion pr\u00e9serv\u00e9e du Massif Central. Au fil des ann\u00e9es, l\u2019\u00e9quipe s\u2019est \u00e9toff\u00e9e de collaborateurs avec de nouvelles comp\u00e9tences professionnelles vari\u00e9es et compl\u00e9mentaires. Mais le projet et les [&hellip;]<\/p>","protected":false},"featured_media":0,"template":"","meta":[],"product_cat":[21],"product_tag":[],"_links":{"self":[{"href":"https:\/\/www.grintoura.fr\/en\/wp-json\/wp\/v2\/product\/13421"}],"collection":[{"href":"https:\/\/www.grintoura.fr\/en\/wp-json\/wp\/v2\/product"}],"about":[{"href":"https:\/\/www.grintoura.fr\/en\/wp-json\/wp\/v2\/types\/product"}],"wp:attachment":[{"href":"https:\/\/www.grintoura.fr\/en\/wp-json\/wp\/v2\/media?parent=13421"}],"wp:term":[{"taxonomy":"product_cat","embeddable":true,"href":"https:\/\/www.grintoura.fr\/en\/wp-json\/wp\/v2\/product_cat?post=13421"},{"taxonomy":"product_tag","embeddable":true,"href":"https:\/\/www.grintoura.fr\/en\/wp-json\/wp\/v2\/product_tag?post=13421"}],"curies":[{"name":"wp","href":"https:\/\/api.w.org\/{rel}","templated":true}]}}