	
	
	
	
{"id":13400,"date":"2025-01-21T15:01:21","date_gmt":"2025-01-21T14:01:21","guid":{"rendered":"https:\/\/www.grintoura.fr\/product\/domaines-tournier\/"},"modified":"2025-01-21T15:03:01","modified_gmt":"2025-01-21T14:03:01","slug":"domaines-tournier","status":"publish","type":"product","link":"https:\/\/www.grintoura.fr\/en\/product\/domaines-tournier\/","title":{"rendered":"Domaines Tournier"},"content":{"rendered":"<p><strong>La Biodynamie<\/strong> nous permet une approche globale de la plante et de l\u2019environnement en fonction des influences qui viennent de la terre, de l\u2019air et de l\u2019eau.<\/p>\n<p>Le but est que la vigne s\u2019\u00e9panouisse dans le meilleur milieu possible, ce qui la rendra moins sensible aux parasites et permettra de limiter les applications de bouillie cupriques et de soufre.<\/p>\n<p>En priorit\u00e9, nous d\u00e9veloppons la vie microbienne du sol afin que les racines y puisent tous les \u00e9l\u00e9ments n\u00e9cessaires.<\/p>\n<p>Ensuite nous favorisons le d\u00e9veloppement de nombreuses herbes annuelles et vivaces qui apportent une biodiversit\u00e9 favorable \u00e0 l\u2019\u00e9cosyst\u00e8me. Nous sommes \u00e9galement attentifs au rythme des plan\u00e8tes et adaptons certains travaux notamment le travail du sol et de profiter des influences favorables.<\/p>\n<p>La vigne devient plus r\u00e9sistante et quelques applications de tisanes nous permettent d\u2019obtenir de belles r\u00e9coltes.<\/p>\n<p>Tout ce travail en intelligence avec notre environnement, apporte des r\u00e9sultats tr\u00e8s int\u00e9ressants, au niveau de la qualit\u00e9 des vins mais aussi au niveau humain. C\u2019est en effet un grand plaisir de se sentir en harmonie avec la nature, avec la vie, plaisir que nous aimons partager avec des amateurs toujours plus nombreux.<\/p>\n<p>Contacts :<\/p>\n<p>T\u00e9l : 04.94.90.11.83 \u2013 06.61.19.84.52 \u2013 06.61.14.11.83 \u2013 07.82.18.08.08<br \/>\n<a href=\"http:\/\/www.domaine-tournier.fr\" target=\"_blank\" rel=\"noopener\">www.domaine-tournier.fr<\/a><br \/>\nchateauguilhemtournier@gmail.com<\/p>","protected":false},"excerpt":{"rendered":"<p>La Biodynamie nous permet une approche globale de la plante et de l\u2019environnement en fonction des influences qui viennent de la terre, de l\u2019air et de l\u2019eau. Le but est que la vigne s\u2019\u00e9panouisse dans le meilleur milieu possible, ce qui la rendra moins sensible aux parasites et permettra de limiter les applications de bouillie [&hellip;]<\/p>","protected":false},"featured_media":0,"template":"","meta":[],"product_cat":[21],"product_tag":[],"_links":{"self":[{"href":"https:\/\/www.grintoura.fr\/en\/wp-json\/wp\/v2\/product\/13400"}],"collection":[{"href":"https:\/\/www.grintoura.fr\/en\/wp-json\/wp\/v2\/product"}],"about":[{"href":"https:\/\/www.grintoura.fr\/en\/wp-json\/wp\/v2\/types\/product"}],"wp:attachment":[{"href":"https:\/\/www.grintoura.fr\/en\/wp-json\/wp\/v2\/media?parent=13400"}],"wp:term":[{"taxonomy":"product_cat","embeddable":true,"href":"https:\/\/www.grintoura.fr\/en\/wp-json\/wp\/v2\/product_cat?post=13400"},{"taxonomy":"product_tag","embeddable":true,"href":"https:\/\/www.grintoura.fr\/en\/wp-json\/wp\/v2\/product_tag?post=13400"}],"curies":[{"name":"wp","href":"https:\/\/api.w.org\/{rel}","templated":true}]}}