	
	
	
	
{"id":13378,"date":"2025-01-21T11:04:57","date_gmt":"2025-01-21T10:04:57","guid":{"rendered":"https:\/\/www.grintoura.fr\/product\/domaine-de-la-fouquette\/"},"modified":"2025-01-21T11:06:50","modified_gmt":"2025-01-21T10:06:50","slug":"domaine-de-la-fouquette","status":"publish","type":"product","link":"https:\/\/www.grintoura.fr\/en\/product\/domaine-de-la-fouquette\/","title":{"rendered":"Domaine de la Fouquette"},"content":{"rendered":"<p><strong>Domaine de la Fouquette<\/strong><br \/>\nVins de terroir en C\u00f4tes de Provence<br \/>\nLe Domaine de la Fouquette c\u2019est un\u00a0terroir unique, riche en biodiversit\u00e9\u00a0situ\u00e9 au pied du massif des Maures et enti\u00e8rement\u00a0class\u00e9 en d\u00e9nomination \u00ab Notre Dame des Anges \u00bb.<\/p>\n<p>Les caract\u00e9ristiques p\u00e9doclimatiques (sol argilo-schisteux, bon ensoleillement et amplitude thermique marqu\u00e9e entre l\u2019\u00e9t\u00e9 et l\u2019hiver) permettent aux vins d\u2019exprimer pleinement leur potentiel.<\/p>\n<p>Ici, le vignoble,\u00a0<em><strong>certifi\u00e9 bio par Ecocert depuis 2013<\/strong><\/em>, est travaill\u00e9 selon des m\u00e9thodes\u00a0respectueuses de l\u2019environnement\u00a0dans un esprit d\u2019am\u00e9lioration permanente (semis d\u2019engrais vert, vitipastoralisme\u2026), ce qui permet d\u2019obtenir des\u00a0cuv\u00e9es authentiques r\u00e9compens\u00e9es chaque ann\u00e9e\u00a0dans les concours les plus prestigieux.<\/p>\n<p>Contacts :<\/p>\n<p>+33 (0)4 94 73 08 45<\/p>\n<p><a href=\"https:\/\/domainedelafouquette.fr\/\" target=\"_blank\" rel=\"noopener\">https:\/\/domainedelafouquette.fr\/<\/a><\/p>","protected":false},"excerpt":{"rendered":"<p>Domaine de la Fouquette Vins de terroir en C\u00f4tes de Provence Le Domaine de la Fouquette c\u2019est un\u00a0terroir unique, riche en biodiversit\u00e9\u00a0situ\u00e9 au pied du massif des Maures et enti\u00e8rement\u00a0class\u00e9 en d\u00e9nomination \u00ab Notre Dame des Anges \u00bb. Les caract\u00e9ristiques p\u00e9doclimatiques (sol argilo-schisteux, bon ensoleillement et amplitude thermique marqu\u00e9e entre l\u2019\u00e9t\u00e9 et l\u2019hiver) permettent aux [&hellip;]<\/p>","protected":false},"featured_media":0,"template":"","meta":[],"product_cat":[21],"product_tag":[],"_links":{"self":[{"href":"https:\/\/www.grintoura.fr\/en\/wp-json\/wp\/v2\/product\/13378"}],"collection":[{"href":"https:\/\/www.grintoura.fr\/en\/wp-json\/wp\/v2\/product"}],"about":[{"href":"https:\/\/www.grintoura.fr\/en\/wp-json\/wp\/v2\/types\/product"}],"wp:attachment":[{"href":"https:\/\/www.grintoura.fr\/en\/wp-json\/wp\/v2\/media?parent=13378"}],"wp:term":[{"taxonomy":"product_cat","embeddable":true,"href":"https:\/\/www.grintoura.fr\/en\/wp-json\/wp\/v2\/product_cat?post=13378"},{"taxonomy":"product_tag","embeddable":true,"href":"https:\/\/www.grintoura.fr\/en\/wp-json\/wp\/v2\/product_tag?post=13378"}],"curies":[{"name":"wp","href":"https:\/\/api.w.org\/{rel}","templated":true}]}}