	
	
	
	
{"id":13281,"date":"2025-01-20T13:55:40","date_gmt":"2025-01-20T12:55:40","guid":{"rendered":"https:\/\/www.grintoura.fr\/product\/chateau-de-montlaur-et-chapelle-st-medard\/"},"modified":"2025-01-20T13:55:40","modified_gmt":"2025-01-20T12:55:40","slug":"chateau-de-montlaur-et-chapelle-st-medard","status":"publish","type":"product","link":"https:\/\/www.grintoura.fr\/en\/product\/chateau-de-montlaur-et-chapelle-st-medard\/","title":{"rendered":"Ch\u00e2teau de Montlaur et chapelle St M\u00e9dard"},"content":{"rendered":"<p>Au cours d&rsquo;une randonn\u00e9e, d\u00e9couvrez les ruines du Ch\u00e2teau de Montlaur \u00e0 768m.<\/p>\n<p>Donjon, porte romane, tours d&rsquo;angles plus r\u00e9centes, et la chapelle Saint M\u00e9dard pr\u00e8s des ruines, restaur\u00e9e en 1988.<br \/>\nPour se rendre de Coucouron \u00e0 Aubenas, les de Montlaur suivirent la voie naturelle, l&rsquo;Ard\u00e8che et Mayres. A l&rsquo;approche de ce village, un point strat\u00e9gique attira leur attention, le mamelon de Saint-M\u00e9dard, inaccessible de partout, except\u00e9 du nord. Ce qui les engagea \u00e0 batir une forteresse pour prot\u00e9ger la vall\u00e9e et le bourg de Mayres, leur propri\u00e9t\u00e9.<\/p>","protected":false},"excerpt":{"rendered":"<p>Au cours d&rsquo;une randonn\u00e9e, d\u00e9couvrez les ruines du Ch\u00e2teau de Montlaur \u00e0 768m. Donjon, porte romane, tours d&rsquo;angles plus r\u00e9centes, et la chapelle Saint M\u00e9dard pr\u00e8s des ruines, restaur\u00e9e en 1988. Pour se rendre de Coucouron \u00e0 Aubenas, les de Montlaur suivirent la voie naturelle, l&rsquo;Ard\u00e8che et Mayres. A l&rsquo;approche de ce village, un point [&hellip;]<\/p>","protected":false},"featured_media":0,"template":"","meta":[],"product_cat":[21],"product_tag":[],"_links":{"self":[{"href":"https:\/\/www.grintoura.fr\/en\/wp-json\/wp\/v2\/product\/13281"}],"collection":[{"href":"https:\/\/www.grintoura.fr\/en\/wp-json\/wp\/v2\/product"}],"about":[{"href":"https:\/\/www.grintoura.fr\/en\/wp-json\/wp\/v2\/types\/product"}],"wp:attachment":[{"href":"https:\/\/www.grintoura.fr\/en\/wp-json\/wp\/v2\/media?parent=13281"}],"wp:term":[{"taxonomy":"product_cat","embeddable":true,"href":"https:\/\/www.grintoura.fr\/en\/wp-json\/wp\/v2\/product_cat?post=13281"},{"taxonomy":"product_tag","embeddable":true,"href":"https:\/\/www.grintoura.fr\/en\/wp-json\/wp\/v2\/product_tag?post=13281"}],"curies":[{"name":"wp","href":"https:\/\/api.w.org\/{rel}","templated":true}]}}