	
	
	
	
{"id":13202,"date":"2025-01-20T11:58:06","date_gmt":"2025-01-20T10:58:06","guid":{"rendered":"https:\/\/www.grintoura.fr\/product\/la-sardasine\/"},"modified":"2025-01-20T11:58:06","modified_gmt":"2025-01-20T10:58:06","slug":"la-sardasine","status":"publish","type":"product","link":"https:\/\/www.grintoura.fr\/en\/product\/la-sardasine\/","title":{"rendered":"La Sardasine"},"content":{"rendered":"<p>Au c\u0153ur du village de caract\u00e8re de Meyras, sur le parcours des fresques, Restaurant, Cr\u00eaperie, Restauration \u00e0 th\u00e8me. Spaghetteria, galettes sarrasin, sp\u00e9cialit\u00e9s p\u00e2tes italiennes, salades, glaces. Plats \u00e0 emporter. Terrasse ombrag\u00e9e.<\/p>\n<p>Plats \u00e0 emporter. Plat unique.<\/p>","protected":false},"excerpt":{"rendered":"<p>Au c\u0153ur du village de caract\u00e8re de Meyras, sur le parcours des fresques, Restaurant, Cr\u00eaperie, Restauration \u00e0 th\u00e8me. Spaghetteria, galettes sarrasin, sp\u00e9cialit\u00e9s p\u00e2tes italiennes, salades, glaces. Plats \u00e0 emporter. Terrasse ombrag\u00e9e. Plats \u00e0 emporter. Plat unique.<\/p>","protected":false},"featured_media":0,"template":"","meta":[],"product_cat":[21],"product_tag":[],"_links":{"self":[{"href":"https:\/\/www.grintoura.fr\/en\/wp-json\/wp\/v2\/product\/13202"}],"collection":[{"href":"https:\/\/www.grintoura.fr\/en\/wp-json\/wp\/v2\/product"}],"about":[{"href":"https:\/\/www.grintoura.fr\/en\/wp-json\/wp\/v2\/types\/product"}],"wp:attachment":[{"href":"https:\/\/www.grintoura.fr\/en\/wp-json\/wp\/v2\/media?parent=13202"}],"wp:term":[{"taxonomy":"product_cat","embeddable":true,"href":"https:\/\/www.grintoura.fr\/en\/wp-json\/wp\/v2\/product_cat?post=13202"},{"taxonomy":"product_tag","embeddable":true,"href":"https:\/\/www.grintoura.fr\/en\/wp-json\/wp\/v2\/product_tag?post=13202"}],"curies":[{"name":"wp","href":"https:\/\/api.w.org\/{rel}","templated":true}]}}