	
	
	
	
{"id":13159,"date":"2025-01-20T11:13:33","date_gmt":"2025-01-20T10:13:33","guid":{"rendered":"https:\/\/www.grintoura.fr\/product\/ferme-des-achillees\/"},"modified":"2025-01-20T11:13:33","modified_gmt":"2025-01-20T10:13:33","slug":"ferme-des-achillees","status":"publish","type":"product","link":"https:\/\/www.grintoura.fr\/en\/product\/ferme-des-achillees\/","title":{"rendered":"Ferme des Achill\u00e9es"},"content":{"rendered":"<p>Des ateliers de distillation ouverts au public \u00e0 la ferme ou ailleurs ! Une volont\u00e9 de transmission et d&rsquo;\u00e9change de savoirs populaires autours des plantes et de leurs utilisations. Distillation de plantes et cr\u00e9ation d&rsquo;hydrolats&#8230; Visites sur demande.<\/p>\n<p>Suivant le planning \u00e9tabli et\/ou \u00e0 la demande (\u00e0 partir de 5pers. \/ 15 pers. max) : balades botaniques, ateliers de distillation \u00e0 l&rsquo;alambic&#8230;<\/p>","protected":false},"excerpt":{"rendered":"<p>Des ateliers de distillation ouverts au public \u00e0 la ferme ou ailleurs ! Une volont\u00e9 de transmission et d&rsquo;\u00e9change de savoirs populaires autours des plantes et de leurs utilisations. Distillation de plantes et cr\u00e9ation d&rsquo;hydrolats&#8230; Visites sur demande. Suivant le planning \u00e9tabli et\/ou \u00e0 la demande (\u00e0 partir de 5pers. \/ 15 pers. max) : [&hellip;]<\/p>","protected":false},"featured_media":0,"template":"","meta":[],"product_cat":[21],"product_tag":[],"_links":{"self":[{"href":"https:\/\/www.grintoura.fr\/en\/wp-json\/wp\/v2\/product\/13159"}],"collection":[{"href":"https:\/\/www.grintoura.fr\/en\/wp-json\/wp\/v2\/product"}],"about":[{"href":"https:\/\/www.grintoura.fr\/en\/wp-json\/wp\/v2\/types\/product"}],"wp:attachment":[{"href":"https:\/\/www.grintoura.fr\/en\/wp-json\/wp\/v2\/media?parent=13159"}],"wp:term":[{"taxonomy":"product_cat","embeddable":true,"href":"https:\/\/www.grintoura.fr\/en\/wp-json\/wp\/v2\/product_cat?post=13159"},{"taxonomy":"product_tag","embeddable":true,"href":"https:\/\/www.grintoura.fr\/en\/wp-json\/wp\/v2\/product_tag?post=13159"}],"curies":[{"name":"wp","href":"https:\/\/api.w.org\/{rel}","templated":true}]}}