	
	
	
	
{"id":13094,"date":"2025-01-17T14:43:34","date_gmt":"2025-01-17T13:43:34","guid":{"rendered":"https:\/\/www.grintoura.fr\/product\/a-la-ferme-du-val-durance\/"},"modified":"2025-01-17T14:43:34","modified_gmt":"2025-01-17T13:43:34","slug":"a-la-ferme-du-val-durance","status":"publish","type":"product","link":"https:\/\/www.grintoura.fr\/en\/product\/a-la-ferme-du-val-durance\/","title":{"rendered":"A LA FERME du Val Durance"},"content":{"rendered":"<p><strong>Locale<\/strong><br \/>\nNous avons \u00e0 coeur d&rsquo;accompagner nos producteurs pour relocaliser la production de nos mati\u00e8res premi\u00e8res.<\/p>\n<p><strong>Juste r\u00e9mun\u00e9ration<\/strong><br \/>\nNous nous entendons avec nos producteurs pour acheter nos mati\u00e8res premi\u00e8res au prix le plus juste.<\/p>\n<p><strong>Biologique<\/strong><br \/>\nParce que prendre soin de notre environnement est une priorit\u00e9, tous nos produits sont issus de l&rsquo;agriculture biologique.<\/p>\n<p><strong>Qualit\u00e9<\/strong><br \/>\nDe la graine \u00e0 la bouteille, nous s\u00e9lectionnons les meilleures graines que nous transformons avec soin.<\/p>","protected":false},"excerpt":{"rendered":"<p>Locale Nous avons \u00e0 coeur d&rsquo;accompagner nos producteurs pour relocaliser la production de nos mati\u00e8res premi\u00e8res. Juste r\u00e9mun\u00e9ration Nous nous entendons avec nos producteurs pour acheter nos mati\u00e8res premi\u00e8res au prix le plus juste. Biologique Parce que prendre soin de notre environnement est une priorit\u00e9, tous nos produits sont issus de l&rsquo;agriculture biologique. Qualit\u00e9 De [&hellip;]<\/p>","protected":false},"featured_media":0,"template":"","meta":[],"product_cat":[21],"product_tag":[],"_links":{"self":[{"href":"https:\/\/www.grintoura.fr\/en\/wp-json\/wp\/v2\/product\/13094"}],"collection":[{"href":"https:\/\/www.grintoura.fr\/en\/wp-json\/wp\/v2\/product"}],"about":[{"href":"https:\/\/www.grintoura.fr\/en\/wp-json\/wp\/v2\/types\/product"}],"wp:attachment":[{"href":"https:\/\/www.grintoura.fr\/en\/wp-json\/wp\/v2\/media?parent=13094"}],"wp:term":[{"taxonomy":"product_cat","embeddable":true,"href":"https:\/\/www.grintoura.fr\/en\/wp-json\/wp\/v2\/product_cat?post=13094"},{"taxonomy":"product_tag","embeddable":true,"href":"https:\/\/www.grintoura.fr\/en\/wp-json\/wp\/v2\/product_tag?post=13094"}],"curies":[{"name":"wp","href":"https:\/\/api.w.org\/{rel}","templated":true}]}}