	
	
	
	
{"id":12973,"date":"2025-01-16T11:39:35","date_gmt":"2025-01-16T10:39:35","guid":{"rendered":"https:\/\/www.grintoura.fr\/product\/graine-cie\/"},"modified":"2025-02-09T07:36:15","modified_gmt":"2025-02-09T06:36:15","slug":"graine-cie","status":"publish","type":"product","link":"https:\/\/www.grintoura.fr\/en\/product\/graine-cie\/","title":{"rendered":"Graine & Cie"},"content":{"rendered":"<p><strong>Notre mission chez Graine &amp; Cie ?<\/strong><\/p>\n<p>R\u00e9v\u00e9ler le meilleur de nos terroirs, de nos terres et de ceux qui les cultivent pour vous redonner plaisir \u00e0 faire vos courses de mani\u00e8re responsable et gourmande.<\/p>","protected":false},"excerpt":{"rendered":"<p>Notre mission chez Graine &amp; Cie ? R\u00e9v\u00e9ler le meilleur de nos terroirs, de nos terres et de ceux qui les cultivent pour vous redonner plaisir \u00e0 faire vos courses de mani\u00e8re responsable et gourmande.<\/p>","protected":false},"featured_media":0,"template":"","meta":[],"product_cat":[21],"product_tag":[],"_links":{"self":[{"href":"https:\/\/www.grintoura.fr\/en\/wp-json\/wp\/v2\/product\/12973"}],"collection":[{"href":"https:\/\/www.grintoura.fr\/en\/wp-json\/wp\/v2\/product"}],"about":[{"href":"https:\/\/www.grintoura.fr\/en\/wp-json\/wp\/v2\/types\/product"}],"wp:attachment":[{"href":"https:\/\/www.grintoura.fr\/en\/wp-json\/wp\/v2\/media?parent=12973"}],"wp:term":[{"taxonomy":"product_cat","embeddable":true,"href":"https:\/\/www.grintoura.fr\/en\/wp-json\/wp\/v2\/product_cat?post=12973"},{"taxonomy":"product_tag","embeddable":true,"href":"https:\/\/www.grintoura.fr\/en\/wp-json\/wp\/v2\/product_tag?post=12973"}],"curies":[{"name":"wp","href":"https:\/\/api.w.org\/{rel}","templated":true}]}}