	
	
	
	
{"id":12713,"date":"2025-01-10T12:02:25","date_gmt":"2025-01-10T11:02:25","guid":{"rendered":"https:\/\/www.grintoura.fr\/product\/taravu-une-vallee-en-heritage\/"},"modified":"2025-01-10T12:02:25","modified_gmt":"2025-01-10T11:02:25","slug":"taravu-une-vallee-en-heritage","status":"publish","type":"product","link":"https:\/\/www.grintoura.fr\/en\/product\/taravu-une-vallee-en-heritage\/","title":{"rendered":"Taravu \u2013 Une vall\u00e9e en h\u00e9ritage"},"content":{"rendered":"<p>Le Taravu, est un fleuve long d\u2019environ 65 kilom\u00e8tres. Troisi\u00e8me fleuve de Corse, il trouve ses origines \u00e0 environ 1 580 m\u00e8tres d\u2019altitude, au nord du Monte Grosso (1 895 m), sur la commune de Palleca. L\u2019orientation g\u00e9n\u00e9rale de son cours va du nord-est vers le sud-ouest, pour se jeter dans la mer M\u00e9diterran\u00e9e au niveau du golfe du Valincu, situ\u00e9 sur les communes de Sarra di Farru et d\u2019Ulmetu.<\/p>\n<p>Du point de vue g\u00e9ologique, le bassin versant, d\u2019une superficie de pr\u00e8s de 490 kilom\u00e8tres carr\u00e9, qui couvre ou recoupe trente et une communes, appartient int\u00e9gralement \u00e0 la Corse hercynienne, dont il traverse le segment Sud, domin\u00e9 par les plutons. \u00c0 l\u2019image de la majeure partie de la Corse hercynienne, le substratum du bassin versant du Taravu est largement domin\u00e9 par des granito\u00efdes.<\/p>","protected":false},"excerpt":{"rendered":"<p>Le Taravu, est un fleuve long d\u2019environ 65 kilom\u00e8tres. Troisi\u00e8me fleuve de Corse, il trouve ses origines \u00e0 environ 1 580 m\u00e8tres d\u2019altitude, au nord du Monte Grosso (1 895 m), sur la commune de Palleca. L\u2019orientation g\u00e9n\u00e9rale de son cours va du nord-est vers le sud-ouest, pour se jeter dans la mer M\u00e9diterran\u00e9e au [&hellip;]<\/p>","protected":false},"featured_media":0,"template":"","meta":[],"product_cat":[21],"product_tag":[],"_links":{"self":[{"href":"https:\/\/www.grintoura.fr\/en\/wp-json\/wp\/v2\/product\/12713"}],"collection":[{"href":"https:\/\/www.grintoura.fr\/en\/wp-json\/wp\/v2\/product"}],"about":[{"href":"https:\/\/www.grintoura.fr\/en\/wp-json\/wp\/v2\/types\/product"}],"wp:attachment":[{"href":"https:\/\/www.grintoura.fr\/en\/wp-json\/wp\/v2\/media?parent=12713"}],"wp:term":[{"taxonomy":"product_cat","embeddable":true,"href":"https:\/\/www.grintoura.fr\/en\/wp-json\/wp\/v2\/product_cat?post=12713"},{"taxonomy":"product_tag","embeddable":true,"href":"https:\/\/www.grintoura.fr\/en\/wp-json\/wp\/v2\/product_tag?post=12713"}],"curies":[{"name":"wp","href":"https:\/\/api.w.org\/{rel}","templated":true}]}}