	
	
	
	
{"id":12706,"date":"2025-01-10T11:53:43","date_gmt":"2025-01-10T10:53:43","guid":{"rendered":"https:\/\/www.grintoura.fr\/product\/office-de-tourisme-de-combloux\/"},"modified":"2025-01-10T11:53:43","modified_gmt":"2025-01-10T10:53:43","slug":"office-de-tourisme-de-combloux","status":"publish","type":"product","link":"https:\/\/www.grintoura.fr\/en\/product\/office-de-tourisme-de-combloux\/","title":{"rendered":"Office de Tourisme de Combloux"},"content":{"rendered":"<p>L&rsquo;Office vous propose \u00e9galement les services suivants ainsi que sa boutique en direct ou en ligne :<br \/>\n&#8211; bulletin m\u00e9t\u00e9o au quotidien<br \/>\n&#8211; liste des dispos h\u00f4tels<br \/>\n&#8211; pr\u00eat de jeux de soci\u00e9t\u00e9 en cas de mauvais temps<br \/>\n&#8211; point internet sur un poste fixe<br \/>\n&#8211; zone wifi gratuite r\u00e9seau Cigale<br \/>\n&#8211; vente de prestations : Sorties moyenne-montagne avec accompagnateur, balade en cal\u00e8che avec go\u00fbters \u00e0 la ferme, visites de fermes, excursions, visites guid\u00e9es du Patrimoine, pr\u00e9vente de tickets plan d\u2019eau, sports d&rsquo;air et d&rsquo;eaux vives&#8230;<br \/>\n&#8211; vente diverses : cartes postales anciennes, livre sur le \u00ab\u00a0Sentier du Baroque\u00a0\u00bb, affiches, petite librairie, photocopies, fax, scan, tee-shirts, casquettes&#8230;<br \/>\n&#8211; sur demande : documentations touristiques (plans village, guide des P&rsquo;tits Loups&#8230;)<\/p>\n<p>Une Centrale de R\u00e9servation \u00ab Combloux-R\u00e9servation \u00bb est ouverte pour vous aider dans votre recherche d\u2019h\u00e9bergement id\u00e9al pour vos vacances.<\/p>","protected":false},"excerpt":{"rendered":"<p>L&rsquo;Office vous propose \u00e9galement les services suivants ainsi que sa boutique en direct ou en ligne : &#8211; bulletin m\u00e9t\u00e9o au quotidien &#8211; liste des dispos h\u00f4tels &#8211; pr\u00eat de jeux de soci\u00e9t\u00e9 en cas de mauvais temps &#8211; point internet sur un poste fixe &#8211; zone wifi gratuite r\u00e9seau Cigale &#8211; vente de prestations [&hellip;]<\/p>","protected":false},"featured_media":0,"template":"","meta":[],"product_cat":[21],"product_tag":[],"_links":{"self":[{"href":"https:\/\/www.grintoura.fr\/en\/wp-json\/wp\/v2\/product\/12706"}],"collection":[{"href":"https:\/\/www.grintoura.fr\/en\/wp-json\/wp\/v2\/product"}],"about":[{"href":"https:\/\/www.grintoura.fr\/en\/wp-json\/wp\/v2\/types\/product"}],"wp:attachment":[{"href":"https:\/\/www.grintoura.fr\/en\/wp-json\/wp\/v2\/media?parent=12706"}],"wp:term":[{"taxonomy":"product_cat","embeddable":true,"href":"https:\/\/www.grintoura.fr\/en\/wp-json\/wp\/v2\/product_cat?post=12706"},{"taxonomy":"product_tag","embeddable":true,"href":"https:\/\/www.grintoura.fr\/en\/wp-json\/wp\/v2\/product_tag?post=12706"}],"curies":[{"name":"wp","href":"https:\/\/api.w.org\/{rel}","templated":true}]}}