	
	
	
	
{"id":12697,"date":"2025-01-10T10:46:55","date_gmt":"2025-01-10T09:46:55","guid":{"rendered":"https:\/\/www.grintoura.fr\/product\/la-ferme-des-sonnailles\/"},"modified":"2025-01-21T11:22:54","modified_gmt":"2025-01-21T10:22:54","slug":"la-ferme-des-sonnailles","status":"publish","type":"product","link":"https:\/\/www.grintoura.fr\/en\/product\/la-ferme-des-sonnailles\/","title":{"rendered":"La Ferme des Sonnailles"},"content":{"rendered":"<p><strong>La ferme familiale est situ\u00e9e \u00e0 Ancelle,<\/strong><br \/>\npetit village montagnard aux portes du Parc National des Ecrins.<br \/>\nAu c\u0153ur des Hautes Alpes, d\u00e9partement le plus ensoleill\u00e9 de France, nos moutons \u00e9voluent entre les prairies de la plaine d\u2019Ancelle (1400 m\u00e8tres) \u00a0et les alpages (2400 m\u00e8tres d\u2019altitude). L&rsquo;hiver les animaux sont essentiellement nourris avec les r\u00e9coltes de l&rsquo;exploitation.<\/p>\n<p>Depuis 20 ans, en partenariat avec l&rsquo;ONF une partie du troupeau transhume l\u2019hiver dans le d\u00e9partement du Var pour prot\u00e9ger des risques d\u2019incendies ( massif de la sainte beaume).<\/p>\n<p>Ainsi, <strong>la ferme des Sonnailles<\/strong> vous offre une gamme de produit diversifi\u00e9s de qualit\u00e9, issus exclusivement \u00a0de sa production :<br \/>\n&#8211; \u00a0Viande d\u2019Agneau<br \/>\n&#8211; \u00a0Saucisses et meguez d&rsquo;agneau<br \/>\n&#8211; \u00a0Saucisson de brebis<br \/>\n&#8211; \u00a0Terrines \u00e0 l&rsquo;agneau<br \/>\nDepuis 2 g\u00e9n\u00e9rations, La Ferme familiale des Sonnailles vous propose directement ses produits issus de l\u2019\u00e9levage sans aucun interm\u00e9diaire.<\/p>\n<p>Contacts :<\/p>\n<p>Tel: 06 07 96 74 53 \/ 06 84 01 34 59<\/p>\n<p>E-mail : lafermedessonnailles@gmail.com<\/p>\n<p><a href=\"https:\/\/www.lafermedessonnailles.fr\/\" target=\"_blank\" rel=\"noopener\">https:\/\/www.lafermedessonnailles.fr\/<\/a><\/p>\n<p>&nbsp;<\/p>","protected":false},"excerpt":{"rendered":"<p>La ferme familiale est situ\u00e9e \u00e0 Ancelle, petit village montagnard aux portes du Parc National des Ecrins. Au c\u0153ur des Hautes Alpes, d\u00e9partement le plus ensoleill\u00e9 de France, nos moutons \u00e9voluent entre les prairies de la plaine d\u2019Ancelle (1400 m\u00e8tres) \u00a0et les alpages (2400 m\u00e8tres d\u2019altitude). L&rsquo;hiver les animaux sont essentiellement nourris avec les r\u00e9coltes [&hellip;]<\/p>","protected":false},"featured_media":0,"template":"","meta":[],"product_cat":[21],"product_tag":[],"_links":{"self":[{"href":"https:\/\/www.grintoura.fr\/en\/wp-json\/wp\/v2\/product\/12697"}],"collection":[{"href":"https:\/\/www.grintoura.fr\/en\/wp-json\/wp\/v2\/product"}],"about":[{"href":"https:\/\/www.grintoura.fr\/en\/wp-json\/wp\/v2\/types\/product"}],"wp:attachment":[{"href":"https:\/\/www.grintoura.fr\/en\/wp-json\/wp\/v2\/media?parent=12697"}],"wp:term":[{"taxonomy":"product_cat","embeddable":true,"href":"https:\/\/www.grintoura.fr\/en\/wp-json\/wp\/v2\/product_cat?post=12697"},{"taxonomy":"product_tag","embeddable":true,"href":"https:\/\/www.grintoura.fr\/en\/wp-json\/wp\/v2\/product_tag?post=12697"}],"curies":[{"name":"wp","href":"https:\/\/api.w.org\/{rel}","templated":true}]}}