	
	
	
	
{"id":12677,"date":"2025-01-09T13:50:36","date_gmt":"2025-01-09T12:50:36","guid":{"rendered":"https:\/\/www.grintoura.fr\/product\/caverna-speleologie-au-coeur-du-quercy\/"},"modified":"2025-01-09T13:50:36","modified_gmt":"2025-01-09T12:50:36","slug":"caverna-speleologie-au-coeur-du-quercy","status":"publish","type":"product","link":"https:\/\/www.grintoura.fr\/en\/product\/caverna-speleologie-au-coeur-du-quercy\/","title":{"rendered":"CAVERNA Sp\u00e9l\u00e9ologie au c\u0153ur du Quercy"},"content":{"rendered":"<p>Bienvenu.e.s sur le site de Caverna. Je m&rsquo;appelle Yoann et je suis moniteur dipl\u00f4m\u00e9 d&rsquo;\u00e9tat en sp\u00e9l\u00e9ologie mais avant tout passionn\u00e9 du milieu souterrain. Ce que j&rsquo;aime sous terre c&rsquo;est retrouver un cocon r\u00e9confortant tel que celui que je me construisait, enfant, en montant des cabanes. J&rsquo;aime partager cette passion avec ceux qui m&rsquo;entourent et mon but sera de vous faire ressentir de nouvelles \u00e9motions sous terre.<\/p>\n<p>La caverne c&rsquo;est la grotte au sein de laquelle on trouve une symbolique anthropique, c&rsquo;est la grotte qui vit et qui accueille le vivant, c&rsquo;est la grotte o\u00f9 explorer, vivre, raconter et partager. Voil\u00e0 pourquoi ce nom. J&rsquo;esp\u00e8re donc partager avec vous un moment convivial, sportif (si vous le souhaitez) et p\u00e9dagogique.<\/p>","protected":false},"excerpt":{"rendered":"<p>Bienvenu.e.s sur le site de Caverna. Je m&rsquo;appelle Yoann et je suis moniteur dipl\u00f4m\u00e9 d&rsquo;\u00e9tat en sp\u00e9l\u00e9ologie mais avant tout passionn\u00e9 du milieu souterrain. Ce que j&rsquo;aime sous terre c&rsquo;est retrouver un cocon r\u00e9confortant tel que celui que je me construisait, enfant, en montant des cabanes. J&rsquo;aime partager cette passion avec ceux qui m&rsquo;entourent et [&hellip;]<\/p>","protected":false},"featured_media":0,"template":"","meta":[],"product_cat":[21],"product_tag":[],"_links":{"self":[{"href":"https:\/\/www.grintoura.fr\/en\/wp-json\/wp\/v2\/product\/12677"}],"collection":[{"href":"https:\/\/www.grintoura.fr\/en\/wp-json\/wp\/v2\/product"}],"about":[{"href":"https:\/\/www.grintoura.fr\/en\/wp-json\/wp\/v2\/types\/product"}],"wp:attachment":[{"href":"https:\/\/www.grintoura.fr\/en\/wp-json\/wp\/v2\/media?parent=12677"}],"wp:term":[{"taxonomy":"product_cat","embeddable":true,"href":"https:\/\/www.grintoura.fr\/en\/wp-json\/wp\/v2\/product_cat?post=12677"},{"taxonomy":"product_tag","embeddable":true,"href":"https:\/\/www.grintoura.fr\/en\/wp-json\/wp\/v2\/product_tag?post=12677"}],"curies":[{"name":"wp","href":"https:\/\/api.w.org\/{rel}","templated":true}]}}